{"id":4906,"date":"2019-11-21T22:03:42","date_gmt":"2019-11-21T16:33:42","guid":{"rendered":"https:\/\/www.ayurmana.in\/problemas-de-cuello-y-espalda\/"},"modified":"2023-10-18T15:06:51","modified_gmt":"2023-10-18T09:36:51","slug":"problemas-de-cuello-y-espalda","status":"publish","type":"page","link":"https:\/\/ayurmana.in\/es\/problemas-de-cuello-y-espalda\/","title":{"rendered":"Problemas de cuello y espalda"},"content":{"rendered":"[vc_row css=&#8221;.vc_custom_1577696818480{padding-bottom: 6px !important;}&#8221;][vc_column width=&#8221;2\/3&#8243;][vc_column_text]\n<h1>Tratamiento ayurv\u00e9dico eficaz para el dolor de espalda en Kerala<\/h1>\n[\/vc_column_text][vc_single_image image=&#8221;125&#8243; img_size=&#8221;large&#8221;][vc_column_text]\n<h3>Curaci\u00f3n duradera de la lumbalgia y los problemas de columna vertebral<\/h3>\n<h3>Ci\u00e1tica, espondilitis, espondilolistesis, estenosis espinal y protrusi\u00f3n discal<\/h3>\n[\/vc_column_text][\/vc_column][vc_column width=&#8221;1\/3&#8243; offset=&#8221;vc_hidden-xs&#8221;][vc_empty_space height=&#8221;65px&#8221;][vc_column_text]\n<h4>TESTIMONIOS<\/h4>\n<p><em>Soy inform\u00e1tico y sufr\u00eda dolores de cuello y espalda. En Ayurmana en unas 4 semanas desaparecieron todos mis s\u00edntomas. Nunca esper\u00e9 una mejora tan notable en tan poco tiempo<\/em>[\/vc_column_text][vc_column_text]\n<p style=\"text-align: right;\"><strong>Anand Kumar, India<\/strong><\/p>\n[\/vc_column_text][\/vc_column][\/vc_row][vc_row css=&#8221;.vc_custom_1577697042674{padding-top: 6px !important;padding-bottom: 6px !important;}&#8221;][vc_column width=&#8221;2\/3&#8243;][vc_column_text]\n<\/p>\n<p>Back pain affects most of us one time or the other in our lives, and at least 30% among us are suffering at any given time. The pain is often recurrent and subsequent episodes tend to increase in severity. It is common in individuals who lead sedentary lives as well as in those who engage in excessive physical exertion. It can affect at any age but is most prevalent in people over 30 years.<\/p>\n<p><!-- \/wp:post-content -->Ayurmana offers the best Kerala Ayurvedic treatment for back pain in Kerala, India. The treatment program will vary from case to case depending upon the etiology, how long you have had the symptoms and how severe it is. Most cases of back pain with a history of less than 1 year can often be treated in just 3 weeks. Chronic cases may require up to 6 weeks course.<\/p>\n<p>The course may include decompressing procedures like warm fomentations and hot oil compresses, specialised massage therapies to relieve inflammation and to strengthen the muscles, physician advised chiropractic stretches to release spasms and facilitate corrections and specific yoga practises to improve balance and movement and to prevent recurrence.<\/p>\n<p><!-- \/wp:paragraph --><\/p>\n<p><!-- wp:separator {\"className\":\"is-style-wide\"} -->[\/vc_column_text][\/vc_column][vc_column width=&#8221;1\/3&#8243; offset=&#8221;vc_hidden-xs&#8221;][vc_column_text el_class=&#8221;rr-menu&#8221;]\n<h4>Enlaces r\u00e1pidos<\/h4>\n<ul>\n<li><a href=\"https:\/\/ayurmana.in\/es\/habitaciones-y-suites\/\">Habitaciones y suites<\/a><br \/>\n<hr>\n<\/li>\n<li><a href=\"https:\/\/ayurmana.in\/es\/ayurveda-paquetes-kerala\/\">Nuestros paquetes<\/a><br \/>\n<hr>\n<\/li>\n<li><a href=\"https:\/\/ayurmana.in\/es\/reserva-de-habitaciones\/\">Reserva de habitaciones<\/a><br \/>\n<hr>\n<\/li>\n<li><a href=\"https:\/\/ayurmana.in\/es\/preguntas-frecuentes\/\">PREGUNTAS FRECUENTES<\/a><\/li>\n<\/ul>\n[\/vc_column_text][\/vc_column][\/vc_row][vc_row css=&#8221;.vc_custom_1577041453934{padding-top: 6px !important;}&#8221;][vc_column width=&#8221;1\/2&#8243;][vc_message message_box_color=&#8221;mulled_wine&#8221;]\n<p><strong>Causas comunes<\/strong><\/p>\n[\/vc_message][vc_column_text]\n<ul>\n<li>Espondilitis \/espondilosis<\/li>\n<li>Hernias y\/o protuberancias discales<\/li>\n<li>Enfermedad discal degenerativa<\/li>\n<li>Ci\u00e1tica<\/li>\n<li>Estenosis espinal<\/li>\n<li>S\u00edndromes facetarios<\/li>\n<li>Espondilolistesis<\/li>\n<li>Lesiones y accidentes<\/li>\n<li>Espasmos musculares<\/li>\n<\/ul>\n[\/vc_column_text][\/vc_column][vc_column width=&#8221;1\/2&#8243;][vc_message message_box_color=&#8221;mulled_wine&#8221;]\n<p><strong>\u00bfQu\u00e9 puede esperar de nuestro programa?<\/strong><\/p>\n[\/vc_message][vc_column_text]\n<ul>\n<li>Elimina el dolor y la rigidez<\/li>\n<li>Recuperar la movilidad y la flexibilidad<\/li>\n<li>Fortalecer los m\u00fasculos de la espalda<\/li>\n<li>Reparar los da\u00f1os articulares y la p\u00e9rdida \u00f3sea<\/li>\n<li>Invertir la causa de la enfermedad<\/li>\n<li>Vuelta a la vida activa<\/li>\n<\/ul>\n[\/vc_column_text][\/vc_column][\/vc_row][vc_row][vc_column width=&#8221;2\/3&#8243;][\/vc_column][vc_column width=&#8221;1\/3&#8243; offset=&#8221;vc_hidden-lg vc_hidden-md vc_hidden-sm&#8221;][vc_empty_space height=&#8221;55px&#8221;][vc_column_text]\n<h4>TESTIMONIOS<\/h4>\n<p><em>Soy inform\u00e1tico y sufr\u00eda dolores de cuello y espalda. En Ayurmana en unas 4 semanas desaparecieron todos mis s\u00edntomas. Nunca esper\u00e9 una mejora tan notable en tan poco tiempo<\/em>[\/vc_column_text][vc_column_text]\n<p style=\"text-align: right;\"><strong>Anand Kumar, India<\/strong><\/p>\n[\/vc_column_text][vc_column_text el_class=&#8221;rr-menu&#8221;]\n<h4>Enlaces r\u00e1pidos<\/h4>\n<ul>\n<li><a href=\"https:\/\/ayurmana.in\/es\/habitaciones-y-suites\/\">Habitaciones y suites<\/a><br \/>\n<hr>\n<\/li>\n<li><a href=\"https:\/\/ayurmana.in\/es\/ayurveda-paquetes-kerala\/\">Nuestros paquetes<\/a><br \/>\n<hr>\n<\/li>\n<li><a href=\"https:\/\/ayurmana.in\/es\/reserva-de-habitaciones\/\">Reserva de habitaciones<\/a><br \/>\n<hr>\n<\/li>\n<li><a href=\"https:\/\/ayurmana.in\/es\/preguntas-frecuentes\/\">PREGUNTAS FRECUENTES<\/a><\/li>\n<\/ul>\n[\/vc_column_text][\/vc_column][\/vc_row]\n","protected":false},"excerpt":{"rendered":"<p>[vc_row css=&#8221;.vc_custom_1577696818480{padding-bottom: 6px !important;}&#8221;][vc_column width=&#8221;2\/3&#8243;][vc_column_text] Tratamiento ayurv\u00e9dico eficaz para el [&hellip;]<\/p>\n","protected":false},"author":1,"featured_media":0,"parent":0,"menu_order":0,"comment_status":"closed","ping_status":"closed","template":"","meta":{"_monsterinsights_skip_tracking":false,"_monsterinsights_sitenote_active":false,"_monsterinsights_sitenote_note":"","_monsterinsights_sitenote_category":0,"_joinchat":[],"footnotes":""},"class_list":["post-4906","page","type-page","status-publish","hentry"],"_links":{"self":[{"href":"https:\/\/ayurmana.in\/es\/wp-json\/wp\/v2\/pages\/4906","targetHints":{"allow":["GET"]}}],"collection":[{"href":"https:\/\/ayurmana.in\/es\/wp-json\/wp\/v2\/pages"}],"about":[{"href":"https:\/\/ayurmana.in\/es\/wp-json\/wp\/v2\/types\/page"}],"author":[{"embeddable":true,"href":"https:\/\/ayurmana.in\/es\/wp-json\/wp\/v2\/users\/1"}],"replies":[{"embeddable":true,"href":"https:\/\/ayurmana.in\/es\/wp-json\/wp\/v2\/comments?post=4906"}],"version-history":[{"count":0,"href":"https:\/\/ayurmana.in\/es\/wp-json\/wp\/v2\/pages\/4906\/revisions"}],"wp:attachment":[{"href":"https:\/\/ayurmana.in\/es\/wp-json\/wp\/v2\/media?parent=4906"}],"curies":[{"name":"wp","href":"https:\/\/api.w.org\/{rel}","templated":true}]}}