{"id":4909,"date":"2019-11-22T15:49:35","date_gmt":"2019-11-22T10:19:35","guid":{"rendered":"https:\/\/www.ayurmana.in\/cuidado-de-la-piel\/"},"modified":"2023-10-18T14:32:55","modified_gmt":"2023-10-18T09:02:55","slug":"cuidado-de-la-piel","status":"publish","type":"page","link":"https:\/\/ayurmana.in\/es\/cuidado-de-la-piel\/","title":{"rendered":"Cuidado de la piel"},"content":{"rendered":"[vc_row css=&#8221;.vc_custom_1577703168992{padding-bottom: 6px !important;}&#8221;][vc_column width=&#8221;2\/3&#8243;][vc_column_text]\n<h1>Tratamiento ayurv\u00e9dico de la psoriasis y el eczema en Kerala<\/h1>\n[\/vc_column_text][vc_single_image image=&#8221;200&#8243; img_size=&#8221;large&#8221;][vc_column_text]\n<h3>Ilumina tu belleza con una piel radiante y gloriosa<\/h3>\n[\/vc_column_text][\/vc_column][vc_column width=&#8221;1\/3&#8243; offset=&#8221;vc_hidden-xs&#8221;][vc_empty_space height=&#8221;95px&#8221;][vc_column_text]\n<h4>TESTIMONIOS<\/h4>\n<p><em>Las manchas blancas en el pecho, la cara y los brazos me ten\u00edan deprimido m\u00e1s all\u00e1 de la comprensi\u00f3n de nadie. Prob\u00e9 todos los tratamientos a mi alcance. Pero no se produjo ninguna mejora notable. Tom\u00e9 el tratamiento en ayurmana por recomendaci\u00f3n de una amiga y para mi sorpresa las manchas han empezado a ganar pigmentaci\u00f3n ahora. Estoy realmente asombrado por este sistema natural de medicina de la India.<\/em><\/p>\n[\/vc_column_text][vc_column_text]\n<p style=\"text-align: right;\"><strong>Adalberta Pinto, Italia<\/strong><\/p>\n[\/vc_column_text][\/vc_column][\/vc_row][vc_row css=&#8221;.vc_custom_1577703189000{padding-top: 6px !important;padding-bottom: 6px !important;}&#8221;][vc_column width=&#8221;2\/3&#8243;][vc_column_text]Ayurmana ofrece programas especializados de tratamiento de todo el cuerpo que limpian y nutren desde el interior para revelar una piel sana, tonificada y flexible, fresca y radiante. El programa puede incluir reg\u00edmenes de desintoxicaci\u00f3n, suplementos naturales profundamente nutritivos y curativos, exfoliantes, terapias hidratantes con aceites esenciales, extractos de frutas y recetas a base de hierbas naturales, adem\u00e1s de yoga y meditaci\u00f3n. Esta cura ayurv\u00e9dica completa es eficaz para una amplia gama de enfermedades de la piel. AyurMana es el mejor centro de tratamiento ayurv\u00e9dico para la psoriasis, eczema y dermatitis variada en Trivandrum Kerala India.[\/vc_column_text][\/vc_column][vc_column width=&#8221;1\/3&#8243; offset=&#8221;vc_hidden-xs&#8221;][vc_column_text el_class=&#8221;rr-menu&#8221;]\n<h4>Enlaces r\u00e1pidos<\/h4>\n<ul>\n<li><a href=\"https:\/\/ayurmana.in\/es\/habitaciones-y-suites\/\">Habitaciones y suites<\/a><br \/>\n<hr \/>\n<\/li>\n<li><a href=\"https:\/\/ayurmana.in\/es\/ayurveda-paquetes-kerala\/\">Nuestros paquetes<\/a><br \/>\n<hr \/>\n<\/li>\n<li><a href=\"https:\/\/ayurmana.in\/es\/reserva-de-habitaciones\/\">Reserva de habitaciones<\/a><br \/>\n<hr \/>\n<\/li>\n<li><a href=\"https:\/\/ayurmana.in\/es\/preguntas-frecuentes\/\">PREGUNTAS FRECUENTES<\/a><\/li>\n<\/ul>\n[\/vc_column_text][\/vc_column][\/vc_row][vc_row][vc_column width=&#8221;1\/2&#8243;][vc_message message_box_color=&#8221;mulled_wine&#8221;]\n<p><strong>Quejas comunes<\/strong><\/p>\n[\/vc_message][vc_column_text]\n<ul>\n<li>Acn\u00e9<\/li>\n<li>Piel apagada y sin vida<\/li>\n<li>Eczema<\/li>\n<li>Pecas y pigmentaci\u00f3n oscura<\/li>\n<li>Piel seca y agrietada<\/li>\n<li>Dermatitis<\/li>\n<li>Tez irregular<\/li>\n<li>Alergias cut\u00e1neas cr\u00f3nicas<\/li>\n<li>Engrosamiento de la piel<\/li>\n<\/ul>\n[\/vc_column_text][\/vc_column][vc_column width=&#8221;1\/2&#8243;][vc_message message_box_color=&#8221;mulled_wine&#8221;]\n<p><strong>\u00bfQu\u00e9 puede esperar de nuestro programa?<\/strong><\/p>\n[\/vc_message][vc_column_text]\n<ul>\n<li>Piel flexible y radiante<\/li>\n<li>Tez uniforme y sana<\/li>\n<li>Cura los trastornos cut\u00e1neos<\/li>\n<li>Equilibra los niveles de pH e hidrataci\u00f3n de la piel<\/li>\n<li>Exfolia para revelar una piel fresca<\/li>\n<li>Sensaci\u00f3n general de ligereza y juventud<\/li>\n<\/ul>\n[\/vc_column_text][\/vc_column][\/vc_row][vc_row][vc_column width=&#8221;2\/3&#8243;][\/vc_column][vc_column width=&#8221;1\/3&#8243; offset=&#8221;vc_hidden-lg vc_hidden-md vc_hidden-sm&#8221;][vc_empty_space height=&#8221;55px&#8221;][vc_column_text]\n<h4>TESTIMONIOS<\/h4>\n<p><em>Las manchas blancas en el pecho, la cara y los brazos me ten\u00edan deprimido m\u00e1s all\u00e1 de la comprensi\u00f3n de nadie. Prob\u00e9 todos los tratamientos a mi alcance. Pero no se produjo ninguna mejora notable. Tom\u00e9 el tratamiento en ayurmana por recomendaci\u00f3n de una amiga y para mi sorpresa las manchas han empezado a ganar pigmentaci\u00f3n ahora. Estoy realmente asombrado por este sistema natural de medicina de la India.<\/em><\/p>\n[\/vc_column_text][vc_column_text]\n<p style=\"text-align: right;\"><strong>Adalberta Pinto, Italia<\/strong><\/p>\n[\/vc_column_text][vc_column_text el_class=&#8221;rr-menu&#8221;]\n<h4>Enlaces r\u00e1pidos<\/h4>\n<ul>\n<li><a href=\"https:\/\/ayurmana.in\/es\/habitaciones-y-suites\/\">Habitaciones y suites<\/a><br \/>\n<hr \/>\n<\/li>\n<li><a href=\"https:\/\/ayurmana.in\/es\/ayurveda-paquetes-kerala\/\">Nuestros paquetes<\/a><br \/>\n<hr \/>\n<\/li>\n<li><a href=\"https:\/\/ayurmana.in\/es\/reserva-de-habitaciones\/\">Reserva de habitaciones<\/a><br \/>\n<hr \/>\n<\/li>\n<li><a href=\"https:\/\/ayurmana.in\/es\/preguntas-frecuentes\/\">PREGUNTAS FRECUENTES<\/a><\/li>\n<\/ul>\n[\/vc_column_text][\/vc_column][\/vc_row]\n","protected":false},"excerpt":{"rendered":"<p>[vc_row css=&#8221;.vc_custom_1577703168992{padding-bottom: 6px !important;}&#8221;][vc_column width=&#8221;2\/3&#8243;][vc_column_text] Tratamiento ayurv\u00e9dico de la psoriasis [&hellip;]<\/p>\n","protected":false},"author":1,"featured_media":0,"parent":0,"menu_order":0,"comment_status":"closed","ping_status":"closed","template":"","meta":{"_monsterinsights_skip_tracking":false,"_monsterinsights_sitenote_active":false,"_monsterinsights_sitenote_note":"","_monsterinsights_sitenote_category":0,"_joinchat":[],"footnotes":""},"class_list":["post-4909","page","type-page","status-publish","hentry"],"_links":{"self":[{"href":"https:\/\/ayurmana.in\/es\/wp-json\/wp\/v2\/pages\/4909","targetHints":{"allow":["GET"]}}],"collection":[{"href":"https:\/\/ayurmana.in\/es\/wp-json\/wp\/v2\/pages"}],"about":[{"href":"https:\/\/ayurmana.in\/es\/wp-json\/wp\/v2\/types\/page"}],"author":[{"embeddable":true,"href":"https:\/\/ayurmana.in\/es\/wp-json\/wp\/v2\/users\/1"}],"replies":[{"embeddable":true,"href":"https:\/\/ayurmana.in\/es\/wp-json\/wp\/v2\/comments?post=4909"}],"version-history":[{"count":0,"href":"https:\/\/ayurmana.in\/es\/wp-json\/wp\/v2\/pages\/4909\/revisions"}],"wp:attachment":[{"href":"https:\/\/ayurmana.in\/es\/wp-json\/wp\/v2\/media?parent=4909"}],"curies":[{"name":"wp","href":"https:\/\/api.w.org\/{rel}","templated":true}]}}