{"id":4910,"date":"2019-11-23T11:31:44","date_gmt":"2019-11-23T06:01:44","guid":{"rendered":"https:\/\/www.ayurmana.in\/ambily\/"},"modified":"2023-10-18T15:12:19","modified_gmt":"2023-10-18T09:42:19","slug":"ambily","status":"publish","type":"page","link":"https:\/\/ayurmana.in\/es\/ambily\/","title":{"rendered":"Ambily"},"content":{"rendered":"[vc_row css=&#8221;.vc_custom_1577793475730{padding-bottom: 10px !important;}&#8221;][vc_column width=&#8221;1\/3&#8243;][vc_column_text]\n<h2>Ambily Jayaprakash<\/h2>\n[\/vc_column_text][vc_single_image image=&#8221;2285&#8243; img_size=&#8221;medium&#8221; style=&#8221;img-frame-large&#8221;][\/vc_column][vc_column width=&#8221;2\/3&#8243;][vc_empty_space height=&#8221;25px&#8221;][vc_column_text]\n<h1>Mejor Profesor de Yoga Ayurveda en Kerala India<\/h1>\n<p>Ambily Jayaprakash es un consultor de yoga y sanador energ\u00e9tico reconocido internacionalmente. Forma y gu\u00eda a nuestro equipo de instructores de yoga en la India y en el extranjero.<br \/>\nAmbily ha aparecido en varias revistas internacionales y ha realizado varios programas de televisi\u00f3n en la India y Oriente Medio. Est\u00e1 considerada como una de las mejores profesoras de yoga ayurv\u00e9dico y asesora de yoga en Kerala, India.<br \/>\nDirige peri\u00f3dicamente cursos certificados de formaci\u00f3n de profesores de yoga. Su trabajo actual consiste en la investigaci\u00f3n, el desarrollo y la documentaci\u00f3n del yoga en las siguientes disciplinas.<\/p>\n<ul>\n<li>\n<h4>Ayurveda Yoga<\/h4>\n<\/li>\n<li>\n<h4>Yoga terap\u00e9utico<\/h4>\n<\/li>\n<li>\n<h4>Yoga para embarazadas<\/h4>\n<\/li>\n<li>\n<h4>Yoga infantil<\/h4>\n<\/li>\n<li>\n<h4>Pilates yoga<\/h4>\n<\/li>\n<li>\n<h4>Meditaci\u00f3n curativa<\/h4>\n<\/li>\n<li>\n<h4>Sanaci\u00f3n de los chakras<\/h4>\n<\/li>\n<li>\n<h4>Cantos curativos<\/h4>\n<\/li>\n<li>\n<h4>Mudras curativos<\/h4>\n<\/li>\n<li>\n<h4>M\u00fasica curativa<\/h4>\n<\/li>\n<\/ul>\n[\/vc_column_text][\/vc_column][\/vc_row]\n","protected":false},"excerpt":{"rendered":"<p>[vc_row css=&#8221;.vc_custom_1577793475730{padding-bottom: 10px !important;}&#8221;][vc_column width=&#8221;1\/3&#8243;][vc_column_text] Ambily Jayaprakash [\/vc_column_text][vc_single_image image=&#8221;2285&#8243; img_size=&#8221;medium&#8221; [&hellip;]<\/p>\n","protected":false},"author":1,"featured_media":0,"parent":0,"menu_order":0,"comment_status":"closed","ping_status":"closed","template":"","meta":{"_monsterinsights_skip_tracking":false,"_monsterinsights_sitenote_active":false,"_monsterinsights_sitenote_note":"","_monsterinsights_sitenote_category":0,"_joinchat":[],"footnotes":""},"class_list":["post-4910","page","type-page","status-publish","hentry"],"_links":{"self":[{"href":"https:\/\/ayurmana.in\/es\/wp-json\/wp\/v2\/pages\/4910","targetHints":{"allow":["GET"]}}],"collection":[{"href":"https:\/\/ayurmana.in\/es\/wp-json\/wp\/v2\/pages"}],"about":[{"href":"https:\/\/ayurmana.in\/es\/wp-json\/wp\/v2\/types\/page"}],"author":[{"embeddable":true,"href":"https:\/\/ayurmana.in\/es\/wp-json\/wp\/v2\/users\/1"}],"replies":[{"embeddable":true,"href":"https:\/\/ayurmana.in\/es\/wp-json\/wp\/v2\/comments?post=4910"}],"version-history":[{"count":0,"href":"https:\/\/ayurmana.in\/es\/wp-json\/wp\/v2\/pages\/4910\/revisions"}],"wp:attachment":[{"href":"https:\/\/ayurmana.in\/es\/wp-json\/wp\/v2\/media?parent=4910"}],"curies":[{"name":"wp","href":"https:\/\/api.w.org\/{rel}","templated":true}]}}