{"id":4530,"date":"2019-11-21T16:03:22","date_gmt":"2019-11-21T10:33:22","guid":{"rendered":"https:\/\/www.ayurmana.in\/installations-pour-les-invites\/"},"modified":"2023-10-18T15:15:23","modified_gmt":"2023-10-18T09:45:23","slug":"installations-pour-les-invites","status":"publish","type":"page","link":"https:\/\/ayurmana.in\/fr\/installations-pour-les-invites\/","title":{"rendered":"Installations pour les invit\u00e9s"},"content":{"rendered":"&#13;\n<h2 class=\"wp-block-heading\">Facilit\u00e9s pour les h\u00f4tes<\/h2>&#13;\n&#13;\n<p>Ayurmana a tout mis en \u0153uvre pour que votre s\u00e9jour \u00e0 Dharmagiri se d\u00e9roule dans une ambiance familiale. L&#8217;ambiance informelle et d\u00e9tendue de la retraite est intentionnelle et essentielle \u00e0 notre concept de gu\u00e9rison.<\/p>&#13;\n&#13;\n<p><strong>AYURMANA<\/strong><\/p>&#13;\n&#13;\n<p>Le Dharma Ayurveda Center for Advanced healing dispose d&#8217;un bloc de traitement complet &#8211; AYURMANA, avec des installations permettant d&#8217;offrir tous les traitements ayurv\u00e9diques authentiques dans la pratique. Les patients peuvent b\u00e9n\u00e9ficier d&#8217;une consultation personnalis\u00e9e avec les m\u00e9decins et discuter de l&#8217;\u00e9volution du traitement dans la chambre des m\u00e9decins du centre. La pharmacie du bloc sert de laboratoire o\u00f9 les formules ayurv\u00e9diques choisies sont pr\u00e9par\u00e9es et trait\u00e9es par les th\u00e9rapeutes.<\/p>&#13;\n&#13;\n<p><strong>LE BOIS SACR\u00c9<\/strong><\/p>&#13;\n&#13;\n<p>Une petite marche jusqu&#8217;au sommet de Dharmagiri vous m\u00e8ne au bosquet sacr\u00e9 o\u00f9 vous pouvez m\u00e9diter sous les douces ombres des arbres, vous adonner aux asanas du yoga ou simplement vous d\u00e9tendre au son apaisant de la brise l\u00e9g\u00e8re et de la vue panoramique sur les hauts plateaux.<\/p>&#13;\n&#13;\n<p><strong>PISTE DE MARCHE<\/strong><\/p>&#13;\n&#13;\n<p>Les marches du matin et du soir se transforment en m\u00e9ditation \u00e0 Dharmagiri. Le soleil apaisant, le gazouillis des oiseaux, la brise l\u00e9g\u00e8re et les nuances changeantes de l&#8217;horizon feront de votre promenade une activit\u00e9 que vous attendez chaque jour avec impatience.<\/p>&#13;\n&#13;\n<p><strong>JARDIN HERBAL<\/strong><\/p>&#13;\n&#13;\n<p>Notre jardin d&#8217;herbes accueille une vari\u00e9t\u00e9 d&#8217;herbes, d&#8217;arbustes et d&#8217;arbres utilis\u00e9s pour la gu\u00e9rison dans l&#8217;Ayurveda, cultiv\u00e9s avec amour dans un souci d&#8217;\u00e9ducation et de sensibilisation.<\/p>&#13;\n&#13;\n<p><strong>CUISINE AYURV\u00c9DIQUE<\/strong><\/p>&#13;\n&#13;\n<p>L&#8217;alimentation joue un r\u00f4le important dans la gu\u00e9rison en Ayurveda. Nos gu\u00e9risseurs croient que la nourriture que vous mangez devrait apporter une exub\u00e9rance fra\u00eeche \u00e0 votre corps. C&#8217;est pourquoi nous mettons tout en \u0153uvre pour que la nourriture que nous servons soit aussi l\u00e9g\u00e8re et savoureuse qu&#8217;elle est saine et \u00e9nergisante.<\/p>&#13;\n&#13;\n<p><strong>CUISINE BUDHHA<\/strong><\/p>&#13;\n&#13;\n<p>Notre cuisine Buddha sert des rafra\u00eechissements tels que des th\u00e9s, des en-cas, etc. tout au long de la journ\u00e9e, tandis que les h\u00f4tes profitent de la vue sereine sur les hauts plateaux verdoyants.<\/p>&#13;\n&#13;\n<p><strong>INTERNET et TV SATELLITE<\/strong><\/p>&#13;\n&#13;\n<p>Nous croyons fermement que votre s\u00e9jour \u00e0 Dharmagiri sera le plus b\u00e9n\u00e9fique possible si vous r\u00e9duisez au minimum les facteurs de stress li\u00e9s \u00e0 votre vie professionnelle et sociale. Mais si c&#8217;est tr\u00e8s important, nous pouvons vous aider \u00e0 vous procurer une carte SIM 3G \u00e0 utiliser avec une tablette ou un dongle internet. La t\u00e9l\u00e9vision par satellite est disponible dans les chambres de cat\u00e9gorie sup\u00e9rieure et offre un large \u00e9ventail de cha\u00eenes nationales et internationales.<\/p>&#13;\n&#13;\n<p><strong>BUREAU DES VOYAGES<\/strong><\/p>&#13;\n&#13;\n<p>Nous pouvons organiser pour vous des visites de la ville ou des attractions proches, vous aider \u00e0 acheter des billets et autres services de r\u00e9servation et obtenir pour vous toute information relative au voyage. Nous veillons \u00e9galement \u00e0 ce que la prise en charge et la d\u00e9pose \u00e0 l&#8217;a\u00e9roport soient organis\u00e9es de mani\u00e8re m\u00e9ticuleuse.<\/p>&#13;\n","protected":false},"excerpt":{"rendered":"<p>&#13; Facilit\u00e9s pour les h\u00f4tes &#13; &#13; Ayurmana a tout [&hellip;]<\/p>\n","protected":false},"author":1,"featured_media":0,"parent":0,"menu_order":0,"comment_status":"closed","ping_status":"closed","template":"","meta":{"_monsterinsights_skip_tracking":false,"_monsterinsights_sitenote_active":false,"_monsterinsights_sitenote_note":"","_monsterinsights_sitenote_category":0,"_joinchat":[],"footnotes":""},"class_list":["post-4530","page","type-page","status-publish","hentry"],"_links":{"self":[{"href":"https:\/\/ayurmana.in\/fr\/wp-json\/wp\/v2\/pages\/4530","targetHints":{"allow":["GET"]}}],"collection":[{"href":"https:\/\/ayurmana.in\/fr\/wp-json\/wp\/v2\/pages"}],"about":[{"href":"https:\/\/ayurmana.in\/fr\/wp-json\/wp\/v2\/types\/page"}],"author":[{"embeddable":true,"href":"https:\/\/ayurmana.in\/fr\/wp-json\/wp\/v2\/users\/1"}],"replies":[{"embeddable":true,"href":"https:\/\/ayurmana.in\/fr\/wp-json\/wp\/v2\/comments?post=4530"}],"version-history":[{"count":0,"href":"https:\/\/ayurmana.in\/fr\/wp-json\/wp\/v2\/pages\/4530\/revisions"}],"wp:attachment":[{"href":"https:\/\/ayurmana.in\/fr\/wp-json\/wp\/v2\/media?parent=4530"}],"curies":[{"name":"wp","href":"https:\/\/api.w.org\/{rel}","templated":true}]}}