{"id":4537,"date":"2019-11-21T16:31:09","date_gmt":"2019-11-21T11:01:09","guid":{"rendered":"https:\/\/www.ayurmana.in\/notre-equipe\/"},"modified":"2023-10-18T14:48:42","modified_gmt":"2023-10-18T09:18:42","slug":"notre-equipe","status":"publish","type":"page","link":"https:\/\/ayurmana.in\/fr\/notre-equipe\/","title":{"rendered":"Notre \u00e9quipe"},"content":{"rendered":"[vc_row content_placement=&#8221;top&#8221;][vc_column][vc_column_text]\r\n\r\n<h2 class=\"wp-block-heading\">L&#8217;h\u00e9ritage d&#8217;une v\u00e9ritable d\u00e9votion \u00e0 la gu\u00e9rison<\/h2>\r\n<p>&nbsp;<\/p>\r\n\r\n\r\n\r\n<p>Since generations Dharma family has been passionately committed to offer the best possible treatment to make a difference in the lives of their patients. Each member of our skilled and talented team from doctors to therapists share the same passionate approach and have the heart and expertise to work together in providing you with the highest level of care.<\/p>\r\n<p>&nbsp;<\/p>\r\n\r\n\r\n\r\n<p>Our team of professionals of impressive acclaim were hand picked and trained by late Dr. Bahuleyan \u2013 one of the most revered authority and the final word in Ayurvedic cures with over 50 years priceless experience in treating patients with varied health conditions.<\/p>\r\n<p>Aujourd&#8217;hui, l&#8217;\u00e9quipe est guid\u00e9e par son fils, m\u00e9decin ayurv\u00e9dique de renomm\u00e9e internationale et actuel chef de la famille dharma, le Dr Jayaprakash.<\/p>\r\n<p>&nbsp;<\/p>\r\n\r\n[\/vc_column_text][\/vc_column][\/vc_row][vc_row][vc_column width=&#8221;1\/5&#8243;][vc_single_image image=&#8221;261&#8243; img_size=&#8221;medium&#8221; add_caption=&#8221;yes&#8221; alignment=&#8221;center&#8221; style=&#8221;vc_box_shadow_border&#8221; onclick=&#8221;custom_link&#8221; css=&#8221;.vc_custom_1588332244658{border-radius: 10px !important;}&#8221; link=&#8221;https:\/\/ayurmana.in\/fr\/dr-bahuleyan\/&#8221;][vc_column_text]\r\n<h4><a href=\"https:\/\/ayurmana.in\/fr\/dr-bahuleyan\/\">Feu Dr. Bahuleyan<\/a><\/h4>\r\n<p>Feu le Dr Bahuleyan, le gu\u00e9risseur ayurv\u00e9dique le plus v\u00e9n\u00e9r\u00e9 de son \u00e9poque, a \u00e9t\u00e9 le guide et le porte-flambeau de l&#8217;approche unique et radicale de la famille dharma, vieille de plusieurs si\u00e8cles, en mati\u00e8re de gu\u00e9rison ayurv\u00e9dique.<\/p>\r\n[\/vc_column_text][vc_separator][\/vc_column][vc_column width=&#8221;1\/5&#8243;][vc_single_image image=&#8221;267&#8243; img_size=&#8221;medium&#8221; add_caption=&#8221;yes&#8221; alignment=&#8221;center&#8221; style=&#8221;vc_box_shadow_border&#8221; onclick=&#8221;custom_link&#8221; css=&#8221;.vc_custom_1588262801778{border-radius: 10px !important;}&#8221; link=&#8221;https:\/\/ayurmana.in\/fr\/dr-jayaprakash\/&#8221;][vc_column_text]\r\n<h4><a href=\"https:\/\/ayurmana.in\/fr\/dr-jayaprakash\/\">Dr. Jayaprakash<\/a><\/h4>\r\n<p>Le Dr Jayaprakash est n\u00e9 dans la famille Dharma, des gu\u00e9risseurs ayurv\u00e9diques traditionnels depuis plus de neuf g\u00e9n\u00e9rations. Il a \u00e9t\u00e9 initi\u00e9 \u00e0 la gu\u00e9rison d\u00e8s son plus jeune \u00e2ge par son p\u00e8re, le Dr Bahuelyan.<\/p>\r\n[\/vc_column_text][vc_separator][\/vc_column][vc_column width=&#8221;1\/5&#8243;][vc_single_image image=&#8221;2285&#8243; img_size=&#8221;medium&#8221; add_caption=&#8221;yes&#8221; alignment=&#8221;center&#8221; style=&#8221;vc_box_shadow_border&#8221; onclick=&#8221;custom_link&#8221; css=&#8221;.vc_custom_1588262785688{border-radius: 10px !important;}&#8221; link=&#8221;https:\/\/ayurmana.in\/fr\/ambily\/&#8221;][vc_column_text]\r\n<h4><a href=\"https:\/\/ayurmana.in\/fr\/ambily\/\">Ambily<\/a><\/h4>\r\n<p>Ambily Jayaprakash est un consultant en yoga et un gu\u00e9risseur \u00e9nerg\u00e9tique de renomm\u00e9e internationale. Elle forme et guide notre \u00e9quipe d&#8217;instructeurs de yoga qui exercent en Inde et \u00e0 l&#8217;\u00e9tranger.<\/p>\r\n[\/vc_column_text][vc_separator][\/vc_column][vc_column width=&#8221;1\/5&#8243;][vc_single_image image=&#8221;273&#8243; img_size=&#8221;medium&#8221; add_caption=&#8221;yes&#8221; alignment=&#8221;center&#8221; style=&#8221;vc_box_shadow_border&#8221; onclick=&#8221;custom_link&#8221; css=&#8221;.vc_custom_1588262832709{border-radius: 10px !important;}&#8221; link=&#8221;https:\/\/ayurmana.in\/fr\/lalithabhai\/&#8221;][vc_column_text]\r\n<h4><a href=\"https:\/\/ayurmana.in\/fr\/lalithabhai\/\">Lalithabhai Bahuleyan<\/a><\/h4>\r\n<p>Lalithabhai Bahuleyan &#8211; &#8220;la m\u00e8re de la maison&#8221; &#8211; \u00e9tait enseignante de profession et est \u00e9galement consultante en naturopathie. Elle a suivi avec d\u00e9vouement la voie trac\u00e9e par le Dr Bahuleyan au fil des d\u00e9cennies au service des patients.<\/p>\r\n[\/vc_column_text][vc_separator][\/vc_column][vc_column width=&#8221;1\/5&#8243;][vc_single_image image=&#8221;2785&#8243; img_size=&#8221;medium&#8221; style=&#8221;vc_box_shadow_border&#8221; onclick=&#8221;custom_link&#8221; link=&#8221;https:\/\/ayurmana.in\/fr\/dr-maya-gopinath\/&#8221;][vc_column_text]\r\n<h4><a href=\"https:\/\/ayurmana.in\/fr\/dr-maya-gopinath\/\">Dr. Maya Gopinath<\/a><\/h4>\r\n<p>Maya Gopinath est membre de la famille dharma depuis plus de vingt ans et peut se pr\u00e9valoir d&#8217;une vaste exp\u00e9rience internationale.<\/p>\r\n[\/vc_column_text][\/vc_column][\/vc_row]","protected":false},"excerpt":{"rendered":"<p>[vc_row content_placement=&#8221;top&#8221;][vc_column][vc_column_text] L&#8217;h\u00e9ritage d&#8217;une v\u00e9ritable d\u00e9votion \u00e0 la gu\u00e9rison &nbsp; [&hellip;]<\/p>\n","protected":false},"author":1,"featured_media":0,"parent":0,"menu_order":0,"comment_status":"closed","ping_status":"closed","template":"","meta":{"_monsterinsights_skip_tracking":false,"_monsterinsights_sitenote_active":false,"_monsterinsights_sitenote_note":"","_monsterinsights_sitenote_category":0,"_joinchat":[],"footnotes":""},"class_list":["post-4537","page","type-page","status-publish","hentry"],"_links":{"self":[{"href":"https:\/\/ayurmana.in\/fr\/wp-json\/wp\/v2\/pages\/4537","targetHints":{"allow":["GET"]}}],"collection":[{"href":"https:\/\/ayurmana.in\/fr\/wp-json\/wp\/v2\/pages"}],"about":[{"href":"https:\/\/ayurmana.in\/fr\/wp-json\/wp\/v2\/types\/page"}],"author":[{"embeddable":true,"href":"https:\/\/ayurmana.in\/fr\/wp-json\/wp\/v2\/users\/1"}],"replies":[{"embeddable":true,"href":"https:\/\/ayurmana.in\/fr\/wp-json\/wp\/v2\/comments?post=4537"}],"version-history":[{"count":0,"href":"https:\/\/ayurmana.in\/fr\/wp-json\/wp\/v2\/pages\/4537\/revisions"}],"wp:attachment":[{"href":"https:\/\/ayurmana.in\/fr\/wp-json\/wp\/v2\/media?parent=4537"}],"curies":[{"name":"wp","href":"https:\/\/api.w.org\/{rel}","templated":true}]}}