{"id":4556,"date":"2019-11-21T20:13:06","date_gmt":"2019-11-21T14:43:06","guid":{"rendered":"https:\/\/www.ayurmana.in\/obesite\/"},"modified":"2023-10-18T14:52:36","modified_gmt":"2023-10-18T09:22:36","slug":"obesite","status":"publish","type":"page","link":"https:\/\/ayurmana.in\/fr\/obesite\/","title":{"rendered":"Ob\u00e9sit\u00e9"},"content":{"rendered":"[vc_row css=&#8221;.vc_custom_1577035591276{padding-bottom: 6px !important;}&#8221;][vc_column width=&#8221;2\/3&#8243;][vc_column_text]\n<h1>Programme ayurv\u00e9dique de traitement de la perte de poids en cas d&#8217;ob\u00e9sit\u00e9<\/h1>\n[\/vc_column_text][vc_single_image image=&#8221;75&#8243; img_size=&#8221;large&#8221;][vc_column_text]\n<h3>Un programme naturel pour perdre jusqu&#8217;\u00e0 10% de votre poids actuel en 4 semaines<\/h3>\n[\/vc_column_text][\/vc_column][vc_column width=&#8221;1\/3&#8243; offset=&#8221;vc_hidden-xs&#8221;][vc_empty_space height=&#8221;55px&#8221;][vc_column_text]\n<h4>TESTIMONIALES<\/h4>\n<p><em>J&#8217;ai perdu plus de 70 livres chez ayurmana et cela a compl\u00e8tement chang\u00e9 ma vie. Mon diab\u00e8te et mon hypothyro\u00efdie ont disparu, je suis plus active, plus \u00e9nergique et les gens disent que j&#8217;ai l&#8217;air d&#8217;avoir au moins 10 ans de moins.<\/em>[\/vc_column_text][vc_column_text]\n<p style=\"text-align: right;\"><strong>Abdul Mehsin, Kowe\u00eft<\/strong><\/p>\n[\/vc_column_text][vc_column_text]<em>Mon m\u00e9decin g\u00e9n\u00e9raliste m&#8217;avait propos\u00e9 une chirurgie bariatrique car je souffrais d&#8217;ob\u00e9sit\u00e9 morbide. Je suis reconnaissante \u00e0 ayurmana de m&#8217;avoir aid\u00e9e \u00e0 perdre plus de 40 kilos et d&#8217;avoir \u00e9vit\u00e9 la chirurgie. <\/em>[\/vc_column_text][vc_column_text]\n<p style=\"text-align: right;\"><strong>Paul D&#8217; Souza, Inde<\/strong><\/p>\n[\/vc_column_text][\/vc_column][\/vc_row][vc_row][vc_column width=&#8221;2\/3&#8243;][vc_column_text]Le programme d&#8217;amaigrissement prim\u00e9 d&#8217;Ayurmana constitue un plan complet de perte de poids qui facilite ce qui est probablement la perte de poids la plus rapide observ\u00e9e \u00e0 partir d&#8217;un traitement enti\u00e8rement naturel. Si vous \u00eates comme la plupart des gens, vous avez d\u00e9j\u00e0 essay\u00e9 de perdre du poids et vous avez \u00e9chou\u00e9 ou vous avez PERDU DU POIDS pour le reprendre ensuite. Peu importe le nombre de fois o\u00f9 vous avez \u00e9chou\u00e9 auparavant, le programme complet de perte de poids d&#8217;Ayurmana est con\u00e7u sur mesure pour garantir que vous r\u00e9ussissiez cette fois-ci.<\/p>\n<p>Pendant que vous suivez le programme, vous perdrez du poids aux bons endroits et diminuerez la taille des v\u00eatements sans l&#8217;effet Yo-Yo tant redout\u00e9.<\/p>\n<p>En fait, en atteignant votre objectif de perte de poids, vous constaterez une am\u00e9lioration spectaculaire de votre sant\u00e9 physique et mentale et un regain d&#8217;\u00e9nergie palpable. Des milliers de personnes souffrant d&#8217;ob\u00e9sit\u00e9 et de surpoids, de diff\u00e9rentes nationalit\u00e9s, ont atteint leurs objectifs \u00e0 temps lors de notre retraite de perte de poids, au cours des derni\u00e8res d\u00e9cennies. Nous avons \u00e9t\u00e9 t\u00e9moins de plusieurs cas de diab\u00e8te de type 2, de patients souffrant d&#8217;hypertension, d&#8217;hypercholest\u00e9rol\u00e9mie, d&#8217;hypothyro\u00efdie et de plusieurs maladies associ\u00e9es, qui sont gu\u00e9ris lorsqu&#8217;ils perdent du poids. Le programme de perte de poids d&#8217;Ayurmana se targue \u00e9galement d&#8217;une approche unique en mati\u00e8re de r\u00e9gime de perte de poids qui aidera \u00e0 briser le m\u00e9canisme de &#8220;feed forward&#8221; qui conduit \u00e0 la prise de poids &#8211; plus vous mangez d&#8217;aliments gras, plus votre corps a envie de ces m\u00eames aliments malsains. Cet incroyable traitement ayurv\u00e9dique de perte de poids pour l&#8217;ob\u00e9sit\u00e9 au Kerala, en Inde, vous aidera \u00e0 appr\u00e9cier tout le processus de perte de poids sans famine et vous r\u00e9aliserez bient\u00f4t ce que vous avez manqu\u00e9 dans votre vie \u00e0 cause de votre surpoids ou de votre ob\u00e9sit\u00e9.[\/vc_column_text][vc_column_text]\n<h5><strong>Conna\u00eetre son poids id\u00e9al<\/strong><\/h5>\n<p>Le poids id\u00e9al [based on BMI or Body Mass Index] est depuis longtemps utilis\u00e9 comme indicateur ou mesure de la sant\u00e9 et du risque de d\u00e9velopper des maladies graves. Pour calculer votre poids id\u00e9al, il suffit de soustraire 100 \u00e0 votre taille en centim\u00e8tres. Par exemple, si votre taille est de 177 cm, votre poids id\u00e9al est de 177 &#8211; 100 = 77 kg. La fourchette de votre poids sant\u00e9 serait de + ou &#8211; 3 kg. c&#8217;est-\u00e0-dire entre 74 et 80. Ainsi, si vous \u00eates en surpoids ou ob\u00e8se, l&#8217;objectif devrait \u00eatre de perdre du poids pour atteindre 80 ou moins.<\/p>\n<p>Toutefois, outre le poids, un autre param\u00e8tre est d\u00e9sormais consid\u00e9r\u00e9 comme tout aussi important pour mesurer l&#8217;ob\u00e9sit\u00e9. C&#8217;est ce qu&#8217;on appelle le rapport taille-hanche (RTH). Un rapport taille\/hanche sup\u00e9rieur \u00e0 0,90 chez les hommes et \u00e0 0,85 chez les femmes est consid\u00e9r\u00e9 comme de l&#8217;ob\u00e9sit\u00e9. Cela se traduit par un risque plus \u00e9lev\u00e9 de d\u00e9velopper de graves probl\u00e8mes de sant\u00e9 et d&#8217;avoir des effets n\u00e9gatifs sur la fertilit\u00e9.[\/vc_column_text][\/vc_column][vc_column width=&#8221;1\/3&#8243; offset=&#8221;vc_hidden-xs&#8221;][vc_column_text css=&#8221;.vc_custom_1588229978406{background-color: #f8f7f7 !important;border-radius: 3px !important;}&#8221; el_class=&#8221;rr-menu&#8221;]\n<h4>Liens rapides<\/h4>\n<ul>\n<li><a href=\"https:\/\/ayurmana.in\/fr\/chambres-et-suites\/\">Chambres et suites<\/a><br \/>\n<hr \/>\n<\/li>\n<li><a href=\"https:\/\/ayurmana.in\/fr\/ayurveda-packages-kerala\/\">Nos offres<\/a><br \/>\n<hr \/>\n<\/li>\n<li><a href=\"https:\/\/ayurmana.in\/fr\/reservation-de-chambre\/\">R\u00e9servation de chambre<\/a><br \/>\n<hr \/>\n<\/li>\n<li><a href=\"https:\/\/ayurmana.in\/fr\/faq\/\">FAQ<\/a><\/li>\n<\/ul>\n[\/vc_column_text][\/vc_column][\/vc_row][vc_row css=&#8221;.vc_custom_1577691134852{padding-top: 6px !important;}&#8221;][vc_column width=&#8221;1\/2&#8243;][vc_message message_box_color=&#8221;mulled_wine&#8221;]<strong>Causes communes<\/strong>[\/vc_message][vc_column_text]\n<ul>\n<li>Mauvaises habitudes alimentaires<\/li>\n<li>Manque d&#8217;exercice physique<\/li>\n<li>Effet secondaire de m\u00e9dicaments ou de drogues<\/li>\n<li>Secondaire \u00e0 une autre maladie<\/li>\n<li>D\u00e9s\u00e9quilibre hormonal<\/li>\n<li>Influence g\u00e9n\u00e9tique<\/li>\n<\/ul>\n[\/vc_column_text][\/vc_column][vc_column width=&#8221;1\/2&#8243;][vc_message message_box_color=&#8221;mulled_wine&#8221;]<strong>Que peut-on attendre de notre programme ?<\/strong>[\/vc_message][vc_column_text]\n<ul>\n<li>Perte de poids rapide et s\u00fbre<\/li>\n<li>Augmentation palpable du niveau d&#8217;\u00e9nergie<\/li>\n<li>Am\u00e9lioration du tonus musculaire et de la silhouette<\/li>\n<li>Diminution du mauvais cholest\u00e9rol et augmentation du bon cholest\u00e9rol<\/li>\n<li>Meilleur contr\u00f4le du sucre si vous \u00eates diab\u00e9tique<\/li>\n<li>Am\u00e9lioration spectaculaire de l&#8217;\u00e9tat de sant\u00e9 g\u00e9n\u00e9ral et de l&#8217;humeur<\/li>\n<\/ul>\n[\/vc_column_text][\/vc_column][\/vc_row][vc_row][vc_column width=&#8221;2\/3&#8243; offset=&#8221;vc_hidden-lg vc_hidden-md vc_hidden-sm vc_hidden-xs&#8221;][\/vc_column][vc_column width=&#8221;1\/3&#8243; offset=&#8221;vc_hidden-lg vc_hidden-md vc_hidden-sm&#8221;][vc_empty_space height=&#8221;55px&#8221;][vc_column_text]\n<h4>TESTIMONIALES<\/h4>\n<p><em>J&#8217;ai perdu plus de 70 livres chez ayurmana et cela a compl\u00e8tement chang\u00e9 ma vie. Mon diab\u00e8te et mon hypothyro\u00efdie ont disparu, je suis plus active, plus \u00e9nergique et les gens disent que j&#8217;ai l&#8217;air d&#8217;avoir au moins 10 ans de moins.<\/em>[\/vc_column_text][vc_column_text]\n<p style=\"text-align: right;\"><strong>Abdul Mehsin, Kowe\u00eft<\/strong><\/p>\n[\/vc_column_text][vc_column_text]<em>Mon m\u00e9decin g\u00e9n\u00e9raliste m&#8217;avait propos\u00e9 une chirurgie bariatrique car je souffrais d&#8217;ob\u00e9sit\u00e9 morbide. Je suis reconnaissante \u00e0 ayurmana de m&#8217;avoir aid\u00e9e \u00e0 perdre plus de 40 kilos et d&#8217;avoir \u00e9vit\u00e9 la chirurgie. <\/em>[\/vc_column_text][vc_column_text]\n<p style=\"text-align: right;\"><strong>Paul D&#8217; Souza, Inde<\/strong><\/p>\n[\/vc_column_text][vc_column_text css=&#8221;.vc_custom_1588231516103{background-color: #f8f7f7 !important;border-radius: 3px !important;}&#8221; el_class=&#8221;rr-menu&#8221;]\n<h4>Liens rapides<\/h4>\n<ul>\n<li><a href=\"https:\/\/ayurmana.in\/fr\/chambres-et-suites\/\">Chambres et suites<\/a><br \/>\n<hr \/>\n<\/li>\n<li><a href=\"https:\/\/ayurmana.in\/fr\/ayurveda-packages-kerala\/\">Nos offres<\/a><br \/>\n<hr \/>\n<\/li>\n<li><a href=\"https:\/\/ayurmana.in\/fr\/reservation-de-chambre\/\">R\u00e9servation de chambre<\/a><br \/>\n<hr \/>\n<\/li>\n<li><a href=\"https:\/\/ayurmana.in\/fr\/faq\/\">FAQ<\/a><\/li>\n<\/ul>\n[\/vc_column_text][\/vc_column][\/vc_row]\n","protected":false},"excerpt":{"rendered":"<p>[vc_row css=&#8221;.vc_custom_1577035591276{padding-bottom: 6px !important;}&#8221;][vc_column width=&#8221;2\/3&#8243;][vc_column_text] Programme ayurv\u00e9dique de traitement de [&hellip;]<\/p>\n","protected":false},"author":1,"featured_media":0,"parent":0,"menu_order":0,"comment_status":"closed","ping_status":"closed","template":"","meta":{"_monsterinsights_skip_tracking":false,"_monsterinsights_sitenote_active":false,"_monsterinsights_sitenote_note":"","_monsterinsights_sitenote_category":0,"_joinchat":[],"footnotes":""},"class_list":["post-4556","page","type-page","status-publish","hentry"],"_links":{"self":[{"href":"https:\/\/ayurmana.in\/fr\/wp-json\/wp\/v2\/pages\/4556","targetHints":{"allow":["GET"]}}],"collection":[{"href":"https:\/\/ayurmana.in\/fr\/wp-json\/wp\/v2\/pages"}],"about":[{"href":"https:\/\/ayurmana.in\/fr\/wp-json\/wp\/v2\/types\/page"}],"author":[{"embeddable":true,"href":"https:\/\/ayurmana.in\/fr\/wp-json\/wp\/v2\/users\/1"}],"replies":[{"embeddable":true,"href":"https:\/\/ayurmana.in\/fr\/wp-json\/wp\/v2\/comments?post=4556"}],"version-history":[{"count":0,"href":"https:\/\/ayurmana.in\/fr\/wp-json\/wp\/v2\/pages\/4556\/revisions"}],"wp:attachment":[{"href":"https:\/\/ayurmana.in\/fr\/wp-json\/wp\/v2\/media?parent=4556"}],"curies":[{"name":"wp","href":"https:\/\/api.w.org\/{rel}","templated":true}]}}