{"id":4579,"date":"2019-11-21T20:58:44","date_gmt":"2019-11-21T15:28:44","guid":{"rendered":"https:\/\/www.ayurmana.in\/diabete\/"},"modified":"2023-10-18T15:15:24","modified_gmt":"2023-10-18T09:45:24","slug":"diabete","status":"publish","type":"page","link":"https:\/\/ayurmana.in\/fr\/diabete\/","title":{"rendered":"Diab\u00e8te"},"content":{"rendered":"[vc_row css=&#8221;.vc_custom_1577384645434{padding-bottom: 6px !important;}&#8221;][vc_column width=&#8221;2\/3&#8243; css=&#8221;.vc_custom_1577696343492{padding-bottom: 6px !important;}&#8221;][vc_column_text]\n<h1>Programme de traitement ayurv\u00e9dique efficace du diab\u00e8te au Kerala (Inde)<\/h1>\n[\/vc_column_text][vc_single_image image=&#8221;104&#8243; img_size=&#8221;large&#8221;][vc_column_text]\n<h3>La lutte contre le diab\u00e8te de type 2<\/h3>\n<h3>Ne laissez pas le diab\u00e8te dicter votre vie<\/h3>\n[\/vc_column_text][\/vc_column][vc_column width=&#8221;1\/3&#8243; offset=&#8221;vc_hidden-xs&#8221;][vc_empty_space height=&#8221;55px&#8221;][vc_empty_space height=&#8221;55px&#8221;][vc_column_text]\n<h4>TESTIMONIALES<\/h4>\n<p><em>Je prenais de l&#8217;insuline \u00e0 raison de 80 unit\u00e9s par jour lorsque j&#8217;ai commenc\u00e9 le traitement. Aujourd&#8217;hui, je ne prends plus d&#8217;insuline et ma glyc\u00e9mie est redevenue normale.<\/em>[\/vc_column_text][vc_column_text]\n<p style=\"text-align: right;\"><strong>Reno Greve, Norv\u00e8ge<\/strong><\/p>\n[\/vc_column_text][vc_column_text]\n<p><em>Je prenais de l&#8217;insuline et deux autres m\u00e9dicaments pour le diab\u00e8te. Le traitement ayurv\u00e9dique a donn\u00e9 d&#8217;excellents r\u00e9sultats. J&#8217;ai arr\u00eat\u00e9 l&#8217;insuline, l&#8217;hypoglyc\u00e9mie orale et les pilules et pourtant mon taux de sucre est normal.<\/em><\/p>\n[\/vc_column_text][vc_column_text]\n<p style=\"text-align: right;\"><strong>Sweta Tivari, Patna<\/strong><\/p>\n[\/vc_column_text][\/vc_column][\/vc_row][vc_row css=&#8221;.vc_custom_1577384784092{padding-top: 6px !important;padding-bottom: 20px !important;}&#8221;][vc_column width=&#8221;2\/3&#8243;][vc_column_text]Le diab\u00e8te est une maladie qui se caract\u00e9rise par une hyperglyc\u00e9mie. Dans le cas du diab\u00e8te de type 2, cela est d\u00fb \u00e0 une production insuffisante d&#8217;insuline par le pancr\u00e9as ou \u00e0 une r\u00e9ponse inad\u00e9quate de l&#8217;organisme \u00e0 l&#8217;insuline produite (r\u00e9sistance \u00e0 l&#8217;insuline).<\/p>\n<p>La plus ancienne description du diab\u00e8te sucr\u00e9 se trouve dans les \u00e9critures ayurv\u00e9diques, qui remontent \u00e0 environ 1500 ans avant J\u00e9sus-Christ. Les m\u00e9decins ayurv\u00e9diques l&#8217;appelaient &#8220;Madhumeha&#8221;, ce qui signifie urine de miel ou urine sucr\u00e9e, expliquant que l&#8217;urine d&#8217;une personne diab\u00e9tique attirait les fourmis. Les \u00e9critures ayurv\u00e9diques Charaka samhita et Susruta samhita vont plus loin en expliquant deux types principaux de Madhumeha. Le type 1 concerne les jeunes et le type 2 est associ\u00e9 au poids corporel.<\/p>\n<p>Le c\u00e9l\u00e8bre programme de traitement ayurv\u00e9dique du diab\u00e8te, propos\u00e9 dans le cadre de la retraite Diab\u00e8te de Dharma Ayurveda, consiste principalement \u00e0 raviver et \u00e0 rajeunir les cellules b\u00eata des \u00eelots de Langerhans dans le pancr\u00e9as afin qu&#8217;elles produisent suffisamment d&#8217;insuline et qu&#8217;elles am\u00e9liorent la r\u00e9activit\u00e9 des tissus corporels, en particulier des cellules musculaires et adipeuses, \u00e0 l&#8217;insuline s\u00e9cr\u00e9t\u00e9e. Des modifications du mode de vie et du r\u00e9gime alimentaire sont \u00e9galement utilis\u00e9es pour contr\u00f4ler rapidement les niveaux de sucre dans le sang.<\/p>\n<p>Statistiquement, plus de 90 % des cas de diab\u00e8te sont des diab\u00e8tes de type 2. Contrairement au type 1, le type 2 peut \u00eatre trait\u00e9 avec succ\u00e8s pour obtenir un contr\u00f4le optimal de la glyc\u00e9mie et peut m\u00eame \u00eatre gu\u00e9ri par le traitement ayurv\u00e9dique du diab\u00e8te d&#8217;AyurMana au Kerala.[\/vc_column_text][\/vc_column][vc_column width=&#8221;1\/3&#8243; offset=&#8221;vc_hidden-xs&#8221;][vc_column_text el_class=&#8221;rr-menu&#8221;]\n<h4>Liens rapides<\/h4>\n<ul>\n<li><a href=\"https:\/\/ayurmana.in\/fr\/chambres-et-suites\/\">Chambres et suites<\/a><br \/>\n<hr>\n<\/li>\n<li><a href=\"https:\/\/ayurmana.in\/fr\/ayurveda-packages-kerala\/\">Nos offres<\/a><br \/>\n<hr>\n<\/li>\n<li><a href=\"https:\/\/ayurmana.in\/fr\/reservation-de-chambre\/\">R\u00e9servation de chambre<\/a><br \/>\n<hr>\n<\/li>\n<li><a href=\"https:\/\/ayurmana.in\/fr\/faq\/\">FAQ<\/a><\/li>\n<\/ul>\n[\/vc_column_text][\/vc_column][\/vc_row][vc_row css=&#8221;.vc_custom_1577038844768{padding-top: 6px !important;}&#8221;][vc_column width=&#8221;1\/2&#8243;][vc_message message_box_color=&#8221;mulled_wine&#8221;]<strong>Sympt\u00f4mes courants<\/strong>[\/vc_message][vc_column_text]\n<ul>\n<li>Mictions fr\u00e9quentes<\/li>\n<li>Soif accrue<\/li>\n<li>Augmentation de la faim<\/li>\n<li>Vision trouble<\/li>\n<li>\u00c9ruptions cutan\u00e9es<\/li>\n<li>Fatigue<\/li>\n<li>Infections fr\u00e9quentes<\/li>\n<li>Plaies \u00e0 cicatrisation lente<\/li>\n<\/ul>\n[\/vc_column_text][\/vc_column][vc_column width=&#8221;1\/2&#8243;][vc_message message_box_color=&#8221;mulled_wine&#8221;]<strong>Que peut-on attendre de notre programme ?<\/strong>[\/vc_message][vc_column_text]\n<ul class=\"inline list-01\">\n<li>Contr\u00f4le stable de la glyc\u00e9mie<\/li>\n<li>R\u00e9duire ou arr\u00eater les m\u00e9dicaments pour diab\u00e9tiques<\/li>\n<li>Am\u00e9lioration marqu\u00e9e des sympt\u00f4mes<\/li>\n<li>Augmentation des niveaux d&#8217;\u00e9nergie<\/li>\n<li>Am\u00e9lioration de l&#8217;immunit\u00e9<\/li>\n<li>Am\u00e9lioration de la sant\u00e9 cardio-vasculaire<\/li>\n<\/ul>\n[\/vc_column_text][\/vc_column][\/vc_row][vc_row][vc_column width=&#8221;2\/3&#8243;][\/vc_column][vc_column width=&#8221;1\/3&#8243; offset=&#8221;vc_hidden-lg vc_hidden-md vc_hidden-sm&#8221;][vc_empty_space height=&#8221;55px&#8221;][vc_column_text]\n<h4>TESTIMONIALES<\/h4>\n<p><em>Je prenais de l&#8217;insuline \u00e0 raison de 80 unit\u00e9s par jour lorsque j&#8217;ai commenc\u00e9 le traitement. Aujourd&#8217;hui, je ne prends plus d&#8217;insuline et ma glyc\u00e9mie est redevenue normale.<\/em>[\/vc_column_text][vc_column_text]\n<p style=\"text-align: right;\"><strong>Reno Greve, Norv\u00e8ge<\/strong><\/p>\n[\/vc_column_text][vc_column_text]\n<p><em>Je prenais de l&#8217;insuline et deux autres m\u00e9dicaments pour le diab\u00e8te. Le traitement ayurv\u00e9dique a donn\u00e9 d&#8217;excellents r\u00e9sultats. J&#8217;ai arr\u00eat\u00e9 l&#8217;insuline, l&#8217;hypoglyc\u00e9mie orale et les pilules et pourtant mon taux de sucre est normal.<\/em><\/p>\n[\/vc_column_text][vc_column_text]\n<p style=\"text-align: right;\"><strong>Sweta Tivari, Inde<\/strong><\/p>\n[\/vc_column_text][vc_column_text el_class=&#8221;rr-menu&#8221;]\n<h4>Liens rapides<\/h4>\n<ul>\n<li><a href=\"https:\/\/ayurmana.in\/fr\/chambres-et-suites\/\">Chambres et suites<\/a><br \/>\n<hr>\n<\/li>\n<li><a href=\"https:\/\/ayurmana.in\/fr\/ayurveda-packages-kerala\/\">Nos offres<\/a><br \/>\n<hr>\n<\/li>\n<li><a href=\"https:\/\/ayurmana.in\/fr\/reservation-de-chambre\/\">R\u00e9servation de chambre<\/a><br \/>\n<hr>\n<\/li>\n<li><a href=\"https:\/\/ayurmana.in\/fr\/faq\/\">FAQ<\/a><\/li>\n<\/ul>\n[\/vc_column_text][\/vc_column][\/vc_row]\n","protected":false},"excerpt":{"rendered":"<p>[vc_row css=&#8221;.vc_custom_1577384645434{padding-bottom: 6px !important;}&#8221;][vc_column width=&#8221;2\/3&#8243; css=&#8221;.vc_custom_1577696343492{padding-bottom: 6px !important;}&#8221;][vc_column_text] Programme de [&hellip;]<\/p>\n","protected":false},"author":1,"featured_media":0,"parent":0,"menu_order":0,"comment_status":"closed","ping_status":"closed","template":"","meta":{"_monsterinsights_skip_tracking":false,"_monsterinsights_sitenote_active":false,"_monsterinsights_sitenote_note":"","_monsterinsights_sitenote_category":0,"_joinchat":[],"footnotes":""},"class_list":["post-4579","page","type-page","status-publish","hentry"],"_links":{"self":[{"href":"https:\/\/ayurmana.in\/fr\/wp-json\/wp\/v2\/pages\/4579","targetHints":{"allow":["GET"]}}],"collection":[{"href":"https:\/\/ayurmana.in\/fr\/wp-json\/wp\/v2\/pages"}],"about":[{"href":"https:\/\/ayurmana.in\/fr\/wp-json\/wp\/v2\/types\/page"}],"author":[{"embeddable":true,"href":"https:\/\/ayurmana.in\/fr\/wp-json\/wp\/v2\/users\/1"}],"replies":[{"embeddable":true,"href":"https:\/\/ayurmana.in\/fr\/wp-json\/wp\/v2\/comments?post=4579"}],"version-history":[{"count":0,"href":"https:\/\/ayurmana.in\/fr\/wp-json\/wp\/v2\/pages\/4579\/revisions"}],"wp:attachment":[{"href":"https:\/\/ayurmana.in\/fr\/wp-json\/wp\/v2\/media?parent=4579"}],"curies":[{"name":"wp","href":"https:\/\/api.w.org\/{rel}","templated":true}]}}