{"id":4581,"date":"2019-11-21T21:42:57","date_gmt":"2019-11-21T16:12:57","guid":{"rendered":"https:\/\/www.ayurmana.in\/stress-depression\/"},"modified":"2023-10-18T14:21:55","modified_gmt":"2023-10-18T08:51:55","slug":"stress-depression","status":"publish","type":"page","link":"https:\/\/ayurmana.in\/fr\/stress-depression\/","title":{"rendered":"Stress\/d\u00e9pression"},"content":{"rendered":"[vc_row css=&#8221;.vc_custom_1577039151046{padding-bottom: 6px !important;}&#8221;][vc_column width=&#8221;2\/3&#8243; css=&#8221;.vc_custom_1577695401698{padding-bottom: 6px !important;}&#8221;][vc_column_text]\r\n<h1>Traitement ayurv\u00e9dique de la d\u00e9pression, du stress et de l&#8217;anxi\u00e9t\u00e9<\/h1>\r\n[\/vc_column_text][vc_single_image image=&#8221;116&#8243; img_size=&#8221;large&#8221;][vc_column_text]\r\n<h3>Ne laissez pas le stress faire des ravages dans votre corps et votre esprit<\/h3>\r\n[\/vc_column_text][\/vc_column][vc_column width=&#8221;1\/3&#8243; offset=&#8221;vc_hidden-xs&#8221;][vc_empty_space height=&#8221;95px&#8221;][vc_column_text]\r\n<h4>TESTIMONIALES<\/h4>\r\n<p><em>Depuis plusieurs ann\u00e9es, je ne peux pas dormir sans prendre de s\u00e9datifs ou d&#8217;antid\u00e9presseurs. Apr\u00e8s un traitement ayurv\u00e9dique, j&#8217;ai arr\u00eat\u00e9 les deux et je me sens mieux que jamais.<\/em><\/p>\r\n[\/vc_column_text][vc_column_text]\r\n<p style=\"text-align: right;\"><strong>Lynn R Williams, \u00c9tats-Unis<\/strong><\/p>\r\n[\/vc_column_text][vc_column_text]\r\n<p><em>Je souffrais de fatigue chronique et de mauvaise humeur. Le traitement ayurv\u00e9dique m&#8217;a totalement transform\u00e9. Je me sens rafra\u00eechi, renouvel\u00e9 et j&#8217;ai retrouv\u00e9 une bonne forme physique.<\/em><\/p>\r\n[\/vc_column_text][vc_column_text]\r\n<p style=\"text-align: right;\"><strong>Fiona, Royaume-Uni<\/strong><\/p>\r\n[\/vc_column_text][\/vc_column][\/vc_row][vc_row css=&#8221;.vc_custom_1577695999735{padding-top: 10px !important;padding-bottom: 10px !important;}&#8221;][vc_column width=&#8221;2\/3&#8243;][vc_column_text]\r\n\r\n<p>Stress related diseases and health issues are rising sharply worldwide, perhaps caused by factors ranging from highly demanding work environments and volatile relationships to declining health and lack of quality time for oneself.<\/p>\r\n<p><!-- \/wp:post-content -->Dharma\u2019s time proven therapies use specialised massages and therapies to release the knots and spasms that have built in the muscles over time, flush out toxins that have accumulated in the system and relieve inflammations from the body. As the stresses in the muscles are released, the stresses in the mind too start to unwind. The shirodhara sessions where soothingly warmed medicinal oil is streamed onto the forehead will steadily transport you to deep levels of relaxation and peace. Our Yoga Master will guide and train you in specialized yogic routines and meditation techniques to conquer and manage stress, even when you are surrounded by chaos. So it won\u2019t be just fond memories that you will take along when you leave the center, but ancient practises and wisdom too that will stand you in good stead when facing the challenges and burdens that may lie ahead.<\/p>\r\n<p><!-- wp:separator {\"className\":\"is-style-wide\"} -->[\/vc_column_text][\/vc_column][vc_column width=&#8221;1\/3&#8243; offset=&#8221;vc_hidden-xs&#8221;][vc_column_text el_class=&#8221;rr-menu&#8221;]\r\n<h4>Liens rapides<\/h4>\r\n<ul>\r\n<li><a href=\"https:\/\/ayurmana.in\/fr\/chambres-et-suites\/\">Chambres et suites<\/a><br \/><hr \/><\/li>\r\n<li><a href=\"https:\/\/ayurmana.in\/fr\/ayurveda-packages-kerala\/\">Nos offres<\/a><br \/><hr \/><\/li>\r\n<li><a href=\"https:\/\/ayurmana.in\/fr\/reservation-de-chambre\/\">R\u00e9servation de chambre<\/a><br \/><hr \/><\/li>\r\n<li><a href=\"https:\/\/ayurmana.in\/fr\/faq\/\">FAQ<\/a><\/li>\r\n<\/ul>\r\n[\/vc_column_text][\/vc_column][\/vc_row][vc_row css=&#8221;.vc_custom_1577694926236{padding-top: 6px !important;}&#8221;][vc_column width=&#8221;1\/2&#8243;][vc_message message_box_color=&#8221;mulled_wine&#8221;]\r\n<p><strong>Plaintes courantes<\/strong><\/p>\r\n[\/vc_message][vc_column_text]\r\n<ul>\r\n<li>Fatigue<\/li>\r\n<li>Maux de t\u00eate<\/li>\r\n<li>Intestin irritable<\/li>\r\n<li>Douleurs dorsales et articulaires<\/li>\r\n<li>Sommeil perturb\u00e9<\/li>\r\n<li>Sautes d&#8217;humeur<\/li>\r\n<\/ul>\r\n[\/vc_column_text][\/vc_column][vc_column width=&#8221;1\/2&#8243;][vc_message message_box_color=&#8221;mulled_wine&#8221;]\r\n<p><strong>Que peut-on attendre de notre programme ?<\/strong><\/p>\r\n[\/vc_message][vc_column_text]\r\n<ul>\r\n<li>Un regain d&#8217;\u00e9nergie<\/li>\r\n<li>Soulager les douleurs et les maux<\/li>\r\n<li>D\u00e9tend le corps et l&#8217;esprit<\/li>\r\n<li>Am\u00e9liore les habitudes de sommeil<\/li>\r\n<li>Am\u00e9liore la stabilit\u00e9 \u00e9motionnelle<\/li>\r\n<li>Am\u00e9liore la sant\u00e9 g\u00e9n\u00e9rale et l&#8217;immunit\u00e9<\/li>\r\n<\/ul>\r\n[\/vc_column_text][\/vc_column][\/vc_row][vc_row][vc_column width=&#8221;2\/3&#8243;][\/vc_column][vc_column width=&#8221;1\/3&#8243; offset=&#8221;vc_hidden-lg vc_hidden-md vc_hidden-sm&#8221;][vc_empty_space height=&#8221;55px&#8221;][vc_column_text]\r\n<h4>TESTIMONIALES<\/h4>\r\n<p><em>Depuis plusieurs ann\u00e9es, je ne peux pas dormir sans prendre de s\u00e9datifs ou d&#8217;antid\u00e9presseurs. Apr\u00e8s un traitement ayurv\u00e9dique, j&#8217;ai arr\u00eat\u00e9 les deux et je me sens mieux que jamais.<\/em><\/p>\r\n[\/vc_column_text][vc_column_text]\r\n<p style=\"text-align: right;\"><strong>Lynn R Williams, \u00c9tats-Unis<\/strong><\/p>\r\n[\/vc_column_text][vc_column_text]\r\n<p><em>Je souffrais de fatigue chronique et de mauvaise humeur. Le traitement ayurv\u00e9dique m&#8217;a totalement transform\u00e9. Je me sens rafra\u00eechi, renouvel\u00e9 et j&#8217;ai retrouv\u00e9 une bonne forme physique.<\/em><\/p>\r\n[\/vc_column_text][vc_column_text]\r\n<p style=\"text-align: right;\"><strong>Fiona, Royaume-Uni<\/strong><\/p>\r\n[\/vc_column_text][vc_column_text el_class=&#8221;rr-menu&#8221;]\r\n<h4>Liens rapides<\/h4>\r\n<ul>\r\n<li><a href=\"https:\/\/ayurmana.in\/fr\/chambres-et-suites\/\">Chambres et suites<\/a><br \/><hr \/><\/li>\r\n<li><a href=\"https:\/\/ayurmana.in\/fr\/ayurveda-packages-kerala\/\">Nos offres<\/a><br \/><hr \/><\/li>\r\n<li><a href=\"https:\/\/ayurmana.in\/fr\/reservation-de-chambre\/\">R\u00e9servation de chambre<\/a><br \/><hr \/><\/li>\r\n<li><a href=\"https:\/\/ayurmana.in\/fr\/faq\/\">FAQ<\/a><\/li>\r\n<\/ul>\r\n[\/vc_column_text][\/vc_column][\/vc_row]","protected":false},"excerpt":{"rendered":"<p>[vc_row css=&#8221;.vc_custom_1577039151046{padding-bottom: 6px !important;}&#8221;][vc_column width=&#8221;2\/3&#8243; css=&#8221;.vc_custom_1577695401698{padding-bottom: 6px !important;}&#8221;][vc_column_text] Traitement ayurv\u00e9dique [&hellip;]<\/p>\n","protected":false},"author":1,"featured_media":0,"parent":0,"menu_order":0,"comment_status":"closed","ping_status":"closed","template":"","meta":{"_monsterinsights_skip_tracking":false,"_monsterinsights_sitenote_active":false,"_monsterinsights_sitenote_note":"","_monsterinsights_sitenote_category":0,"_joinchat":[],"footnotes":""},"class_list":["post-4581","page","type-page","status-publish","hentry"],"_links":{"self":[{"href":"https:\/\/ayurmana.in\/fr\/wp-json\/wp\/v2\/pages\/4581","targetHints":{"allow":["GET"]}}],"collection":[{"href":"https:\/\/ayurmana.in\/fr\/wp-json\/wp\/v2\/pages"}],"about":[{"href":"https:\/\/ayurmana.in\/fr\/wp-json\/wp\/v2\/types\/page"}],"author":[{"embeddable":true,"href":"https:\/\/ayurmana.in\/fr\/wp-json\/wp\/v2\/users\/1"}],"replies":[{"embeddable":true,"href":"https:\/\/ayurmana.in\/fr\/wp-json\/wp\/v2\/comments?post=4581"}],"version-history":[{"count":0,"href":"https:\/\/ayurmana.in\/fr\/wp-json\/wp\/v2\/pages\/4581\/revisions"}],"wp:attachment":[{"href":"https:\/\/ayurmana.in\/fr\/wp-json\/wp\/v2\/media?parent=4581"}],"curies":[{"name":"wp","href":"https:\/\/api.w.org\/{rel}","templated":true}]}}