{"id":4620,"date":"2019-11-21T21:53:46","date_gmt":"2019-11-21T16:23:46","guid":{"rendered":"https:\/\/www.ayurmana.in\/arthrite\/"},"modified":"2023-10-18T15:16:35","modified_gmt":"2023-10-18T09:46:35","slug":"arthrite","status":"publish","type":"page","link":"https:\/\/ayurmana.in\/fr\/arthrite\/","title":{"rendered":"Arthrite"},"content":{"rendered":"[vc_row css=&#8221;.vc_custom_1577039447178{padding-bottom: 6px !important;}&#8221;][vc_column width=&#8221;2\/3&#8243;][vc_column_text]\n&#13;\n<h1 class=\"wp-block-heading\">Traitement ayurv\u00e9dique efficace de l&#8217;arthrite rhumato\u00efde et de l&#8217;ost\u00e9oarthrite au Kerala (Inde)<\/h1>&#13;\n<p><\/p><\/p>\n<p>\n<br\/>[\/vc_column_text][vc_single_image image=&#8221;120&#8243; img_size=&#8221;large&#8221;][vc_column_text]&#13;\n<h3 class=\"wp-block-heading\">Ne laissez pas la douleur et la raideur limiter votre vie.<\/h3>&#13;\n<h3>Contr\u00f4ler et gu\u00e9rir l&#8217;arthrite naturellement.<\/h3>&#13;\n[\/vc_column_text][\/vc_column][vc_column width=&#8221;1\/3&#8243; offset=&#8221;vc_hidden-xs&#8221;][vc_empty_space height=&#8221;115px&#8221;][vc_column_text]&#13;\n<h4>TESTIMONIALES<\/h4>&#13;\n<p style=\"text-align: justify;\"><em>I was suffering from RA and was under medications for 6 years. My fingers had\u00a0 deformity too. The improvement after 6 weeks of\u00a0 treatment was astonishing. The pain and swelling almost vanished, even the deformity decreased.<\/em><\/p>&#13;\n[\/vc_column_text][vc_column_text]&#13;\n<p style=\"text-align: right;\"><strong>Maunu Manninen, Finland<\/strong><\/p>&#13;\n[\/vc_column_text][vc_column_text]&#13;\n<p><em>In just 6 weeks my Osteoarthritis improved so much that I could walk without support after almost 4 years.<\/em><\/p>&#13;\n[\/vc_column_text][vc_column_text]&#13;\n<p style=\"text-align: right;\"><strong>Sumathi, India<\/strong><\/p>&#13;\n[\/vc_column_text][vc_empty_space height=&#8221;115px&#8221;][\/vc_column][\/vc_row][vc_row css=&#8221;.vc_custom_1577334170275{padding-top: 6px !important;padding-bottom: 6px !important;}&#8221;][vc_column width=&#8221;2\/3&#8243;][vc_column_text]<\/p>\n<p>\nArthritis is a condition that causes pain and inflammation in the joints and is one of the main cause of disability among populations worldwide. There are several types of arthritis like Osteoarthritis, Rheumatoid arthritis, Gout etc. The symptoms and age of onset may vary widely depending on the type of arthritis and the joints involved.&#13;\n<p><\/p><p>Les gu\u00e9risseurs ayurv\u00e9diques, qui se sont pench\u00e9s sur l&#8217;\u00e9tiologie de l&#8217;arthrite il y a plusieurs si\u00e8cles, ont \u00e9labor\u00e9 des strat\u00e9gies de traitement sp\u00e9cifiques pour les diff\u00e9rents types d&#8217;arthrite. Ces traitements \u00e9prouv\u00e9s sont pratiqu\u00e9s par les m\u00e9decins ayurv\u00e9diques depuis des si\u00e8cles et ont permis de gu\u00e9rir des millions de personnes souffrant de cette maladie d\u00e9bilitante.<\/p>\n<p>\nThis Specialised Ayurvedic treatment for arthritis offered by AyurMana for rheumatoid arthritis, osteo arthritis and gout, combines profound ayurvedic therapies, yoga practises, potent herbal formulations, customised diets and natural supplements for quick and lasting results.\r\n<p><!-- \/wp:post-content --><\/p>\n[\/vc_column_text][\/vc_column][vc_column width=&#8221;1\/3&#8243; offset=&#8221;vc_hidden-xs&#8221;][vc_column_text css=&#8221;.vc_custom_1588230439461{padding-top: 20px !important;padding-right: 20px !important;padding-bottom: 20px !important;padding-left: 20px !important;background-color: #f7f8f8 !important;border-radius: 3px !important;}&#8221; el_class=&#8221;rr-menu&#8221;]\n<h4>Liens rapides<\/h4>\n<ul>\n<li><a href=\"https:\/\/ayurmana.in\/fr\/chambres-et-suites\/\">Chambres et suites<\/a><br \/>\n<hr>\n<\/li>\n<li><a href=\"https:\/\/ayurmana.in\/fr\/ayurveda-packages-kerala\/\">Nos offres<\/a><br \/>\n<hr>\n<\/li>\n<li><a href=\"https:\/\/ayurmana.in\/fr\/reservation-de-chambre\/\">R\u00e9servation de chambre<\/a><br \/>\n<hr>\n<\/li>\n<li><a href=\"https:\/\/ayurmana.in\/fr\/faq\/\">FAQ<\/a><\/li>\n<\/ul>\n[\/vc_column_text][\/vc_column][\/vc_row][vc_row css=&#8221;.vc_custom_1577691638157{padding-top: 6px !important;}&#8221;][vc_column width=&#8221;1\/2&#8243;][vc_message message_box_color=&#8221;mulled_wine&#8221;]\n<p><strong>Causes communes<\/strong><\/p>\n[\/vc_message][vc_column_text]\n<ul>\n<li>Facteurs h\u00e9r\u00e9ditaires<\/li>\n<li>Mode de vie physiquement exigeant<\/li>\n<li>Ob\u00e9sit\u00e9<\/li>\n<li>Certains types d&#8217;aliments<\/li>\n<li>Blessures pass\u00e9es<\/li>\n<li>Infection<\/li>\n<li>Maladie auto-immune<\/li>\n<li>R\u00e9action allergique<\/li>\n<li>Le stress<\/li>\n<\/ul>\n[\/vc_column_text][\/vc_column][vc_column width=&#8221;1\/2&#8243;][vc_message message_box_color=&#8221;mulled_wine&#8221;]\n<p><strong>Que pouvez-vous attendre de notre programme ?<\/strong><\/p>\n[\/vc_message][vc_column_text]\n<ul>\n<li>Contr\u00f4le rapide de la douleur et de la raideur<\/li>\n<li>Arr\u00eater le processus inflammatoire<\/li>\n<li>Am\u00e9lioration rapide de la mobilit\u00e9<\/li>\n<li>Augmentation des niveaux d&#8217;\u00e9nergie<\/li>\n<li>Am\u00e9lioration de la solidit\u00e9 des articulations<\/li>\n<li>Inverser dans une large mesure les dommages caus\u00e9s aux articulations<\/li>\n<\/ul>\n[\/vc_column_text][\/vc_column][\/vc_row][vc_row][vc_column width=&#8221;2\/3&#8243;][\/vc_column][vc_column width=&#8221;1\/3&#8243; offset=&#8221;vc_hidden-lg vc_hidden-md vc_hidden-sm&#8221;][vc_empty_space height=&#8221;35px&#8221;][vc_column_text]\n<h4>TESTIMONIALES<\/h4>\n<p style=\"text-align: justify;\"><em>Je souffrais de polyarthrite rhumato\u00efde et j&#8217;ai pris des m\u00e9dicaments pendant 6 ans. Mes doigts \u00e9taient \u00e9galement d\u00e9form\u00e9s. L&#8217;am\u00e9lioration apr\u00e8s 6 semaines de traitement a \u00e9t\u00e9 \u00e9tonnante. La douleur et l&#8217;enflure ont presque disparu, m\u00eame la d\u00e9formation a diminu\u00e9.<\/em><\/p>\n[\/vc_column_text][vc_column_text]\n<p style=\"text-align: right;\"><strong>Maunu Manninen, Finlande<\/strong><\/p>\n[\/vc_column_text][vc_column_text]\n<p><em>En seulement 6 semaines, mon arthrose s&#8217;est tellement am\u00e9lior\u00e9e que j&#8217;ai pu marcher sans soutien apr\u00e8s presque 4 ans.<\/em><\/p>\n[\/vc_column_text][vc_column_text]\n<p style=\"text-align: right;\"><strong>Sumathi, Inde<\/strong><\/p>\n[\/vc_column_text][vc_empty_space height=&#8221;35px&#8221;][vc_column_text css=&#8221;.vc_custom_1588231107930{padding-top: 20px !important;padding-right: 20px !important;padding-bottom: 20px !important;padding-left: 20px !important;background-color: #f7f8f8 !important;border-radius: 3px !important;}&#8221; el_class=&#8221;rr-menu&#8221;]\n<h4>Liens rapides<\/h4>\n<ul>\n<li><a href=\"https:\/\/ayurmana.in\/fr\/chambres-et-suites\/\">Chambres et suites<\/a><br \/>\n<hr>\n<\/li>\n<li><a href=\"https:\/\/ayurmana.in\/fr\/ayurveda-packages-kerala\/\">Nos offres<\/a><br \/>\n<hr>\n<\/li>\n<li><a href=\"https:\/\/ayurmana.in\/fr\/reservation-de-chambre\/\">R\u00e9servation de chambre<\/a><br \/>\n<hr>\n<\/li>\n<li><a href=\"https:\/\/ayurmana.in\/fr\/faq\/\">FAQ<\/a><\/li>\n<\/ul>\n[\/vc_column_text][\/vc_column][\/vc_row]\n","protected":false},"excerpt":{"rendered":"<p>[vc_row css=&#8221;.vc_custom_1577039447178{padding-bottom: 6px !important;}&#8221;][vc_column width=&#8221;2\/3&#8243;][vc_column_text] &#13; Traitement ayurv\u00e9dique efficace de [&hellip;]<\/p>\n","protected":false},"author":1,"featured_media":0,"parent":0,"menu_order":0,"comment_status":"closed","ping_status":"closed","template":"","meta":{"_monsterinsights_skip_tracking":false,"_monsterinsights_sitenote_active":false,"_monsterinsights_sitenote_note":"","_monsterinsights_sitenote_category":0,"_joinchat":[],"footnotes":""},"class_list":["post-4620","page","type-page","status-publish","hentry"],"_links":{"self":[{"href":"https:\/\/ayurmana.in\/fr\/wp-json\/wp\/v2\/pages\/4620","targetHints":{"allow":["GET"]}}],"collection":[{"href":"https:\/\/ayurmana.in\/fr\/wp-json\/wp\/v2\/pages"}],"about":[{"href":"https:\/\/ayurmana.in\/fr\/wp-json\/wp\/v2\/types\/page"}],"author":[{"embeddable":true,"href":"https:\/\/ayurmana.in\/fr\/wp-json\/wp\/v2\/users\/1"}],"replies":[{"embeddable":true,"href":"https:\/\/ayurmana.in\/fr\/wp-json\/wp\/v2\/comments?post=4620"}],"version-history":[{"count":0,"href":"https:\/\/ayurmana.in\/fr\/wp-json\/wp\/v2\/pages\/4620\/revisions"}],"wp:attachment":[{"href":"https:\/\/ayurmana.in\/fr\/wp-json\/wp\/v2\/media?parent=4620"}],"curies":[{"name":"wp","href":"https:\/\/api.w.org\/{rel}","templated":true}]}}