{"id":4628,"date":"2019-12-06T11:21:41","date_gmt":"2019-12-06T05:51:41","guid":{"rendered":"https:\/\/www.ayurmana.in\/chambres-et-suites\/"},"modified":"2024-09-27T09:33:05","modified_gmt":"2024-09-27T04:03:05","slug":"chambres-et-suites","status":"publish","type":"page","link":"https:\/\/ayurmana.in\/fr\/chambres-et-suites\/","title":{"rendered":"Chambres et suites"},"content":{"rendered":"[vc_row][vc_column][vc_tta_tabs active_section=&#8221;1&#8243; title=&#8221;Chambres et suites&#8221;][vc_tta_section title=&#8221;Standard Deluxe&#8221; tab_id=&#8221;STD-NAC&#8221;][vc_row_inner][vc_column_inner width=&#8221;1\/3&#8243;][vc_text_separator title=&#8221;Am\u00e9nagements&#8221; title_align=&#8221;separator_align_left&#8221;][vc_column_text]\n<ul>\n<li>Espace de 200 pieds carr\u00e9s<\/li>\n<li>Chambres avec vue enchanteresse sur les collines<\/li>\n<li>Ameublement de confort simpliste<\/li>\n<li>Matelas sp\u00e9cial ferme import\u00e9 pour le soutien du dos<\/li>\n<li>Salle de bain attenante avec eau chaude<\/li>\n<li>Terrasse commune pour se r\u00e9unir<\/li>\n<\/ul>\n[\/vc_column_text][vc_column_text]<strong>Forfaits \u00e0 partir de 39 150 INR \/ semaine.<\/strong>[\/vc_column_text][vc_gallery images=&#8221;1656,1654,1653,1651&#8243; onclick=&#8221;&#8221; columns=&#8221;5&#8243;][\/vc_column_inner][vc_column_inner width=&#8221;1\/3&#8243;][vc_single_image image=&#8221;2553&#8243; img_size=&#8221;large&#8221; onclick=&#8221;link_image&#8221;][vc_gallery images=&#8221;2380,2552,2941&#8243; img_size=&#8221;full&#8221; columns=&#8221;5&#8243;][\/vc_column_inner][vc_column_inner width=&#8221;1\/3&#8243;][vc_single_image image=&#8221;2894&#8243; img_size=&#8221;large&#8221; onclick=&#8221;link_image&#8221;][\/vc_column_inner][\/vc_row_inner][\/vc_tta_section][vc_tta_section title=&#8221;Sup\u00e9rieur Deluxe&#8221; tab_id=&#8221;SUP-AC&#8221;][vc_row_inner][vc_column_inner width=&#8221;1\/3&#8243;][vc_text_separator title=&#8221;Am\u00e9nagements&#8221; title_align=&#8221;separator_align_left&#8221;][vc_column_text]\n<ul>\n<li>Chambre spacieuse de 350 m2<\/li>\n<li>S&#8217;asseoir avec une vue enchanteresse sur les collines<\/li>\n<li>Ameublement de confort simpliste<\/li>\n<li>Climatisation individuelle des chambres<\/li>\n<li>Climatisation individuelle des chambres<\/li>\n<li>Matelas sp\u00e9cial ferme import\u00e9 pour le soutien du dos<\/li>\n<li>Grande salle de bain avec eau chaude<\/li>\n<li>T\u00e9l\u00e9vision multi-cha\u00eenes<\/li>\n<\/ul>\n[\/vc_column_text][vc_column_text]<strong>Forfaits \u00e0 partir de 42 750 INR \/ semaine<\/strong>[\/vc_column_text][vc_gallery images=&#8221;1649,1653,1650,1654,1656&#8243; onclick=&#8221;&#8221; columns=&#8221;5&#8243;][\/vc_column_inner][vc_column_inner width=&#8221;1\/3&#8243;][vc_single_image image=&#8221;3527&#8243; img_size=&#8221;large&#8221;][vc_gallery columns=&#8221;5&#8243;][\/vc_column_inner][vc_column_inner width=&#8221;1\/3&#8243;][vc_single_image image=&#8221;3079&#8243; img_size=&#8221;large&#8221;][\/vc_column_inner][\/vc_row_inner][\/vc_tta_section][vc_tta_section title=&#8221;Chambre Premium&#8221; tab_id=&#8221;PRM-AC&#8221;][vc_row_inner][vc_column_inner width=&#8221;1\/3&#8243;][vc_text_separator title=&#8221;Am\u00e9nagements&#8221; title_align=&#8221;separator_align_left&#8221;][vc_column_text]\n<ul>\n<li>Chambre spacieuse de 400 m2<\/li>\n<li>Balcon priv\u00e9 avec vue imprenable sur les collines<\/li>\n<li>Ameublement de confort simpliste<\/li>\n<li>Salle de bain luxueuse ouverte sur le ciel avec eau chaude<\/li>\n<li>Matelas import\u00e9 pour le soutien du dos<\/li>\n<li>Climatisation individuelle des chambres<\/li>\n<li>T\u00e9l\u00e9vision multi-cha\u00eenes<\/li>\n<\/ul>\n[\/vc_column_text][vc_column_text]<strong>Forfaits \u00e0 partir de 46 350 INR \/ semaine<\/strong>[\/vc_column_text][vc_gallery images=&#8221;1649,1653,1650,1654,1656&#8243; onclick=&#8221;&#8221; columns=&#8221;5&#8243;][\/vc_column_inner][vc_column_inner width=&#8221;1\/3&#8243;][vc_single_image image=&#8221;3528&#8243; img_size=&#8221;large&#8221;][vc_gallery columns=&#8221;5&#8243;][\/vc_column_inner][vc_column_inner width=&#8221;1\/3&#8243;][vc_single_image image=&#8221;3077&#8243; img_size=&#8221;large&#8221;][\/vc_column_inner][\/vc_row_inner][\/vc_tta_section][vc_tta_section title=&#8221;Suite Priv\u00e9e&#8221; tab_id=&#8221;PVT-S-AC&#8221;][vc_row_inner][vc_column_inner width=&#8221;1\/3&#8243;][vc_text_separator title=&#8221;Am\u00e9nagements&#8221; title_align=&#8221;separator_align_left&#8221;][vc_column_text]\n<ul>\n<li>450 sq ft suite spacieuse<\/li>\n<li>Balcon priv\u00e9 avec une vue imprenable sur les collines<\/li>\n<li>Salle de bain luxueuse ouverte sur le ciel avec eau chaude<\/li>\n<li>Salle de th\u00e9rapie priv\u00e9e attenante<\/li>\n<li>Ameublement de confort simpliste<\/li>\n<li>Matelas import\u00e9 pour le soutien du dos<\/li>\n<li>Climatisation individuelle des chambres<\/li>\n<li>T\u00e9l\u00e9vision multi-cha\u00eenes<\/li>\n<\/ul>\n[\/vc_column_text][vc_column_text]<strong>Forfaits \u00e0 partir de 49 950 INR \/ semaine<\/strong>[\/vc_column_text][vc_gallery images=&#8221;1649,1656,1654,1653,1651&#8243; onclick=&#8221;&#8221; columns=&#8221;5&#8243;][\/vc_column_inner][vc_column_inner width=&#8221;1\/3&#8243;][vc_single_image image=&#8221;3526&#8243; img_size=&#8221;large&#8221;][vc_gallery img_size=&#8221;large&#8221; columns=&#8221;5&#8243;][\/vc_column_inner][vc_column_inner width=&#8221;1\/3&#8243;][vc_single_image image=&#8221;2938&#8243; img_size=&#8221;large&#8221;][\/vc_column_inner][\/vc_row_inner][\/vc_tta_section][vc_tta_section title=&#8221;Cottage Priv\u00e9&#8221; tab_id=&#8221;PVT-C-AC&#8221;][vc_row_inner][vc_column_inner width=&#8221;1\/3&#8243;][vc_text_separator title=&#8221;Am\u00e9nagements&#8221; title_align=&#8221;separator_align_left&#8221;][vc_column_text]\n<ul>\n<li>Chalet spacieux de 600 pieds carr\u00e9s<\/li>\n<li>Salon priv\u00e9<\/li>\n<li>Jardin priv\u00e9 en arri\u00e8re-cour<\/li>\n<li>Salon s\u00e9par\u00e9<\/li>\n<li>Salle de th\u00e9rapie priv\u00e9e attenante<\/li>\n<li>Ameublement de confort simpliste<\/li>\n<li>Matelas import\u00e9 pour le soutien du dos<\/li>\n<li>Climatisation individuelle des chambres<\/li>\n<li>T\u00e9l\u00e9vision multi-cha\u00eenes<\/li>\n<\/ul>\n[\/vc_column_text][vc_column_text]<strong>Forfaits \u00e0 partir de 58 500 INR \/ semaine<\/strong>[\/vc_column_text][vc_gallery images=&#8221;1649,1651,1653,1654,1656&#8243; onclick=&#8221;&#8221; columns=&#8221;5&#8243;][\/vc_column_inner][vc_column_inner width=&#8221;1\/3&#8243;][vc_single_image image=&#8221;3525&#8243; img_size=&#8221;large&#8221;][vc_gallery images=&#8221;2869,2870&#8243; columns=&#8221;5&#8243;][\/vc_column_inner][vc_column_inner width=&#8221;1\/3&#8243;][vc_single_image image=&#8221;2550&#8243; img_size=&#8221;large&#8221;][\/vc_column_inner][\/vc_row_inner][\/vc_tta_section][\/vc_tta_tabs][\/vc_column][\/vc_row]\n","protected":false},"excerpt":{"rendered":"<p>[vc_row][vc_column][vc_tta_tabs active_section=&#8221;1&#8243; title=&#8221;Chambres et suites&#8221;][vc_tta_section title=&#8221;Standard Deluxe&#8221; tab_id=&#8221;STD-NAC&#8221;][vc_row_inner][vc_column_inner width=&#8221;1\/3&#8243;][vc_text_separator title=&#8221;Am\u00e9nagements&#8221; [&hellip;]<\/p>\n","protected":false},"author":1,"featured_media":0,"parent":0,"menu_order":0,"comment_status":"closed","ping_status":"closed","template":"","meta":{"_monsterinsights_skip_tracking":false,"_monsterinsights_sitenote_active":false,"_monsterinsights_sitenote_note":"","_monsterinsights_sitenote_category":0,"_joinchat":[],"footnotes":""},"class_list":["post-4628","page","type-page","status-publish","hentry"],"_links":{"self":[{"href":"https:\/\/ayurmana.in\/fr\/wp-json\/wp\/v2\/pages\/4628","targetHints":{"allow":["GET"]}}],"collection":[{"href":"https:\/\/ayurmana.in\/fr\/wp-json\/wp\/v2\/pages"}],"about":[{"href":"https:\/\/ayurmana.in\/fr\/wp-json\/wp\/v2\/types\/page"}],"author":[{"embeddable":true,"href":"https:\/\/ayurmana.in\/fr\/wp-json\/wp\/v2\/users\/1"}],"replies":[{"embeddable":true,"href":"https:\/\/ayurmana.in\/fr\/wp-json\/wp\/v2\/comments?post=4628"}],"version-history":[{"count":0,"href":"https:\/\/ayurmana.in\/fr\/wp-json\/wp\/v2\/pages\/4628\/revisions"}],"wp:attachment":[{"href":"https:\/\/ayurmana.in\/fr\/wp-json\/wp\/v2\/media?parent=4628"}],"curies":[{"name":"wp","href":"https:\/\/api.w.org\/{rel}","templated":true}]}}