{"id":4634,"date":"2019-12-02T11:04:17","date_gmt":"2019-12-02T05:34:17","guid":{"rendered":"https:\/\/www.ayurmana.in\/ayurveda-packages-kerala\/"},"modified":"2024-03-31T12:52:28","modified_gmt":"2024-03-31T07:22:28","slug":"ayurveda-packages-kerala","status":"publish","type":"page","link":"https:\/\/ayurmana.in\/fr\/ayurveda-packages-kerala\/","title":{"rendered":"Ayurveda-Packages-Kerala"},"content":{"rendered":"[vc_row css=&#8221;.vc_custom_1577793916934{padding-bottom: 6px !important;}&#8221;][vc_column][vc_column_text]\n<h1>Traitement ayurv\u00e9dique de premi\u00e8re qualit\u00e9 et forfaits ayurv\u00e9diques abordables au Kerala<\/h1>\n[\/vc_column_text][vc_column_text]\n<p class=\"swift-in-viewport\">Ayurmana propose une vaste gamme de programmes de traitement ayurv\u00e9dique de premi\u00e8re qualit\u00e9 pour la gu\u00e9rison et le bien-\u00eatre. Avec un \u00e9ventail de cat\u00e9gories de chambres allant de la chambre standard \u00e0 la suite priv\u00e9e, ces forfaits inclusifs mettent les cures uniques et les traitements sp\u00e9cialis\u00e9s \u00e0 la disposition d&#8217;un plus grand nombre de personnes souffrantes. Les forfaits couvrent tous les frais de traitement au centre et l&#8217;h\u00e9bergement priv\u00e9 de votre choix. Toutes les cat\u00e9gories de chambres, de la Standard non a\/c \u00e0 la Private suite a\/c, disposent d&#8217;une salle de bains privative avec eau chaude 24 heures sur 24 et d&#8217;\u00e9quipements allant de la t\u00e9l\u00e9vision multi-cha\u00eenes \u00e0 l&#8217;Internet wifi gratuit. Tous les repas du r\u00e9gime ayurv\u00e9dique standard du centre sont gratuits pour le patient. Veuillez vous r\u00e9f\u00e9rer aux inclusions du programme et n&#8217;h\u00e9sitez pas \u00e0 nous contacter pour toute clarification suppl\u00e9mentaire.<\/p>\n<p class=\"swift-in-viewport\">Conform\u00e9ment \u00e0 la tradition de la famille Dharma depuis 1965, l&#8217;h\u00e9bergement n&#8217;est pas factur\u00e9 dans le cadre du forfait Standard non climatis\u00e9. Cette offre GRATUITE est destin\u00e9e aux patients ayant des contraintes budg\u00e9taires.<\/p>\n<p>Le nombre limit\u00e9 de programmes et de maladies r\u00e9pertori\u00e9s sur ce site ne sert qu&#8217;\u00e0 donner une id\u00e9e de base au visiteur et n&#8217;inclut pas tous les programmes de traitement sp\u00e9cialis\u00e9s et les cures propos\u00e9es par le centre. N&#8217;h\u00e9sitez pas \u00e0 contacter notre \u00e9quipe m\u00e9dicale pour toute question relative \u00e0 votre sant\u00e9. Nos sympathiques m\u00e9decins se feront un plaisir de vous faire part de leurs suggestions et des possibilit\u00e9s de traitement.[\/vc_column_text][\/vc_column][\/vc_row][vc_row css=&#8221;.vc_custom_1577793930890{padding-top: 6px !important;}&#8221;][vc_column][vc_column_text]\n<h2>Paquets de traitement typiques<\/h2>\n[\/vc_column_text][vc_tta_tabs style=&#8221;modern&#8221; active_section=&#8221;1&#8243;][vc_tta_section title=&#8221;Paquet personnalis\u00e9&#8221; tab_id=&#8221;1579680485179-848c1231-bc79&#8243;][vc_row_inner][vc_column_inner width=&#8221;1\/2&#8243;][vc_single_image image=&#8221;2296&#8243; img_size=&#8221;full&#8221;][\/vc_column_inner][vc_column_inner width=&#8221;1\/2&#8243;][vc_column_text]\n<h3><a href=\"#\">Programme personnalis\u00e9<\/a><\/h3>\n[\/vc_column_text][vc_column_text]\n<p><strong>Inclusions :<\/strong><br \/>\n1. H\u00e9bergement priv\u00e9 dans la cat\u00e9gorie de chambre de votre choix<br \/>\n2. Consultations avec les m\u00e9decins du Centre<br \/>\n3. Deux grandes th\u00e9rapies quotidiennes<br \/>\n4. S\u00e9ance de yoga en groupe le matin<br \/>\n5. Tous les suppl\u00e9ments \/ m\u00e9dicaments \u00e0 base de plantes pendant votre s\u00e9jour<br \/>\n6. Tous les repas selon le r\u00e9gime ayurv\u00e9dique<\/p>\n[\/vc_column_text][\/vc_column_inner][\/vc_row_inner][\/vc_tta_section][vc_tta_section title=&#8221;Minceur&#8221; tab_id=&#8221;1576692971878-dfbc2d2f-cf71&#8243;][vc_row_inner][vc_column_inner width=&#8221;1\/2&#8243;][vc_single_image image=&#8221;75&#8243; img_size=&#8221;full&#8221;][\/vc_column_inner][vc_column_inner width=&#8221;1\/2&#8243;][vc_column_text]\n<h3><a href=\"https:\/\/ayurmana.in\/treatment\/obesity\/\">Programme d&#8217;amincissement<\/a><\/h3>\n[\/vc_column_text][vc_column_text]\n<p><strong>Inclusions :<\/strong><br \/>\n1. H\u00e9bergement priv\u00e9 dans la cat\u00e9gorie de chambre de votre choix<br \/>\n2. Consultations avec les m\u00e9decins du Centre<br \/>\n3. Deux grandes th\u00e9rapies quotidiennes<br \/>\n4. S\u00e9ance de yoga en groupe le matin<br \/>\n5. Tous les suppl\u00e9ments \/ m\u00e9dicaments \u00e0 base de plantes pendant votre s\u00e9jour<br \/>\n6. Tous les repas selon le r\u00e9gime ayurv\u00e9dique<\/p>\n[\/vc_column_text][\/vc_column_inner][\/vc_row_inner][vc_empty_space][\/vc_tta_section][vc_tta_section title=&#8221;Arthrite&#8221; tab_id=&#8221;1576692971934-d614b9b2-0734&#8243;][vc_row_inner][vc_column_inner width=&#8221;1\/2&#8243;][vc_single_image image=&#8221;120&#8243; img_size=&#8221;full&#8221;][\/vc_column_inner][vc_column_inner width=&#8221;1\/2&#8243;][vc_column_text]\n<h3><a href=\"https:\/\/ayurmana.in\/treatment\/arthritis\/\">Programme sur l&#8217;arthrite<\/a><\/h3>\n[\/vc_column_text][vc_column_text]<strong>Inclusions :<\/strong><br \/>\n1. H\u00e9bergement priv\u00e9 dans la cat\u00e9gorie de chambre de votre choix<br \/>\n2. Consultations avec les m\u00e9decins du Centre<br \/>\n3. Deux grandes th\u00e9rapies quotidiennes<br \/>\n4. S\u00e9ance de yoga en groupe le matin<br \/>\n5. Tous les suppl\u00e9ments \/ m\u00e9dicaments \u00e0 base de plantes pendant votre s\u00e9jour<br \/>\n6. Tous les repas selon le r\u00e9gime ayurv\u00e9dique[\/vc_column_text][\/vc_column_inner][\/vc_row_inner][vc_empty_space][\/vc_tta_section][vc_tta_section title=&#8221;Migraine&#8221; tab_id=&#8221;1576693073400-1461aa08-228a&#8221;][vc_row_inner][vc_column_inner width=&#8221;1\/2&#8243;][vc_single_image image=&#8221;172&#8243; img_size=&#8221;891x317px&#8221;][\/vc_column_inner][vc_column_inner width=&#8221;1\/2&#8243;][vc_column_text]\n<h3><a href=\"https:\/\/ayurmana.in\/treatment\/migraine\/\">Programme pour la migraine<\/a><\/h3>\n[\/vc_column_text][vc_column_text]<strong>Inclusions :<\/strong><br \/>\n1. H\u00e9bergement priv\u00e9 dans la cat\u00e9gorie de chambre de votre choix<br \/>\n2. Consultations avec les m\u00e9decins du Centre<br \/>\n3. Deux grandes th\u00e9rapies quotidiennes<br \/>\n4. S\u00e9ance de yoga en groupe le matin<br \/>\n5. Tous les suppl\u00e9ments \/ m\u00e9dicaments \u00e0 base de plantes pendant votre s\u00e9jour<br \/>\n6. Tous les repas selon le r\u00e9gime ayurv\u00e9dique[\/vc_column_text][\/vc_column_inner][\/vc_row_inner][vc_empty_space][\/vc_tta_section][vc_tta_section title=&#8221;D\u00e9tente&#8221; tab_id=&#8221;1576693099241-a4a0f1d0-275e&#8221;][vc_row_inner][vc_column_inner width=&#8221;1\/2&#8243;][vc_single_image image=&#8221;196&#8243; img_size=&#8221;large&#8221;][\/vc_column_inner][vc_column_inner width=&#8221;1\/2&#8243;][vc_column_text]\n<h3><a href=\"https:\/\/ayurmana.in\/treatment\/rejuvenation\/\">Programme de relaxation<\/a><\/h3>\n[\/vc_column_text][vc_column_text]<strong>Inclusions :<\/strong><br \/>\n1. H\u00e9bergement priv\u00e9 dans la cat\u00e9gorie de chambre de votre choix<br \/>\n2. Consultations avec les m\u00e9decins du Centre<br \/>\n3. Deux grandes th\u00e9rapies quotidiennes<br \/>\n4. S\u00e9ance de yoga en groupe le matin<br \/>\n5. Tous les suppl\u00e9ments \/ m\u00e9dicaments \u00e0 base de plantes pendant votre s\u00e9jour<br \/>\n6. Tous les repas selon le r\u00e9gime ayurv\u00e9dique[\/vc_column_text][\/vc_column_inner][\/vc_row_inner][vc_empty_space][\/vc_tta_section][vc_tta_section title=&#8221;Diab\u00e8te&#8221; tab_id=&#8221;1576693124192-3267d330-7ffb&#8221;][vc_row_inner][vc_column_inner width=&#8221;1\/2&#8243;][vc_single_image image=&#8221;75&#8243; img_size=&#8221;full&#8221;][\/vc_column_inner][vc_column_inner width=&#8221;1\/2&#8243;][vc_column_text]\n<h3><a href=\"https:\/\/ayurmana.in\/treatment\/diabetes\/\">Programme de lutte contre le diab\u00e8te<\/a><\/h3>\n[\/vc_column_text][vc_column_text]<strong>Inclusions :<\/strong><br \/>\n1. H\u00e9bergement priv\u00e9 dans la cat\u00e9gorie de chambre de votre choix<br \/>\n2. Consultations avec les m\u00e9decins du Centre<br \/>\n3. Deux grandes th\u00e9rapies quotidiennes<br \/>\n4. S\u00e9ance de yoga en groupe le matin<br \/>\n5. Tous les suppl\u00e9ments \/ m\u00e9dicaments \u00e0 base de plantes pendant votre s\u00e9jour<br \/>\n6. Tous les repas selon le r\u00e9gime ayurv\u00e9dique[\/vc_column_text][\/vc_column_inner][\/vc_row_inner][vc_empty_space][\/vc_tta_section][vc_tta_section title=&#8221;Scl\u00e9rose en plaques&#8221; tab_id=&#8221;1576693141538-712dd74e-01c3&#8243;][vc_row_inner][vc_column_inner width=&#8221;1\/2&#8243;][vc_single_image image=&#8221;177&#8243; img_size=&#8221;large&#8221;][\/vc_column_inner][vc_column_inner width=&#8221;1\/2&#8243;][vc_column_text]\n<h3><a href=\"https:\/\/ayurmana.in\/treatment\/multiple-sclerosis\/\">Programme sur la scl\u00e9rose en plaques<\/a><\/h3>\n[\/vc_column_text][vc_column_text]<strong>Inclusions :<\/strong><br \/>\n1. H\u00e9bergement priv\u00e9 dans la cat\u00e9gorie de chambre de votre choix<br \/>\n2. Consultations avec les m\u00e9decins du Centre<br \/>\n3. Deux grandes th\u00e9rapies quotidiennes<br \/>\n4. S\u00e9ance de yoga en groupe le matin<br \/>\n5. Tous les suppl\u00e9ments \/ m\u00e9dicaments \u00e0 base de plantes pendant votre s\u00e9jour<br \/>\n6. Tous les repas selon le r\u00e9gime ayurv\u00e9dique[\/vc_column_text][\/vc_column_inner][\/vc_row_inner][vc_empty_space][\/vc_tta_section][\/vc_tta_tabs][vc_btn title=&#8221;Demande de r\u00e9servation&#8221; color=&#8221;danger&#8221; i_icon_fontawesome=&#8221;fa fa-calendar-check-o&#8221; add_icon=&#8221;true&#8221; link=&#8221;url:https%3A%2F%2Fwww.ayurmana.in%2Ffr%2Freservation-de-chambre%2F|title:R%C3%A9servation%20de%20chambre|target:%20_blank|&#8221;][\/vc_column][\/vc_row][vc_row][vc_column][vc_column_text]<div id=\"footable_parent_568\"\n         class=\" footable_parent ninja_table_wrapper loading_ninja_table wp_table_data_press_parent semantic_ui \">\n                <table data-ninja_table_instance=\"ninja_table_instance_0\" data-footable_id=\"568\" data-filter-delay=\"1000\" aria-label=\"Price Table\"            id=\"footable_568\"\n           data-unique_identifier=\"ninja_table_unique_id_2642237443_568\"\n           class=\" foo-table ninja_footable foo_table_568 ninja_table_unique_id_2642237443_568 ui table  nt_type_ajax_table selectable celled striped vertical_centered  footable-paging-center ninja_table_search_disabled\">\n                <colgroup>\n                            <col class=\"ninja_column_0 \">\n                            <col class=\"ninja_column_1 \">\n                            <col class=\"ninja_column_2 \">\n                    <\/colgroup>\n            <\/table>\n    \n    \n    \n<\/div>\n[\/vc_column_text][\/vc_column][\/vc_row]\n","protected":false},"excerpt":{"rendered":"<p>[vc_row css=&#8221;.vc_custom_1577793916934{padding-bottom: 6px !important;}&#8221;][vc_column][vc_column_text] Traitement ayurv\u00e9dique de premi\u00e8re qualit\u00e9 et [&hellip;]<\/p>\n","protected":false},"author":1,"featured_media":0,"parent":0,"menu_order":0,"comment_status":"closed","ping_status":"closed","template":"","meta":{"_monsterinsights_skip_tracking":false,"_monsterinsights_sitenote_active":false,"_monsterinsights_sitenote_note":"","_monsterinsights_sitenote_category":0,"_joinchat":[],"footnotes":""},"class_list":["post-4634","page","type-page","status-publish","hentry"],"_links":{"self":[{"href":"https:\/\/ayurmana.in\/fr\/wp-json\/wp\/v2\/pages\/4634","targetHints":{"allow":["GET"]}}],"collection":[{"href":"https:\/\/ayurmana.in\/fr\/wp-json\/wp\/v2\/pages"}],"about":[{"href":"https:\/\/ayurmana.in\/fr\/wp-json\/wp\/v2\/types\/page"}],"author":[{"embeddable":true,"href":"https:\/\/ayurmana.in\/fr\/wp-json\/wp\/v2\/users\/1"}],"replies":[{"embeddable":true,"href":"https:\/\/ayurmana.in\/fr\/wp-json\/wp\/v2\/comments?post=4634"}],"version-history":[{"count":0,"href":"https:\/\/ayurmana.in\/fr\/wp-json\/wp\/v2\/pages\/4634\/revisions"}],"wp:attachment":[{"href":"https:\/\/ayurmana.in\/fr\/wp-json\/wp\/v2\/media?parent=4634"}],"curies":[{"name":"wp","href":"https:\/\/api.w.org\/{rel}","templated":true}]}}