{"id":4657,"date":"2019-12-16T23:06:06","date_gmt":"2019-12-16T17:36:06","guid":{"rendered":"https:\/\/www.ayurmana.in\/avis-juridique\/"},"modified":"2023-10-18T15:13:30","modified_gmt":"2023-10-18T09:43:30","slug":"avis-juridique","status":"publish","type":"page","link":"https:\/\/ayurmana.in\/fr\/avis-juridique\/","title":{"rendered":"Avis juridique"},"content":{"rendered":"[vc_row][vc_column width=&#8221;1\/6&#8243;][\/vc_column][vc_column width=&#8221;2\/3&#8243;][vc_column_text]\n<h4>AVIS JURIDIQUE<\/h4>\n[\/vc_column_text][vc_column_text]\n<h4>Avis de marque et de droit d&#8217;auteur<\/h4>\n[\/vc_column_text][vc_column_text]Dharma Ayurveda d\u00e9tient les droits exclusifs sur les logos &#8220;Dharma Ayurveda&#8221; et &#8220;Ayurmana&#8221; dans leur police stylis\u00e9e et sur le symbole &#8220;Budhha&#8221;. Ces marques sont prot\u00e9g\u00e9es contre la copie et l&#8217;imitation en vertu des lois nationales et internationales et ne peuvent \u00eatre reproduites, copi\u00e9es ou utilis\u00e9es d&#8217;une autre mani\u00e8re sans l&#8217;autorisation \u00e9crite pr\u00e9alable de Dharma Ayurveda. Les marques commerciales qui n&#8217;appartiennent pas \u00e0 Dharma Ayurveda et qui sont r\u00e9f\u00e9renc\u00e9es sur ce site web sont la propri\u00e9t\u00e9 de leurs d\u00e9tenteurs respectifs.[\/vc_column_text][vc_column_text]Le contenu de ce site Web, y compris les informations, les textes, les images, les sons, les graphiques, les liens et tous les autres logiciels et informations publi\u00e9s ou contenus sur ce site sont la propri\u00e9t\u00e9 de Dharma Ayurveda ou lui sont conc\u00e9d\u00e9s sous licence. La copie, la reproduction, la distribution, l&#8217;affichage, la transmission et l&#8217;utilisation non autoris\u00e9es du contenu, par quelque moyen que ce soit, \u00e9lectronique, m\u00e9canique, photocopie, enregistrement ou autre, sans l&#8217;autorisation \u00e9crite pr\u00e9alable de Dharma Ayurveda, peut entra\u00eener une violation des droits de propri\u00e9t\u00e9 intellectuelle des propri\u00e9taires concern\u00e9s, qui peuvent prendre des mesures appropri\u00e9es \u00e0 l&#8217;encontre des contrevenants. Copyright \u00a9 2020 Dharma Ayurveda. Tous droits r\u00e9serv\u00e9s.[\/vc_column_text][vc_column_text]\n<h4>Clause de non-responsabilit\u00e9<\/h4>\n[\/vc_column_text][vc_column_text]Les informations contenues dans ce site ont \u00e9t\u00e9 incluses en toute bonne foi et ne sont destin\u00e9es qu&#8217;\u00e0 la familiarisation. Il ne doit pas \u00eatre utilis\u00e9 \u00e0 des fins sp\u00e9cifiques et aucune d\u00e9claration ou garantie n&#8217;est donn\u00e9e quant \u00e0 son exactitude ou son exhaustivit\u00e9. Aucune information sur ce site ne constitue une invitation \u00e0 entrer en relation avec Dharma Ayurveda ou l&#8217;un de ses employ\u00e9s et agents. Ni Dharma Ayurveda, ni ses employ\u00e9s ou agents ne peuvent \u00eatre tenus responsables de toute perte, dommage ou d\u00e9pense r\u00e9sultant de l&#8217;acc\u00e8s ou de l&#8217;utilisation de ce site ou de tout autre site qui lui est li\u00e9, y compris, mais sans s&#8217;y limiter, toute perte de profit, perte indirecte, accessoire ou cons\u00e9cutive.[\/vc_column_text][\/vc_column][vc_column width=&#8221;1\/6&#8243;][\/vc_column][\/vc_row]\n","protected":false},"excerpt":{"rendered":"<p>[vc_row][vc_column width=&#8221;1\/6&#8243;][\/vc_column][vc_column width=&#8221;2\/3&#8243;][vc_column_text] AVIS JURIDIQUE [\/vc_column_text][vc_column_text] Avis de marque et [&hellip;]<\/p>\n","protected":false},"author":1,"featured_media":0,"parent":0,"menu_order":0,"comment_status":"closed","ping_status":"closed","template":"","meta":{"_monsterinsights_skip_tracking":false,"_monsterinsights_sitenote_active":false,"_monsterinsights_sitenote_note":"","_monsterinsights_sitenote_category":0,"_joinchat":[],"footnotes":""},"class_list":["post-4657","page","type-page","status-publish","hentry"],"_links":{"self":[{"href":"https:\/\/ayurmana.in\/fr\/wp-json\/wp\/v2\/pages\/4657","targetHints":{"allow":["GET"]}}],"collection":[{"href":"https:\/\/ayurmana.in\/fr\/wp-json\/wp\/v2\/pages"}],"about":[{"href":"https:\/\/ayurmana.in\/fr\/wp-json\/wp\/v2\/types\/page"}],"author":[{"embeddable":true,"href":"https:\/\/ayurmana.in\/fr\/wp-json\/wp\/v2\/users\/1"}],"replies":[{"embeddable":true,"href":"https:\/\/ayurmana.in\/fr\/wp-json\/wp\/v2\/comments?post=4657"}],"version-history":[{"count":0,"href":"https:\/\/ayurmana.in\/fr\/wp-json\/wp\/v2\/pages\/4657\/revisions"}],"wp:attachment":[{"href":"https:\/\/ayurmana.in\/fr\/wp-json\/wp\/v2\/media?parent=4657"}],"curies":[{"name":"wp","href":"https:\/\/api.w.org\/{rel}","templated":true}]}}