{"id":4683,"date":"2019-12-16T22:27:04","date_gmt":"2019-12-16T16:57:04","guid":{"rendered":"https:\/\/www.ayurmana.in\/conditions-generales-dutilisation\/"},"modified":"2023-10-18T14:15:55","modified_gmt":"2023-10-18T08:45:55","slug":"conditions-generales-dutilisation","status":"publish","type":"page","link":"https:\/\/ayurmana.in\/fr\/conditions-generales-dutilisation\/","title":{"rendered":"Conditions g\u00e9n\u00e9rales d&#8217;utilisation"},"content":{"rendered":"[vc_row][vc_column width=&#8221;1\/6&#8243;][\/vc_column][vc_column width=&#8221;2\/3&#8243;][vc_column_text]\n<h4>Conditions d&#8217;utilisation<\/h4>\n[\/vc_column_text][vc_column_text]Tous les services sont exploit\u00e9s, rendus et g\u00e9r\u00e9s par Dharma Ayurveda. Les taxes applicables sont incluses dans les tarifs indiqu\u00e9s. Droit d&#8217;erreur r\u00e9serv\u00e9. Les tarifs et informations cit\u00e9s ne sont pas contraignants. La direction peut modifier le tarif sans pr\u00e9avis.[\/vc_column_text][vc_column_text]\n<h4>Confirmation de r\u00e9servation et politique d&#8217;annulation<\/h4>\n[\/vc_column_text][vc_column_text]Veuillez noter que toute confirmation d&#8217;un num\u00e9ro de chambre particulier n&#8217;est pas contraignante car nous nous r\u00e9servons le droit de changer de chambre au sein de la m\u00eame cat\u00e9gorie si n\u00e9cessaire. La direction se r\u00e9serve le droit de surclasser les clients dans une cat\u00e9gorie de chambre \u00e9quivalente ou sup\u00e9rieure. Toute demande de chambre sp\u00e9cifique ne peut \u00eatre prise en compte que si la r\u00e9servation est re\u00e7ue six mois avant l&#8217;arriv\u00e9e et contre confirmation avec paiement anticip\u00e9.<\/p>\n<p>Les r\u00e9servations ne peuvent \u00eatre confirm\u00e9es que sur la base d&#8217;un forfait et contre paiement anticip\u00e9. Veuillez noter que votre r\u00e9servation peut \u00eatre annul\u00e9e sans pr\u00e9avis si le paiement anticip\u00e9 n&#8217;est pas re\u00e7u \u00e0 temps. Nous ne sommes pas responsables si le paiement est refus\u00e9 par le fournisseur de la carte de cr\u00e9dit. En cas d&#8217;annulation de la r\u00e9servation, les frais suivants sont applicables :<\/p>\n<p>Plus de 14 jours avant l&#8217;arriv\u00e9e : pas de frais d&#8217;annulation.<br \/>\nAnnulation moins de 14 jours avant l&#8217;arriv\u00e9e : 20 000 INR par chambre r\u00e9serv\u00e9e.[\/vc_column_text][vc_column_text]\n<h4>Enregistrement et d\u00e9part<\/h4>\n[\/vc_column_text][vc_column_text]Enregistrement : 14h00<br \/>\nD\u00e9part : 12h00[\/vc_column_text][vc_column_text]\n<h4>Avantages li\u00e9s \u00e0 la fid\u00e9lit\u00e9<\/h4>\n[\/vc_column_text][vc_column_text]Nous accordons \u00e0 nos clients r\u00e9guliers des avantages particuliers, notamment la r\u00e9servation prioritaire, le choix d&#8217;une chambre pr\u00e9f\u00e9rentielle dans la mesure du possible, l&#8217;enregistrement anticip\u00e9 et le d\u00e9part tardif sans frais suppl\u00e9mentaires [subject to availability].[\/vc_column_text][\/vc_column][vc_column width=&#8221;1\/6&#8243;][\/vc_column][\/vc_row]\n","protected":false},"excerpt":{"rendered":"<p>[vc_row][vc_column width=&#8221;1\/6&#8243;][\/vc_column][vc_column width=&#8221;2\/3&#8243;][vc_column_text] Conditions d&#8217;utilisation [\/vc_column_text][vc_column_text]Tous les services sont exploit\u00e9s, [&hellip;]<\/p>\n","protected":false},"author":1,"featured_media":0,"parent":0,"menu_order":0,"comment_status":"closed","ping_status":"closed","template":"page-templates\/page-fullwidth.php","meta":{"_monsterinsights_skip_tracking":false,"_monsterinsights_sitenote_active":false,"_monsterinsights_sitenote_note":"","_monsterinsights_sitenote_category":0,"_joinchat":[],"footnotes":""},"class_list":["post-4683","page","type-page","status-publish","hentry"],"_links":{"self":[{"href":"https:\/\/ayurmana.in\/fr\/wp-json\/wp\/v2\/pages\/4683","targetHints":{"allow":["GET"]}}],"collection":[{"href":"https:\/\/ayurmana.in\/fr\/wp-json\/wp\/v2\/pages"}],"about":[{"href":"https:\/\/ayurmana.in\/fr\/wp-json\/wp\/v2\/types\/page"}],"author":[{"embeddable":true,"href":"https:\/\/ayurmana.in\/fr\/wp-json\/wp\/v2\/users\/1"}],"replies":[{"embeddable":true,"href":"https:\/\/ayurmana.in\/fr\/wp-json\/wp\/v2\/comments?post=4683"}],"version-history":[{"count":0,"href":"https:\/\/ayurmana.in\/fr\/wp-json\/wp\/v2\/pages\/4683\/revisions"}],"wp:attachment":[{"href":"https:\/\/ayurmana.in\/fr\/wp-json\/wp\/v2\/media?parent=4683"}],"curies":[{"name":"wp","href":"https:\/\/api.w.org\/{rel}","templated":true}]}}