{"id":4691,"date":"2019-12-07T12:14:46","date_gmt":"2019-12-07T06:44:46","guid":{"rendered":"https:\/\/www.ayurmana.in\/temoignages\/"},"modified":"2023-10-18T14:09:57","modified_gmt":"2023-10-18T08:39:57","slug":"temoignages","status":"publish","type":"page","link":"https:\/\/ayurmana.in\/fr\/temoignages\/","title":{"rendered":"T\u00e9moignages"},"content":{"rendered":"[vc_row][vc_column width=&#8221;1\/2&#8243;][vc_column_text]\n<h2>T\u00e9moignages<br \/>\nCe que les clients disent d&#8217;Ayurmana !<\/h2>\n[\/vc_column_text][vc_column_text]\n<blockquote><p>J&#8217;ai perdu plus de 70 livres chez ayurmana et cela a compl\u00e8tement chang\u00e9 ma vie. Mon diab\u00e8te et mon hypothyro\u00efdie ont disparu et j&#8217;ai l&#8217;impression d&#8217;\u00eatre une toute autre personne. Je suis plus active et plus \u00e9nergique, mon humeur est fantastique et les gens disent que j&#8217;ai l&#8217;air d&#8217;avoir au moins 10 ans de moins.<\/p><\/blockquote>\n[\/vc_column_text][vc_column_text]\n<p style=\"text-align: right;\"><strong>Abdul Mehsin, Kowe\u00eft<\/strong><\/p>\n[\/vc_column_text][vc_column_text]\n<blockquote><p>Ma blessure au pied ne cicatrisait pas depuis des mois et on m&#8217;a conseill\u00e9 l&#8217;amputation. Apr\u00e8s avoir suivi un traitement ayurv\u00e9dique pendant 4 semaines chez ayurmana, la plaie a compl\u00e8tement gu\u00e9ri.<\/p><\/blockquote>\n[\/vc_column_text][vc_column_text]\n<p style=\"text-align: right;\"><strong>Suresh Krishnan, Inde<\/strong><\/p>\n[\/vc_column_text][\/vc_column][vc_column width=&#8221;1\/2&#8243;][vc_empty_space height=&#8221;125px&#8221;][vc_video link=&#8221;https:\/\/youtu.be\/gl_Wsi8-aW4&#8243;][\/vc_column][\/vc_row][vc_row css=&#8221;.vc_custom_1578132968223{padding-top: 6px !important;}&#8221;][vc_column width=&#8221;1\/2&#8243;][vc_column_text]\n<blockquote><p>Je souffrais de fatigue chronique et d&#8217;humeur maussade. Le traitement ayurv\u00e9dique m&#8217;a totalement transform\u00e9. Je me sens revigor\u00e9e et renouvel\u00e9e. Je n&#8217;aurais jamais pens\u00e9 retrouver une telle forme physique.<\/p><\/blockquote>\n[\/vc_column_text][vc_column_text]\n<p style=\"text-align: right;\"><strong>Fiona , Royaume-Uni<\/strong><\/p>\n[\/vc_column_text][vc_column_text]\n<blockquote><p>En moins de six semaines chez Ayurmana, ma glyc\u00e9mie, mon cholest\u00e9rol, ma thyro\u00efde et mon hypertension sont revenus dans les limites de la normale. Une efficacit\u00e9 \u00e9tonnante. Syndrome m\u00e9tabolique invers\u00e9.<\/p><\/blockquote>\n[\/vc_column_text][vc_column_text]\n<p style=\"text-align: right;\"><strong>Ashish Kapur, Inde<\/strong><\/p>\n[\/vc_column_text][vc_separator style=&#8221;dashed&#8221;][\/vc_column][vc_column width=&#8221;1\/2&#8243;][vc_column_text]\n<blockquote><p>Mon m\u00e9decin g\u00e9n\u00e9raliste m&#8217;avait propos\u00e9 une chirurgie bariatrique car je souffrais d&#8217;ob\u00e9sit\u00e9 morbide. Je suis reconnaissante \u00e0 ayurmana de m&#8217;avoir aid\u00e9e \u00e0 perdre plus de 40 kilos et d&#8217;avoir \u00e9vit\u00e9 la chirurgie. Et le plus beau, c&#8217;est que je n&#8217;ai jamais eu besoin de mourir de faim pour perdre du poids dans le cadre de ce programme.<\/p><\/blockquote>\n[\/vc_column_text][vc_column_text]\n<p style=\"text-align: right;\"><strong>Paul D&#8217; Souza, Inde<\/strong><\/p>\n[\/vc_column_text][vc_column_text]\n<blockquote><p>Depuis plusieurs ann\u00e9es, je ne pouvais pas dormir sans prendre de s\u00e9datifs et je prenais \u00e9galement des antid\u00e9presseurs. Apr\u00e8s un traitement ayurv\u00e9dique, j&#8217;ai arr\u00eat\u00e9 les deux m\u00e9dicaments et je me sens mieux que jamais.<\/p><\/blockquote>\n[\/vc_column_text][vc_column_text]\n<p style=\"text-align: right;\"><strong>Lynn R Williams, \u00c9tats-Unis<\/strong><\/p>\n[\/vc_column_text][vc_separator style=&#8221;dashed&#8221;][\/vc_column][\/vc_row][vc_row][vc_column width=&#8221;1\/2&#8243;][vc_video link=&#8221;https:\/\/www.youtube.com\/watch?v=YOiCvI6P8B0&amp;rel=0&#8243;][\/vc_column][vc_column width=&#8221;1\/2&#8243;][vc_column_text]\n<blockquote><p>Je prenais de l&#8217;insuline 30-30 et deux autres m\u00e9dicaments pour le diab\u00e8te. Le traitement ayurv\u00e9dique a donn\u00e9 d&#8217;excellents r\u00e9sultats. J&#8217;ai arr\u00eat\u00e9 l&#8217;insuline et les pilules et pourtant mon taux de sucre est normal. Maintenant, j&#8217;ai arr\u00eat\u00e9 l&#8217;insuline et les hypoglyc\u00e9miants oraux.<\/p><\/blockquote>\n[\/vc_column_text][vc_column_text]\n<p style=\"text-align: right;\"><strong>Sweta Tivari, Inde<\/strong><\/p>\n[\/vc_column_text][vc_column_text]\n<blockquote><p>Je n&#8217;arrive toujours pas \u00e0 croire que je suis maintenant gu\u00e9rie de la migraine. Le mal de t\u00eate \u00e9tait si intense et j&#8217;en souffrais depuis tant d&#8217;ann\u00e9es que je l&#8217;avais accept\u00e9 comme une fatalit\u00e9. Mais le traitement Ayurveda a chang\u00e9 ma vie.<\/p><\/blockquote>\n[\/vc_column_text][vc_column_text]\n<p style=\"text-align: right;\"><strong>Harrison Simpson, Su\u00e8de<\/strong><\/p>\n[\/vc_column_text][vc_separator style=&#8221;dashed&#8221;][\/vc_column][\/vc_row][vc_row][vc_column width=&#8221;1\/2&#8243;][vc_column_text]\n<blockquote><p>Je souffrais de polyarthrite rhumato\u00efde et j&#8217;ai pris des m\u00e9dicaments pendant 6 ans. Mes doigts \u00e9taient \u00e9galement d\u00e9form\u00e9s. L&#8217;am\u00e9lioration apr\u00e8s 6 semaines de traitement a \u00e9t\u00e9 \u00e9tonnante. La douleur et l&#8217;enflure ont presque disparu, m\u00eame la d\u00e9formation a diminu\u00e9.<\/p><\/blockquote>\n[\/vc_column_text][vc_column_text]\n<p style=\"text-align: right;\"><strong>Maunu Manninen, Finlande<\/strong><\/p>\n[\/vc_column_text][vc_separator style=&#8221;dashed&#8221;][vc_column_text]\n<blockquote><p>Je suis un professionnel de l&#8217;informatique et je souffrais de douleurs au cou et au dos. Chez Ayurmana, tous mes sympt\u00f4mes ont disparu en l&#8217;espace de quatre semaines. Je ne m&#8217;attendais pas \u00e0 une am\u00e9lioration aussi remarquable en si peu de temps<\/p><\/blockquote>\n[\/vc_column_text][vc_column_text]\n<p style=\"text-align: right;\"><strong>Anand kumar, Inde<\/strong><\/p>\n[\/vc_column_text][vc_separator style=&#8221;dashed&#8221;][vc_column_text]\n<blockquote><p>Les taches blanches sur la poitrine, le visage et les bras m&#8217;ont rendu d\u00e9pressif au-del\u00e0 de toute compr\u00e9hension. J&#8217;ai essay\u00e9 tous les traitements \u00e0 ma disposition. Mais il n&#8217;y a pas eu d&#8217;am\u00e9lioration notable. J&#8217;ai suivi un traitement chez ayurmana sur recommandation d&#8217;un ami et, \u00e0 ma grande surprise, les plaques ont commenc\u00e9 \u00e0 se pigmenter. Je suis vraiment \u00e9merveill\u00e9e par ce syst\u00e8me de m\u00e9decine naturelle en provenance de l&#8217;Inde.<\/p><\/blockquote>\n[\/vc_column_text][vc_column_text]\n<p style=\"text-align: right;\"><strong>Adalberta Pinto, Italie<\/strong><\/p>\n[\/vc_column_text][vc_separator style=&#8221;dashed&#8221;][vc_video link=&#8221;https:\/\/www.youtube.com\/watch?v=P53V4fJsGhs&#8221;][vc_column_text]\n<blockquote><p>J&#8217;ai des probl\u00e8mes de chute de cheveux et de pellicules depuis mon adolescence. Lorsque ma chute de cheveux est devenue grossi\u00e8re et que mon cuir chevelu a commenc\u00e9 \u00e0 appara\u00eetre, j&#8217;ai commenc\u00e9 \u00e0 courir d&#8217;un m\u00e9decin \u00e0 l&#8217;autre. La plupart du temps, cela donnait des r\u00e9sultats, mais toujours temporaires, jusqu&#8217;\u00e0 ce que je suive un traitement ayurv\u00e9dique. Ma chute de cheveux s&#8217;est arr\u00eat\u00e9e, les pellicules ont disparu et mes cheveux sont devenus \u00e9pais et sains.<\/p><\/blockquote>\n[\/vc_column_text][vc_column_text]\n<p style=\"text-align: right;\"><strong>Lengyel Judit, Hongrie<\/strong><\/p>\n[\/vc_column_text][vc_separator style=&#8221;dashed&#8221;][\/vc_column][vc_column width=&#8221;1\/2&#8243;][vc_video link=&#8221;https:\/\/www.youtube.com\/watch?v=mO00rLboBGs&#8221;][vc_column_text]\n<blockquote><p>Depuis l&#8217;enfance, je souffre d&#8217;ecz\u00e9ma atopique. Apr\u00e8s ma seizi\u00e8me ann\u00e9e, j&#8217;ai eu une pouss\u00e9e et j&#8217;ai pris des st\u00e9ro\u00efdes et des immunosuppresseurs. J&#8217;ai d\u00e9couvert Ayurmana par hasard et j&#8217;ai \u00e9t\u00e9 admise pour un traitement. Les sympt\u00f4mes ont disparu en moins de deux mois et n&#8217;ont pas r\u00e9apparu depuis. J&#8217;ai 32 ans maintenant, j&#8217;ai arr\u00eat\u00e9 les m\u00e9dicaments et je retrouve ma forme physique qui avait \u00e9t\u00e9 perturb\u00e9e par la prise excessive de st\u00e9ro\u00efdes.<\/p><\/blockquote>\n[\/vc_column_text][vc_column_text]\n<p style=\"text-align: right;\"><strong>Meliha Sangen, Danemark<\/strong><\/p>\n[\/vc_column_text][vc_separator style=&#8221;dashed&#8221;][vc_column_text]\n<blockquote><p>Il y a quelques ann\u00e9es, on m&#8217;a diagnostiqu\u00e9 un syndrome de fatigue chronique. J&#8217;ai subi des tests et des traitements approfondis sans aucun soulagement. Mais apr\u00e8s six semaines de traitement au rasayana, mon \u00e9tat de sant\u00e9 g\u00e9n\u00e9ral s&#8217;est consid\u00e9rablement am\u00e9lior\u00e9. Je ne souffre plus de fatigue, mon humeur s&#8217;est am\u00e9lior\u00e9e et je me sens comme rafra\u00eechie et renouvel\u00e9e.<\/p><\/blockquote>\n[\/vc_column_text][vc_column_text]\n<p style=\"text-align: right;\"><strong>Michelle Wurfel, Allemagne<\/strong><\/p>\n[\/vc_column_text][vc_separator style=&#8221;dashed&#8221;][vc_column_text]\n<blockquote><p>Apr\u00e8s un accident, j&#8217;ai perdu la m\u00e9moire, je n&#8217;ai m\u00eame pas pu reconna\u00eetre ma femme ou mes enfants et je suis rest\u00e9 paralys\u00e9. Le traitement Ayumana m&#8217;a ramen\u00e9 \u00e0 la vie. Je ne me souviens toujours pas de l&#8217;incident et de la longue p\u00e9riode qui a suivi. Mais j&#8217;ai retrouv\u00e9 une vie normale, physiquement et mentalement, et ma famille et mes amis pensent que c&#8217;est un miracle apr\u00e8s ce qu&#8217;ils ont vu de moi auparavant.<\/p><\/blockquote>\n[\/vc_column_text][vc_column_text]\n<p style=\"text-align: right;\"><strong>Sudarsanan, Inde<\/strong><\/p>\n[\/vc_column_text][vc_column_text]\n<blockquote><p>J&#8217;ai subi deux accidents vasculaires c\u00e9r\u00e9braux cons\u00e9cutifs en l&#8217;espace de deux ans. La premi\u00e8re fois, cela a affect\u00e9 tout le c\u00f4t\u00e9 droit du corps, alors que je me r\u00e9tablissais progressivement, j&#8217;ai eu un deuxi\u00e8me incident et j&#8217;ai perdu la parole, la capacit\u00e9 d&#8217;avaler et tout le c\u00f4t\u00e9 gauche du corps s&#8217;est paralys\u00e9. On m&#8217;a emmen\u00e9e chez Ayurmana et personne n&#8217;a pu croire \u00e0 la rapidit\u00e9 avec laquelle j&#8217;ai retrouv\u00e9 une vie presque normale.<\/p><\/blockquote>\n[\/vc_column_text][vc_column_text]\n<p style=\"text-align: right;\"><strong>Suhasini, Inde<\/strong><\/p>\n[\/vc_column_text][vc_separator style=&#8221;dashed&#8221;][\/vc_column][\/vc_row][vc_row][vc_column width=&#8221;1\/2&#8243;][vc_column_text]\n<blockquote><p>J&#8217;\u00e9tais \u00e9tudiant en m\u00e9decine lorsqu&#8217;on m&#8217;a diagnostiqu\u00e9 une scl\u00e9rose en plaques. Je savais qu&#8217;il n&#8217;y avait pas de rem\u00e8de, mais mes parents m&#8217;ont forc\u00e9e \u00e0 suivre un traitement ayurv\u00e9dique. Je les remercie aujourd&#8217;hui de l&#8217;avoir fait. Mes sympt\u00f4mes ont compl\u00e8tement disparu sur une p\u00e9riode de 4 ans et tous les marqueurs IRM se sont invers\u00e9s. M\u00eame mes professeurs ont \u00e9t\u00e9 \u00e9tonn\u00e9s de cette am\u00e9lioration.<\/p><\/blockquote>\n[\/vc_column_text][vc_column_text]\n<p style=\"text-align: right;\"><strong>Cintheya, Allemagne<\/strong><\/p>\n[\/vc_column_text][vc_separator style=&#8221;dashed&#8221;][vc_column_text]\n<blockquote><p>J&#8217;ai commenc\u00e9 \u00e0 perdre des cheveux par plaques il y a quelques ann\u00e9es et cela a commenc\u00e9 \u00e0 augmenter. J&#8217;ai essay\u00e9 diff\u00e9rents m\u00e9dicaments, mais les patchs se sont multipli\u00e9s. Apr\u00e8s avoir \u00e9t\u00e9 trait\u00e9es chez Ayurmana, les plaques ont toutes repouss\u00e9 et il n&#8217;y a plus de nouvelles plaques.<\/p><\/blockquote>\n[\/vc_column_text][vc_column_text]\n<p style=\"text-align: right;\"><strong>Jason Sawyer, \u00c9tats-Unis<\/strong><\/p>\n[\/vc_column_text][vc_separator style=&#8221;dashed&#8221;][vc_column_text]\n<blockquote><p>En seulement 6 semaines, mon arthrose s&#8217;est tellement am\u00e9lior\u00e9e que j&#8217;ai pu marcher sans soutien apr\u00e8s presque 4 ans.<\/p><\/blockquote>\n[\/vc_column_text][vc_column_text]\n<p style=\"text-align: right;\"><strong>Sumathi, Inde<\/strong><\/p>\n[\/vc_column_text][vc_separator style=&#8221;dashed&#8221;][\/vc_column][vc_column width=&#8221;1\/2&#8243;][vc_column_text]\n<blockquote><p>Lorsqu&#8217;on m&#8217;a diagnostiqu\u00e9 une SEP-PP, les m\u00e9decins m&#8217;ont dit que je devais accepter la progression de la maladie et m&#8217;y adapter. Je ne voulais pas succomber sans me battre et j&#8217;ai cherch\u00e9 d&#8217;autres rem\u00e8des. Un autre patient atteint de scl\u00e9rose en plaques m&#8217;a sugg\u00e9r\u00e9 l&#8217;Ayurveda et cela a \u00e9t\u00e9 une r\u00e9v\u00e9lation. La progression de ma maladie s&#8217;est arr\u00eat\u00e9e et de nombreux sympt\u00f4mes se sont m\u00eame invers\u00e9s.<\/p><\/blockquote>\n[\/vc_column_text][vc_column_text]\n<p style=\"text-align: right;\"><strong>Anja Mahler, Allemagne<\/strong><\/p>\n[\/vc_column_text][vc_separator style=&#8221;dashed&#8221;][vc_column_text]\n<blockquote><p>Je souffrais de violents maux de t\u00eate suivis de naus\u00e9es et de vomissements. J&#8217;ai essay\u00e9 tous les traitements disponibles sans succ\u00e8s jusqu&#8217;\u00e0 ce que je sois gu\u00e9rie par l&#8217;Ayurveda. Je recommanderais \u00e0 toute personne souffrant de migraine d&#8217;essayer l&#8217;ayurv\u00e9da.<\/p><\/blockquote>\n[\/vc_column_text][vc_column_text]\n<p style=\"text-align: right;\"><strong>Elita Galarneau, France<\/strong><\/p>\n[\/vc_column_text][vc_separator style=&#8221;dashed&#8221;][vc_column_text]\n<blockquote><p>Je prenais de l&#8217;insuline \u00e0 raison de 80 unit\u00e9s par jour lorsque j&#8217;ai commenc\u00e9 le traitement. Aujourd&#8217;hui, je ne prends plus d&#8217;insuline et ma glyc\u00e9mie est redevenue normale.<\/p><\/blockquote>\n[\/vc_column_text][vc_column_text]\n<p style=\"text-align: right;\"><strong>Reno Greve, Norv\u00e8ge<\/strong><\/p>\n[\/vc_column_text][vc_separator style=&#8221;dashed&#8221;][\/vc_column][\/vc_row]\n","protected":false},"excerpt":{"rendered":"<p>[vc_row][vc_column width=&#8221;1\/2&#8243;][vc_column_text] T\u00e9moignages Ce que les clients disent d&#8217;Ayurmana ! [&hellip;]<\/p>\n","protected":false},"author":1,"featured_media":0,"parent":0,"menu_order":0,"comment_status":"closed","ping_status":"closed","template":"","meta":{"_monsterinsights_skip_tracking":false,"_monsterinsights_sitenote_active":false,"_monsterinsights_sitenote_note":"","_monsterinsights_sitenote_category":0,"_joinchat":[],"footnotes":""},"class_list":["post-4691","page","type-page","status-publish","hentry"],"_links":{"self":[{"href":"https:\/\/ayurmana.in\/fr\/wp-json\/wp\/v2\/pages\/4691","targetHints":{"allow":["GET"]}}],"collection":[{"href":"https:\/\/ayurmana.in\/fr\/wp-json\/wp\/v2\/pages"}],"about":[{"href":"https:\/\/ayurmana.in\/fr\/wp-json\/wp\/v2\/types\/page"}],"author":[{"embeddable":true,"href":"https:\/\/ayurmana.in\/fr\/wp-json\/wp\/v2\/users\/1"}],"replies":[{"embeddable":true,"href":"https:\/\/ayurmana.in\/fr\/wp-json\/wp\/v2\/comments?post=4691"}],"version-history":[{"count":0,"href":"https:\/\/ayurmana.in\/fr\/wp-json\/wp\/v2\/pages\/4691\/revisions"}],"wp:attachment":[{"href":"https:\/\/ayurmana.in\/fr\/wp-json\/wp\/v2\/media?parent=4691"}],"curies":[{"name":"wp","href":"https:\/\/api.w.org\/{rel}","templated":true}]}}