{"id":4697,"date":"2022-04-09T19:48:54","date_gmt":"2022-04-09T14:18:54","guid":{"rendered":"https:\/\/www.ayurmana.in\/les-meilleurs-hopitaux-ayurvediques-du-kerala\/"},"modified":"2025-05-20T20:09:25","modified_gmt":"2025-05-20T14:39:25","slug":"les-meilleurs-hopitaux-ayurvediques-du-kerala","status":"publish","type":"page","link":"https:\/\/ayurmana.in\/fr\/les-meilleurs-hopitaux-ayurvediques-du-kerala\/","title":{"rendered":"Les meilleurs h\u00f4pitaux ayurv\u00e9diques du Kerala"},"content":{"rendered":"[vc_row equal_height=&#8221;yes&#8221;][vc_column width=&#8221;1\/2&#8243;][vc_column_text]\n<h1 style=\"text-align: center;\">Qu&#8217;est-ce qui fait d&#8217;Ayurmana l&#8217;un des meilleurs h\u00f4pitaux ayurv\u00e9diques du Kerala ?<\/h1>\n<p>Vous recherchez le meilleur traitement ayurv\u00e9dique pour votre \u00e9tat de sant\u00e9 sp\u00e9cifique ? Voulez-vous d\u00e9couvrir comment cette pratique ancienne exploite les m\u00e9canismes de votre corps pour obtenir une gu\u00e9rison profonde ? Vous souhaitez am\u00e9liorer votre sant\u00e9 et votre forme physique pour un bien-\u00eatre sain ?<\/p>\n<p>Au Centre Ayurmana Dharma Ayurveda pour la gu\u00e9rison avanc\u00e9e, nous utilisons des strat\u00e9gies \u00e9prouv\u00e9es, cliniquement prouv\u00e9es et des rem\u00e8des naturels puissants pour une gu\u00e9rison rapide et durable. Des modifications personnalis\u00e9es du mode de vie et des conseils nutritionnels seront mis en \u0153uvre pendant votre s\u00e9jour afin de promouvoir et d&#8217;assurer un bien-\u00eatre et une long\u00e9vit\u00e9 prolong\u00e9s.[\/vc_column_text][\/vc_column][vc_column width=&#8221;1\/2&#8243;][vc_single_image image=&#8221;2845&#8243; img_size=&#8221;large&#8221;][\/vc_column][\/vc_row][vc_row][vc_column][vc_separator][vc_row_inner][vc_column_inner width=&#8221;2\/3&#8243;][vc_column_text]\n<h2>Qu&#8217;est-ce qui fait d&#8217;Ayurmana le meilleur choix pour votre traitement ayurv\u00e9dique au Kerala ?<\/h2>\n<p>L&#8217;approche th\u00e9rapeutique de Dharma Ayurveda est ancr\u00e9e dans l&#8217;exp\u00e9rience s\u00e9culaire accumul\u00e9e au fil des g\u00e9n\u00e9rations par la famille dharma, \u00e0 travers la pratique authentique de l&#8217;ayurveda. Ceci, associ\u00e9 aux soins intuitifs et d\u00e9vou\u00e9s de nos m\u00e9decins et th\u00e9rapeutes accomplis, vous aidera \u00e0 atteindre la gu\u00e9rison la plus profonde possible. Nich\u00e9 sur une colline apaisante au milieu d&#8217;une v\u00e9g\u00e9tation luxuriante, votre s\u00e9jour en harmonie avec la nature canalisera les \u00e9nergies pour aller \u00e0 la racine de la <strong>gu\u00e9rison<\/strong>. Ayurmana est le premier pas vers une vie totalement transform\u00e9e et pleine de vitalit\u00e9.<\/p>\n<p>Voici quelques-unes des qualit\u00e9s qui font d&#8217;Ayurmana une option exceptionnelle :<\/p>\n<h3><strong>Travailler avec des m\u00e9decins ayurv\u00e9diques exp\u00e9riment\u00e9s pour une approche int\u00e9gr\u00e9e<\/strong><\/h3>\n<p>Dharma Ayurveda abrite des m\u00e9decins ayurv\u00e9diques l\u00e9gendaires qui ont perp\u00e9tu\u00e9 l&#8217;h\u00e9ritage de cette pratique ancienne et de ce traitement traditionnel. Enracin\u00e9es dans un service ax\u00e9 sur le c\u0153ur, nos praticiennes dou\u00e9es exhalent les modalit\u00e9s de gu\u00e9rison intemporelles et v\u00e9n\u00e9r\u00e9es afin d&#8217;exploiter au mieux les pouvoirs de gu\u00e9rison naturels de votre corps.<\/p>\n<p>En tant que ma\u00eetres dans l&#8217;art de la gu\u00e9rison ayurv\u00e9dique, chaque praticien dispose d&#8217;une exp\u00e9rience th\u00e9orique et pratique pour vous rappeler votre capacit\u00e9 inn\u00e9e \u00e0 gu\u00e9rir. Leurs strat\u00e9gies sont enracin\u00e9es dans une incarnation de la gu\u00e9rison de vos maux physiques et invitent \u00e0 l&#8217;harmonie de l&#8217;esprit, du corps et de l&#8217;\u00e2me en tant que composante int\u00e9grale.<\/p>\n<h3><strong>Gu\u00e9rir dans une ambiance sereine pour calmer l&#8217;esprit et le corps<\/strong><\/h3>\n<p>Ayurmana se trouve au c\u0153ur de l&#8217;endroit o\u00f9 une retraite paisible rencontre la gu\u00e9rison et la croissance inspir\u00e9e. Le long de la colline \u00e9ternellement sereine de Dharmagiri, le centre de soins avanc\u00e9s est orn\u00e9 de pi\u00e8ces complexes et d&#8217;un mobilier confortable. Votre s\u00e9jour est rythm\u00e9 par les sons de la nature, ce qui vous offre un r\u00e9pit par rapport \u00e0 l&#8217;agitation de la vie quotidienne. Offrez-vous l&#8217;espace n\u00e9cessaire pour ressentir, l\u00e2cher prise, vous tourner vers l&#8217;int\u00e9rieur et \u00e9couter. Le milieu environnant est une extension de tout ce qui est possible, depuis les profondeurs int\u00e9rieures jusqu&#8217;aux coins ext\u00e9rieurs d&#8217;une vie que vous m\u00e9ritez de vivre.<\/p>\n<h3><strong>Recevoir des cures de signature qui ont r\u00e9sist\u00e9 \u00e0 l&#8217;\u00e9preuve du temps<\/strong><\/h3>\n<p>Ayurmana s&#8217;inspire d&#8217;innombrables rem\u00e8des caract\u00e9ristiques tir\u00e9s de manuscrits familiaux vieux de plusieurs si\u00e8cles et d&#8217;anciennes \u00e9critures m\u00e9dicales qui ont \u00e9t\u00e9 affin\u00e9es par des g\u00e9n\u00e9rations de praticiens. Lorsque vous travaillez avec les m\u00e9decins et les outils de notre \u00e9tablissement, vous pouvez vous attendre \u00e0 recevoir une sagesse ancienne associ\u00e9e \u00e0 une volont\u00e9 d&#8217;\u00e9volution par le biais d&#8217;une application moderne.<\/p>\n<p>C&#8217;est l&#8217;approche gagnante que nous adoptons pour gu\u00e9rir diverses maladies, comme par exemple :<\/p>\n<ul>\n<li>Maladies neurologiques &#8211; Scl\u00e9rose en plaques, migraine, accident vasculaire c\u00e9r\u00e9bral, anxi\u00e9t\u00e9 et d\u00e9pression<\/li>\n<li>Maladies musculo-squelettiques &#8211; Maladies du cou et du dos, douleurs au genou, arthrite, prolapsus discal<\/li>\n<li>Maladies li\u00e9es au mode de vie &#8211; Ob\u00e9sit\u00e9, stress, diab\u00e8te<\/li>\n<li>Peau et cheveux &#8211; Ecz\u00e9ma, psoriasis, alop\u00e9cie<\/li>\n<\/ul>\n<h3>Pourquoi Ayurmana est-il le meilleur <strong>h\u00f4pital ayurv\u00e9dique pr\u00e8s de chez moi<\/strong>?<\/h3>\n<p>Les m\u00e9decins ayurv\u00e9diques d&#8217;Ayurmana sont bien form\u00e9s \u00e0 la pratique des m\u00e9thodes de traitement uniques suivies par la famille dharma. Outre la gu\u00e9rison des maladies physiques et mentales, Ayurmana est l&#8217;endroit id\u00e9al pour la d\u00e9sintoxication, le rajeunissement, l&#8217;immunit\u00e9, la beaut\u00e9 et la long\u00e9vit\u00e9. Nos clients re\u00e7oivent plus qu&#8217;une solution r\u00e9fl\u00e9chie \u00e0 leurs probl\u00e8mes, mais une nouvelle perspective et un nouveau point de vue qui leur permettront de mener la vie dont ils ont toujours r\u00eav\u00e9.<\/p>\n<h3>Qu&#8217;est-ce qui rend la <strong>m\u00e9decine traditionnelle<\/strong> si puissante ?<\/h3>\n<p>Combinant une profonde sagesse m\u00e9dicale et des m\u00e9thodes de traitement \u00e9prouv\u00e9es, Ayurmana propose des cures et des m\u00e9thodes de <strong>bien-\u00eatre<\/strong> personnalis\u00e9es en fonction des exigences et des besoins uniques de chaque personne. Le pouvoir du <strong>traitement ayurv\u00e9dique<\/strong> est puissant et s&#8217;actualise au mieux avec l&#8217;intention de purifier l&#8217;esprit, le corps et l&#8217;\u00e2me. Lorsqu&#8217;elles sont associ\u00e9es au soutien de m\u00e9decins guid\u00e9s par l&#8217;\u00e2me, les modalit\u00e9s traditionnelles de l&#8217;Ayurv\u00e9da ont la possibilit\u00e9 de briller pour un changement durable.<\/p>\n<h3><strong>Comment se d\u00e9roulent les traitements ayurv\u00e9diques ?<\/strong><\/h3>\n<p>Les traitements ayurv\u00e9diques authentiques et les traitements panchakarma sont r\u00e9alis\u00e9s \u00e0 l&#8217;aide de m\u00e9dicaments ayurv\u00e9diques originaux pr\u00e9par\u00e9s sur place. Le m\u00eame degr\u00e9 d&#8217;intention et d&#8217;attention est ressenti \u00e0 chaque traitement pour obtenir les meilleurs r\u00e9sultats. Cela dit, les m\u00e9dicaments ayurv\u00e9diques sont pr\u00e9par\u00e9s \u00e0 partir de mati\u00e8res premi\u00e8res provenant d&#8217;environnements naturels, en utilisant des connaissances traditionnelles et scientifiques. Ce c\u00e9l\u00e8bre h\u00f4pital ayurv\u00e9dique continue d&#8217;\u00eatre r\u00e9put\u00e9 comme le <em><br \/>\n  <strong>meilleur h\u00f4pital ayurv\u00e9dique du Kerala, en Inde<\/strong><br \/>\n<\/em>Il est reconnu comme le meilleur h\u00f4pital ayurv\u00e9dique du Kerala, en Inde, en raison de son approche qui reconna\u00eet et renforce les moindres d\u00e9tails qui m\u00e8nent \u00e0 la gu\u00e9rison, au bien-\u00eatre et \u00e0 la long\u00e9vit\u00e9.[\/vc_column_text][\/vc_column_inner][vc_column_inner width=&#8221;1\/3&#8243;][vc_single_image image=&#8221;2512&#8243; img_size=&#8221;large&#8221; alignment=&#8221;center&#8221;][\/vc_column_inner][\/vc_row_inner][\/vc_column][\/vc_row][vc_row][vc_column][vc_column_text]\n<h3>Les 5 meilleurs h\u00f4pitaux ayurv\u00e9diques du Kerala<\/h3>\n<h4><strong>Ayurmana | Dharma Ayurveda Centre for Advanced Healing<\/strong><\/h4>\n<p>Comme mentionn\u00e9 ci-dessus, Ayurmana est une entreprise s\u0153ur de Dharma Ayurveda, o\u00f9 vous obtenez le meilleur et le plus influent des traitements traditionnels ayurv\u00e9diques et des rem\u00e8des pour presque tous les probl\u00e8mes de sant\u00e9 que vous pouvez avoir, sans effets secondaires ind\u00e9sirables. Dans un environnement serein, avec des installations confortables, sous la direction de m\u00e9decins experts et de th\u00e9rapeutes attentifs et comp\u00e9tents, votre voyage de gu\u00e9rison devient d&#8217;autant plus profond et agr\u00e9able.<\/p>\n<h4><strong>Arya Vaidya Sala | Kottakkal<\/strong><\/h4>\n<p>Situ\u00e9 \u00e0 Kottakkal, Kerala, Inde, Arya Vaidya Sala est une institution caritative renomm\u00e9e depuis plus d&#8217;un si\u00e8cle. Clinique de village \u00e0 l&#8217;origine, Arya Vaidya Sala s&#8217;est d\u00e9velopp\u00e9e pour devenir l&#8217;une des principales institutions synonymes d&#8217;Ayurveda, offrant des services vari\u00e9s et des succursales dans tout le pays.<\/p>\n<h4><strong>H\u00f4pital Punarnava Ayurveda<\/strong><\/h4>\n<p>Avec plus de trois d\u00e9cennies d&#8217;activit\u00e9, Punarava est l&#8217;un des meilleurs h\u00f4pitaux ayurv\u00e9diques du Kerala, au service de patients originaires de plusieurs pays du monde. Cet h\u00f4pital propose des services complets de m\u00e9decine ayurv\u00e9dique et utilise des m\u00e9thodologies modernes pour le diagnostic et la prise en charge.<\/p>\n<h4><strong>Vaidyaratnam Oushadhasala<\/strong><\/h4>\n<p>Vaidyratnam Oushadhasala est g\u00e9r\u00e9 par la famille de Thaikkattu Moss, qui est un nom r\u00e9put\u00e9 dans le domaine de la m\u00e9decine ayurv\u00e9dique. L&#8217;organisation g\u00e8re d&#8217;autres unit\u00e9s de soins et de services, notamment un institut de recherche, un centre de traitement, un mus\u00e9e et une maison de retraite, pour n&#8217;en citer que quelques-uns.<\/p>\n<h4><strong>H\u00f4pital ophtalmologique et centre de panchakarma Matha Ayurveda<\/strong><\/h4>\n<p>Matha Ayurveda est un h\u00f4pital ophtalmologique sp\u00e9cialis\u00e9, r\u00e9put\u00e9 pour offrir des traitements ayurv\u00e9diques sp\u00e9cialis\u00e9s pour toutes les affections oculaires. L&#8217;h\u00f4pital dispose d&#8217;une \u00e9quipe de m\u00e9decins ayurv\u00e9diques dirig\u00e9e par le Dr Santhakumari, un nom r\u00e9put\u00e9 et respect\u00e9 dans le domaine de l&#8217;ophtalmologie ayurv\u00e9dique.[\/vc_column_text][\/vc_column][\/vc_row]\n","protected":false},"excerpt":{"rendered":"<p>[vc_row equal_height=&#8221;yes&#8221;][vc_column width=&#8221;1\/2&#8243;][vc_column_text] Qu&#8217;est-ce qui fait d&#8217;Ayurmana l&#8217;un des meilleurs [&hellip;]<\/p>\n","protected":false},"author":1,"featured_media":0,"parent":0,"menu_order":0,"comment_status":"closed","ping_status":"closed","template":"","meta":{"_monsterinsights_skip_tracking":false,"_monsterinsights_sitenote_active":false,"_monsterinsights_sitenote_note":"","_monsterinsights_sitenote_category":0,"_joinchat":[],"footnotes":""},"class_list":["post-4697","page","type-page","status-publish","hentry"],"_links":{"self":[{"href":"https:\/\/ayurmana.in\/fr\/wp-json\/wp\/v2\/pages\/4697","targetHints":{"allow":["GET"]}}],"collection":[{"href":"https:\/\/ayurmana.in\/fr\/wp-json\/wp\/v2\/pages"}],"about":[{"href":"https:\/\/ayurmana.in\/fr\/wp-json\/wp\/v2\/types\/page"}],"author":[{"embeddable":true,"href":"https:\/\/ayurmana.in\/fr\/wp-json\/wp\/v2\/users\/1"}],"replies":[{"embeddable":true,"href":"https:\/\/ayurmana.in\/fr\/wp-json\/wp\/v2\/comments?post=4697"}],"version-history":[{"count":0,"href":"https:\/\/ayurmana.in\/fr\/wp-json\/wp\/v2\/pages\/4697\/revisions"}],"wp:attachment":[{"href":"https:\/\/ayurmana.in\/fr\/wp-json\/wp\/v2\/media?parent=4697"}],"curies":[{"name":"wp","href":"https:\/\/api.w.org\/{rel}","templated":true}]}}