{"id":4726,"date":"2019-12-16T09:15:00","date_gmt":"2019-12-16T03:45:00","guid":{"rendered":"https:\/\/www.ayurmana.in\/faq\/"},"modified":"2023-10-18T15:15:22","modified_gmt":"2023-10-18T09:45:22","slug":"faq","status":"publish","type":"page","link":"https:\/\/ayurmana.in\/fr\/faq\/","title":{"rendered":"FAQ"},"content":{"rendered":"[vc_row][vc_column][vc_column_text]\n<h1>Questions fr\u00e9quemment pos\u00e9es  [FAQ]<\/h1>\n[\/vc_column_text][vc_toggle title=&#8221;O\u00f9 se trouve AyurMana | Dharma Ayurveda Centre for Advanced Healing ?&#8221;]Ayurmana est situ\u00e9 \u00e0 Ayiroopara, un village paisible et pittoresque dans la banlieue de Thiruvananthapuram, la capitale du Kerala. Il se trouve \u00e0 30 minutes de route de l&#8217;a\u00e9roport international de Thiruvananthapuram, \u00e0 25 minutes de la gare centrale et \u00e0 20 minutes du centre-ville de Trivandrum.[\/vc_toggle][vc_toggle title=&#8221;Comment se rendre \u00e0 AyurMana ?&#8221;]L&#8217;a\u00e9roport le plus proche d&#8217;AyurMana est l&#8217;a\u00e9roport international de Trivandrum (code a\u00e9roport TRV). \u00c9galement connu sous le nom de Thiruvananthapuram, l&#8217;a\u00e9roport se trouve \u00e0 seulement 24 km de notre centre. Vous pouvez facilement trouver de bonnes liaisons a\u00e9riennes depuis n&#8217;importe quelle partie du monde en <strong>entrant <a href=\"https:\/\/www.google.com\/search?q=flights+to+trv\" target=\"_blank\" rel=\"noopener\">votre a\u00e9roport de d\u00e9part ici<\/a><\/strong>.<\/p>\n<p>A votre arriv\u00e9e \u00e0 l&#8217;a\u00e9roport de Trivandrum, si vous avez demand\u00e9 une prise en charge \u00e0 l&#8217;a\u00e9roport, notre chauffeur vous attendra \u00e0 la porte d&#8217;arriv\u00e9e avec un panneau \u00e0 votre nom. En un rien de temps, vous serez en route vers notre centre [approx 30 minutes].<\/p>\n<p>Nous voulons nous assurer que vous vous sentez parfaitement \u00e0 l&#8217;aise. Soyez assur\u00e9 que nous nous occuperons de vous d\u00e8s votre arriv\u00e9e \u00e0 l&#8217;a\u00e9roport et jusqu&#8217;\u00e0 votre retour \u00e0 la maison.<\/p>\n<p>Nous nous r\u00e9jouissons de vous accueillir chez AyurMana ![\/vc_toggle][vc_toggle title=&#8221;Combien co\u00fbte un traitement ayurv\u00e9dique chez AyurMana ?&#8221;]AyurMana n&#8217;est pas une institution \u00e0 but lucratif et offre ses services \u00e0 des clients du monde entier \u00e0 un prix tr\u00e8s raisonnable depuis 1965.<\/p>\n<p>Les forfaits de traitement ayurv\u00e9dique d&#8217;AyurMana sont beaucoup moins chers que ceux des autres centres de notre cat\u00e9gorie et couvrent tous les frais de traitement, de nourriture et d&#8217;h\u00e9bergement.<\/p>\n<p>Ayurmana propose \u00e9galement des forfaits premium, afin de mettre les cures uniques et les traitements sp\u00e9cialis\u00e9s \u00e0 la disposition d&#8217;un plus grand nombre de personnes souffrantes.<\/p>\n<p>Toutes les cat\u00e9gories de chambres, de la Standard non a\/c \u00e0 la Private suite a\/c, disposent d&#8217;une salle de bains privative et d&#8217;\u00e9quipements allant de la t\u00e9l\u00e9vision multi-cha\u00eenes \u00e0 l&#8217;internet wifi gratuit. Tous les repas pris dans le cadre du r\u00e9gime ayurv\u00e9dique standard du centre sont \u00e9galement gratuits pour le patient.<\/p>\n<p>Dans la continuit\u00e9 de la tradition de la famille dharma depuis 1965, l&#8217;h\u00e9bergement en chambre standard est toujours offert GRATUITEMENT, au b\u00e9n\u00e9fice des patients ayant des contraintes financi\u00e8res.<\/p>\n<p>Les prix forfaitaires des traitements ayurv\u00e9diques peuvent \u00eatre consult\u00e9s ici.[\/vc_toggle][vc_toggle title=&#8221;Quels sont les modes de paiement accept\u00e9s ?&#8221;]Pour la confirmation de la r\u00e9servation, un acompte est demand\u00e9, qui sera mentionn\u00e9 dans votre avis de r\u00e9servation. Nous acceptons les cartes de cr\u00e9dit les plus courantes telles que MasterCard, Visa et American Express ainsi que les virements bancaires.<\/p>\n<p>Une fois que vous vous \u00eates enregistr\u00e9 chez AyurMana, vous pouvez payer le solde et les \u00e9ventuels suppl\u00e9ments en esp\u00e8ces en euros, en dollars am\u00e9ricains ou en roupies indiennes. Vous avez \u00e9galement la possibilit\u00e9 de payer par carte de cr\u00e9dit ou de d\u00e9bit.[\/vc_toggle][vc_toggle title=&#8221;Je souhaite b\u00e9n\u00e9ficier d&apos;un traitement pour une affection sp\u00e9cifique qui n&apos;est pas r\u00e9pertori\u00e9e sur votre site web ?&#8221;]Le nombre limit\u00e9 de programmes et de maladies r\u00e9pertori\u00e9s sur ce site ne sert qu&#8217;\u00e0 donner une id\u00e9e de base au visiteur et n&#8217;inclut pas tous les programmes de traitement sp\u00e9cialis\u00e9s et les cures propos\u00e9es par le centre.<\/p>\n<p>N&#8217;h\u00e9sitez pas \u00e0 nous \u00e9crire pour nous faire part de vos pr\u00e9occupations en mati\u00e8re de sant\u00e9. Nos sympathiques m\u00e9decins se feront un plaisir de vous faire part de leurs suggestions et des possibilit\u00e9s de traitement.[\/vc_toggle][vc_toggle title=&#8221;Quel est le meilleur moment pour aller \u00e0 AyurMana ?&#8221;]AyurMana est un endroit merveilleux, tout au long de l&#8217;ann\u00e9e. Pour d\u00e9terminer l&#8217;heure \u00e0 laquelle vous devriez venir, nous vous sugg\u00e9rons d&#8217;examiner d&#8217;abord ce que vous voulez r\u00e9aliser et le temps dont vous disposez. Nous vous invitons \u00e0 ne pas trop vous inqui\u00e9ter de la &#8220;foule&#8221; ou de la &#8220;saison&#8221; &#8211; nous n&#8217;acceptons jamais plus de r\u00e9servations que nous ne pouvons en g\u00e9rer, et nous pouvons vous assurer que chaque saison a quelque chose de sp\u00e9cial.[\/vc_toggle][vc_toggle title=&#8221;Quelle est la comparaison avec d&apos;autres retraites de gu\u00e9rison dans le monde ?&#8221;]Bien que de nombreux endroits pr\u00e9tendent qu&#8217;ils sont comme nulle part ailleurs, nous avons vraiment eu du mal \u00e0 trouver un centre similaire offrant une gu\u00e9rison aussi profonde dans le monde et d&#8217;une mani\u00e8re abordable.<\/p>\n<p>Parfois, les gens viennent chez nous en pensant que nous sommes un centre de bien-\u00eatre ou une retraite de sant\u00e9 ; heureusement, lorsqu&#8217;ils repartent, ils trouvent g\u00e9n\u00e9ralement cette d\u00e9finition \u00e0 la fois inexacte et inad\u00e9quate. Notre mission est vaste et ambitieuse, et nous faisons de notre mieux pour atteindre un niveau de gu\u00e9rison et de bien-\u00eatre sans pr\u00e9c\u00e9dent.<\/p>\n<p>Des milliers d&#8217;h\u00f4tes gu\u00e9ris au fil des d\u00e9cennies t\u00e9moignent de notre travail.[\/vc_toggle][vc_toggle title=&#8221;Les appareils \u00e9lectroniques sont-ils autoris\u00e9s \u00e0 la retraite ?&#8221;]Les t\u00e9l\u00e9phones portables, les iPads, les tablettes, les smartphones et les ordinateurs personnels peuvent \u00eatre utilis\u00e9s dans les chambres d&#8217;h\u00f4tes, mais ne sont pas autoris\u00e9s dans les espaces communs ou ext\u00e9rieurs. La photographie n&#8217;est pas autoris\u00e9e pendant la retraite. Nous nous effor\u00e7ons de prot\u00e9ger la vie priv\u00e9e et l&#8217;espace personnel des clients et de cr\u00e9er un environnement propice au bien-\u00eatre.[\/vc_toggle][vc_toggle title=&#8221;Les chambres disposent-elles d&apos;une connexion mobile et d&apos;une connexion WiFi ?&#8221;]Oui. Nous ne facturons pas le WiFi \u00e0 nos clients.[\/vc_toggle][vc_toggle title=&#8221;Ayurmana offre-t-il une assistance a\u00e9roportuaire \u00e0 ses clients ?&#8221;]Nous sommes conscients que les a\u00e9roports peuvent \u00eatre fastidieux, fatigants et parfois intimidants. L&#8217;assistance a\u00e9roportuaire est propos\u00e9e en option par un prestataire de services international r\u00e9put\u00e9, op\u00e9rant \u00e0 l&#8217;a\u00e9roport de Thiruvananthapuram, moyennant un suppl\u00e9ment. Les clients peuvent b\u00e9n\u00e9ficier de cette assistance en en faisant la demande lors de la r\u00e9servation de leur retraite et en communiquant les d\u00e9tails de leur vol bien \u00e0 l&#8217;avance. Pour en savoir plus, cliquez ici.[\/vc_toggle][vc_toggle title=&#8221;Il se peut que je doive amener un ami qui ne veut pas participer \u00e0 un programme de traitement \u00e0 Ayurmana. Est-ce autoris\u00e9 ?&#8221;]Oui, c&#8217;est autoris\u00e9.[\/vc_toggle][\/vc_column][\/vc_row]\n","protected":false},"excerpt":{"rendered":"<p>[vc_row][vc_column][vc_column_text] Questions fr\u00e9quemment pos\u00e9es [FAQ] [\/vc_column_text][vc_toggle title=&#8221;O\u00f9 se trouve AyurMana [&hellip;]<\/p>\n","protected":false},"author":1,"featured_media":0,"parent":0,"menu_order":0,"comment_status":"closed","ping_status":"closed","template":"","meta":{"_monsterinsights_skip_tracking":false,"_monsterinsights_sitenote_active":false,"_monsterinsights_sitenote_note":"","_monsterinsights_sitenote_category":0,"_joinchat":[],"footnotes":""},"class_list":["post-4726","page","type-page","status-publish","hentry"],"_links":{"self":[{"href":"https:\/\/ayurmana.in\/fr\/wp-json\/wp\/v2\/pages\/4726","targetHints":{"allow":["GET"]}}],"collection":[{"href":"https:\/\/ayurmana.in\/fr\/wp-json\/wp\/v2\/pages"}],"about":[{"href":"https:\/\/ayurmana.in\/fr\/wp-json\/wp\/v2\/types\/page"}],"author":[{"embeddable":true,"href":"https:\/\/ayurmana.in\/fr\/wp-json\/wp\/v2\/users\/1"}],"replies":[{"embeddable":true,"href":"https:\/\/ayurmana.in\/fr\/wp-json\/wp\/v2\/comments?post=4726"}],"version-history":[{"count":0,"href":"https:\/\/ayurmana.in\/fr\/wp-json\/wp\/v2\/pages\/4726\/revisions"}],"wp:attachment":[{"href":"https:\/\/ayurmana.in\/fr\/wp-json\/wp\/v2\/media?parent=4726"}],"curies":[{"name":"wp","href":"https:\/\/api.w.org\/{rel}","templated":true}]}}