{"id":4755,"date":"2020-05-21T08:42:10","date_gmt":"2020-05-21T03:12:10","guid":{"rendered":"https:\/\/www.ayurmana.in\/traitement-ayurvedique-de-la-douleur-au-genou\/"},"modified":"2023-10-18T15:15:44","modified_gmt":"2023-10-18T09:45:44","slug":"traitement-ayurvedique-de-la-douleur-au-genou","status":"publish","type":"page","link":"https:\/\/ayurmana.in\/fr\/traitement-ayurvedique-de-la-douleur-au-genou\/","title":{"rendered":"Traitement ayurv\u00e9dique de la douleur au genou"},"content":{"rendered":"[vc_row curly_padding=&#8221;content-padding-none&#8221;][vc_column width=&#8221;2\/3&#8243; curly_padding=&#8221;content-padding-xs&#8221;][vc_column_text]\n<h1>Traitement ayurv\u00e9dique des douleurs du genou au Kerala<\/h1>\n[\/vc_column_text][vc_single_image image=&#8221;2802&#8243; img_size=&#8221;full&#8221;][\/vc_column][vc_column width=&#8221;1\/3&#8243; curly_padding=&#8221;content-padding-xs&#8221; offset=&#8221;vc_hidden-xs&#8221;][vc_empty_space height=&#8221;45px&#8221;][vc_column_text]\n<h4>TESTIMONIALES<\/h4>\n<p><em>Je souffrais de douleurs et de gonflements importants au niveau du genou. On a diagnostiqu\u00e9 de l&#8217;arthrose et j&#8217;ai suivi des s\u00e9ances de kin\u00e9sith\u00e9rapie et des traitements pendant pr\u00e8s de six mois, sans aucun soulagement. J&#8217;ai alors consult\u00e9 AyurMana qui m&#8217;a recommand\u00e9 de subir une arthroscopie qui a r\u00e9v\u00e9l\u00e9 une d\u00e9chirure partielle du ligament crois\u00e9 ant\u00e9rieur. Ils ont mis en \u0153uvre un plan de traitement sp\u00e9cifique par \u00e9tapes et, apr\u00e8s trois mois, j&#8217;ai retrouv\u00e9 une vie normale et je marche sans douleur.<\/em>[\/vc_column_text][vc_column_text]\n<p style=\"text-align: right;\"><strong>Sam Thomas, Bengaluru<\/strong><\/p>\n[\/vc_column_text][\/vc_column][\/vc_row][vc_row curly_padding=&#8221;content-padding-none&#8221;][vc_column width=&#8221;2\/3&#8243;][vc_column_text]Le genou est une articulation portante complexe compos\u00e9e de plusieurs muscles, ligaments, tendons, m\u00e9nisques, cartilage articulaire et rotule. Il est donc sujet \u00e0 un large \u00e9ventail de blessures et de maladies.<\/p>\n<p>Des millions de personnes souffrent chaque jour de douleurs au genou. La pr\u00e9valence chez les hommes est sup\u00e9rieure \u00e0 15 % et chez les femmes, elle est d&#8217;environ 20 % de la population totale. Les causes les plus fr\u00e9quentes sont la chondromalacie de la rotule, l&#8217;entorse des ligaments, la d\u00e9chirure du m\u00e9nisque et la tendinite. De simples raisons telles qu&#8217;une torsion, un faux pas ou une tension due \u00e0 une activit\u00e9 physique peuvent provoquer une blessure. Mais elle peut aussi \u00eatre due \u00e0 des causes sans blessure comme la bursite, le kyste de Baker, la goutte, une maladie auto-immune comme la maladie rhumato\u00efde ou une usure progressive comme l&#8217;arthrose.<\/p>\n<p>Le traitement de la douleur au genou varie dans chaque cas en fonction de la cause sp\u00e9cifique. Si elle n&#8217;est pas correctement diagnostiqu\u00e9e et trait\u00e9e, la gu\u00e9rison peut prendre plusieurs ann\u00e9es.<\/p>\n<p>AyurMana est un centre sp\u00e9cialis\u00e9 dans le traitement ayurv\u00e9dique des douleurs du genou \u00e0 Trivandrum, Kerala (Inde). Depuis des ann\u00e9es, nous aidons les gens \u00e0 trouver une gu\u00e9rison durable et une meilleure qualit\u00e9 de vie. Quelle que soit la raison pour laquelle vous souffrez de douleurs aux genoux, nous pouvons vous aider \u00e0 mener une vie plus active avec beaucoup moins de douleurs. Alors, avant de choisir la chirurgie ou de vous tourner vers les analg\u00e9siques, rencontrez un m\u00e9decin ayurmana et voyez si l&#8217;ayurveda n&#8217;est pas la r\u00e9ponse que vous cherchez.[\/vc_column_text][\/vc_column][vc_column width=&#8221;1\/3&#8243; curly_padding=&#8221;content-padding-none&#8221; el_class=&#8221;rr-menu&#8221; offset=&#8221;vc_hidden-xs&#8221;][vc_column_text]\n<h4>Liens rapides<\/h4>\n<ul>\n<li><a href=\"https:\/\/ayurmana.in\/fr\/chambres-et-suites\/\">Chambres et suites<\/a><br \/>\n<hr>\n<\/li>\n<li><a href=\"https:\/\/ayurmana.in\/fr\/ayurveda-packages-kerala\/\">Nos offres<\/a><br \/>\n<hr>\n<\/li>\n<li><a href=\"https:\/\/ayurmana.in\/fr\/reservation-de-chambre\/\">R\u00e9servation de chambre<\/a><br \/>\n<hr>\n<\/li>\n<li><a href=\"https:\/\/ayurmana.in\/fr\/faq\/\">FAQ<\/a><\/li>\n<\/ul>\n[\/vc_column_text][\/vc_column][\/vc_row][vc_row][vc_column width=&#8221;2\/3&#8243;][\/vc_column][vc_column width=&#8221;1\/3&#8243; offset=&#8221;vc_hidden-lg vc_hidden-md vc_hidden-sm&#8221;][vc_empty_space height=&#8221;115px&#8221;][vc_column_text]\n<h4>TESTIMONIALES<\/h4>\n<p><em>Je souffrais de douleurs et de gonflements importants au niveau du genou. On a diagnostiqu\u00e9 de l&#8217;arthrose et j&#8217;ai suivi des s\u00e9ances de kin\u00e9sith\u00e9rapie et des traitements aupr\u00e8s de diff\u00e9rents m\u00e9decins pendant pr\u00e8s de six mois, sans aucun soulagement. J&#8217;ai alors consult\u00e9 AyurMana qui m&#8217;a recommand\u00e9 de subir une arthroscopie qui a r\u00e9v\u00e9l\u00e9 une d\u00e9chirure partielle du ligament crois\u00e9 ant\u00e9rieur. Ils ont mis en \u0153uvre un plan de traitement sp\u00e9cifique par \u00e9tapes et, apr\u00e8s trois mois, j&#8217;ai retrouv\u00e9 une vie normale et je marche sans douleur.<\/em>[\/vc_column_text][vc_column_text]\n<p style=\"text-align: right;\"><strong>Sam Thomas, Bengaluru<\/strong><\/p>\n[\/vc_column_text][vc_column_text]<em>Depuis quelques ann\u00e9es, mon taux d&#8217;acide urique dans le sang est \u00e9lev\u00e9 et j&#8217;ai r\u00e9cemment commenc\u00e9 \u00e0 ressentir des douleurs au niveau des gros orteils et du genou. Un traitement ayurv\u00e9dique de 3 semaines chez AyurMana a donn\u00e9 d&#8217;excellents r\u00e9sultats. Mes sympt\u00f4mes ont disparu et l&#8217;acide urique est revenu \u00e0 la normale.<\/em>[\/vc_column_text][vc_column_text]\n<p style=\"text-align: right;\"><strong>Sukriti, Odisha<\/strong><\/p>\n[\/vc_column_text][vc_column_text el_class=&#8221;rr-menu&#8221;]\n<h4>Liens rapides<\/h4>\n<ul>\n<li><a href=\"https:\/\/ayurmana.in\/fr\/chambres-et-suites\/\">Chambres et suites<\/a><br \/>\n<hr>\n<\/li>\n<li><a href=\"https:\/\/ayurmana.in\/fr\/ayurveda-packages-kerala\/\">Nos offres<\/a><br \/>\n<hr>\n<\/li>\n<li><a href=\"https:\/\/ayurmana.in\/fr\/reservation-de-chambre\/\">R\u00e9servation de chambre<\/a><br \/>\n<hr>\n<\/li>\n<li><a href=\"https:\/\/ayurmana.in\/fr\/faq\/\">FAQ<\/a><\/li>\n<\/ul>\n[\/vc_column_text][\/vc_column][\/vc_row]\n","protected":false},"excerpt":{"rendered":"<p>[vc_row curly_padding=&#8221;content-padding-none&#8221;][vc_column width=&#8221;2\/3&#8243; curly_padding=&#8221;content-padding-xs&#8221;][vc_column_text] Traitement ayurv\u00e9dique des douleurs du genou [&hellip;]<\/p>\n","protected":false},"author":1,"featured_media":0,"parent":0,"menu_order":0,"comment_status":"closed","ping_status":"closed","template":"","meta":{"_monsterinsights_skip_tracking":false,"_monsterinsights_sitenote_active":false,"_monsterinsights_sitenote_note":"","_monsterinsights_sitenote_category":0,"_joinchat":[],"footnotes":""},"class_list":["post-4755","page","type-page","status-publish","hentry"],"_links":{"self":[{"href":"https:\/\/ayurmana.in\/fr\/wp-json\/wp\/v2\/pages\/4755","targetHints":{"allow":["GET"]}}],"collection":[{"href":"https:\/\/ayurmana.in\/fr\/wp-json\/wp\/v2\/pages"}],"about":[{"href":"https:\/\/ayurmana.in\/fr\/wp-json\/wp\/v2\/types\/page"}],"author":[{"embeddable":true,"href":"https:\/\/ayurmana.in\/fr\/wp-json\/wp\/v2\/users\/1"}],"replies":[{"embeddable":true,"href":"https:\/\/ayurmana.in\/fr\/wp-json\/wp\/v2\/comments?post=4755"}],"version-history":[{"count":0,"href":"https:\/\/ayurmana.in\/fr\/wp-json\/wp\/v2\/pages\/4755\/revisions"}],"wp:attachment":[{"href":"https:\/\/ayurmana.in\/fr\/wp-json\/wp\/v2\/media?parent=4755"}],"curies":[{"name":"wp","href":"https:\/\/api.w.org\/{rel}","templated":true}]}}