{"id":4770,"date":"2020-04-11T18:56:19","date_gmt":"2020-04-11T13:26:19","guid":{"rendered":"https:\/\/www.ayurmana.in\/karkidaka-chikitsa\/"},"modified":"2023-10-18T15:13:32","modified_gmt":"2023-10-18T09:43:32","slug":"karkidaka-chikitsa","status":"publish","type":"page","link":"https:\/\/ayurmana.in\/fr\/karkidaka-chikitsa\/","title":{"rendered":"Karkidaka-chikitsa"},"content":{"rendered":"[vc_row css=&#8221;.vc_custom_1577384645434{padding-bottom: 6px !important;}&#8221;][vc_column width=&#8221;2\/3&#8243; css=&#8221;.vc_custom_1577696343492{padding-bottom: 6px !important;}&#8221;][vc_column_text]\n<h1>Karkidaka Chikitsa<\/h1>\n[\/vc_column_text][vc_single_image image=&#8221;2801&#8243; img_size=&#8221;full&#8221;][\/vc_column][vc_column width=&#8221;1\/3&#8243; offset=&#8221;vc_hidden-xs&#8221;][vc_empty_space height=&#8221;115px&#8221;][vc_column_text]\n<h4>TESTIMONIALES<\/h4>\n<p><em>J&#8217;ai subi le fameux karkidaka chikitsa chez AyurMana en 2015, juste pour le bien-\u00eatre. Mais \u00e9tonnamment, ma rhinite allergique saisonni\u00e8re et mon urticaire ont disparu depuis. Je reviens maintenant tous les deux ans pendant la mousson.<\/em>[\/vc_column_text][vc_column_text]\n<p style=\"text-align: right;\"><strong>Elysa Rijnberg, Allemande<\/strong><strong>y<\/strong><\/p>\n[\/vc_column_text][vc_column_text]<em>Ma m\u00e8re souffrait tout au long de l&#8217;ann\u00e9e de douleurs articulaires. Mais depuis qu&#8217;elle a commenc\u00e9 \u00e0 suivre r\u00e9guli\u00e8rement le traitement Monsoon Ayurveda, les douleurs p\u00e9riodiques ont disparu. Merci AyurMana.<\/em>[\/vc_column_text][vc_column_text]\n<p style=\"text-align: right;\"><strong>Priya Sekhar, Inde<\/strong><\/p>\n[\/vc_column_text][\/vc_column][\/vc_row][vc_row css=&#8221;.vc_custom_1577384784092{padding-top: 6px !important;padding-bottom: 20px !important;}&#8221;][vc_column width=&#8221;2\/3&#8243;][vc_column_text]Karkidaka chikitsa est une tradition pratiqu\u00e9e depuis plusieurs si\u00e8cles au Kerala. Il s&#8217;agit d&#8217;une fabuleuse strat\u00e9gie de gu\u00e9rison qui permet d&#8217;exploiter les p\u00e9riodes de d\u00e9fis physiques, mentaux et spirituels, afin d&#8217;obtenir la gu\u00e9rison et un bien-\u00eatre prolong\u00e9.<\/p>\n<h3>Pourquoi Karkidaka ?<\/h3>\n<p>Karkidaka est consid\u00e9r\u00e9 comme le mois le plus difficile de l&#8217;ann\u00e9e en termes de sant\u00e9 spirituelle, mentale et physique. Statistiquement, c&#8217;est un mois o\u00f9 les d\u00e9c\u00e8s dus \u00e0 des maladies, \u00e0 des accidents et \u00e0 des causes non naturelles sont parmi les plus nombreux. Nos anc\u00eatres ont suivi plusieurs coutumes pour traiter et minimiser les inflictions pendant le Karkidaka.<\/p>\n<h3>Influence de la mousson karkidaka sur la sant\u00e9<\/h3>\n<p>Plus de 80 % des maladies qui nous touchent sont d&#8217;origine hydrique. Les pluies augmentent les risques de propagation des maladies par l&#8217;eau de boisson, les eaux de drainage, l&#8217;eau pr\u00e9sente dans l&#8217;air, etc. En outre, l&#8217;humidit\u00e9 de l&#8217;atmosph\u00e8re aggrave souvent plusieurs pathologies telles que l&#8217;arthrite, les allergies, l&#8217;asthme, etc.[\/vc_column_text][\/vc_column][vc_column width=&#8221;1\/3&#8243; offset=&#8221;vc_hidden-xs&#8221;][vc_column_text el_class=&#8221;rr-menu&#8221;]\n<h4>Liens rapides<\/h4>\n<ul>\n<li><a href=\"https:\/\/ayurmana.in\/fr\/chambres-et-suites\/\">Chambres et suites<\/a><br \/>\n<hr>\n<\/li>\n<li><a href=\"https:\/\/ayurmana.in\/fr\/ayurveda-packages-kerala\/\">Nos offres<\/a><br \/>\n<hr>\n<\/li>\n<li><a href=\"https:\/\/ayurmana.in\/fr\/reservation-de-chambre\/\">R\u00e9servation de chambre<\/a><br \/>\n<hr>\n<\/li>\n<li><a href=\"https:\/\/ayurmana.in\/fr\/faq\/\">FAQ<\/a><\/li>\n<\/ul>\n[\/vc_column_text][\/vc_column][\/vc_row][vc_row css=&#8221;.vc_custom_1577038844768{padding-top: 6px !important;}&#8221;][vc_column width=&#8221;2\/3&#8243;][vc_message message_box_color=&#8221;mulled_wine&#8221;]<strong>Pratiques de Karkidaka<\/strong>[\/vc_message][vc_column_text]\n<ul>\n<li>R\u00e9cital ou \u00e9coute d&#8217;\u00e9critures spirituelles et de discours stimulants.<\/li>\n<li>Des habitudes saines &#8211; par exemple, pendant la karkidaka, il est conseill\u00e9 \u00e0 tous les membres de la famille de rentrer \u00e0 la maison le soir ; pas de nuit tardive. Une autre pratique consiste \u00e0 ne boire que de l&#8217;eau chaude bouillie avec des herbes purificatrices pendant le karkidaka.<\/li>\n<li>R\u00e9gime sp\u00e9cial de gu\u00e9rison [oushada kanji] pour renforcer l&#8217;immunit\u00e9.<\/li>\n<li>Karkidaka chikitsa pour soulager les conditions de sant\u00e9 existantes et pr\u00e9venir les maladies.<\/li>\n<li>Satsanga &#8211; R\u00e9unions sociales pour des dialogues spirituels afin de garder tout le monde proche et dans un \u00e9tat d&#8217;esprit positif pour se soutenir mutuellement si un besoin se fait sentir pour l&#8217;un des membres de la soci\u00e9t\u00e9.<\/li>\n<\/ul>\n[\/vc_column_text][\/vc_column][vc_column width=&#8221;1\/3&#8243;][\/vc_column][\/vc_row][vc_row css=&#8221;.vc_custom_1577384784092{padding-top: 6px !important;padding-bottom: 20px !important;}&#8221;][vc_column][vc_column_text]\n<h3>Influence de la mousson karkidaka sur la sant\u00e9<\/h3>\n<p>Plus de 80 % des maladies qui nous touchent sont d&#8217;origine hydrique. Les pluies augmentent les risques de propagation des maladies par l&#8217;eau de boisson, les eaux de drainage, l&#8217;eau pr\u00e9sente dans l&#8217;air, etc. En outre, l&#8217;humidit\u00e9 de l&#8217;atmosph\u00e8re aggrave souvent plusieurs pathologies telles que l&#8217;arthrite, les allergies, l&#8217;asthme, etc.<\/p>\n<h3>Quels sont les objectifs de Karkidaka chikitsa ?<\/h3>\n<ol>\n<li>D\u00e9toxification &#8211; Au fil des jours et des mois, nous ing\u00e9rons des toxines et des polluants qui s&#8217;accumulent dans notre organisme. Ceux-ci proviennent de l&#8217;air pollu\u00e9 que nous respirons et qui est charg\u00e9 de gaz d&#8217;\u00e9chappement des v\u00e9hicules et de pollution industrielle ; des aliments pollu\u00e9s qui sont cultiv\u00e9s avec des produits chimiques et des pesticides et pr\u00e9par\u00e9s ou cuits avec des additifs pour le go\u00fbt ; de l&#8217;eau pollu\u00e9e qui contient de nombreux contaminants, etc. Ces toxines s&#8217;accumulent dans l&#8217;organisme et, lorsqu&#8217;elles atteignent un certain niveau, elles provoquent des sympt\u00f4mes tels que des allergies, des douleurs corporelles, des gonflements, des d\u00e9pressions et m\u00eame des troubles auto-immuns. Le Karkidaka Chikitsa vise \u00e0 mobiliser les toxines pr\u00e9sentes dans l&#8217;organisme et \u00e0 les \u00e9liminer par des voies de purification.<\/li>\n<li>Renforcer l&#8217;immunit\u00e9 &#8211; L&#8217;Oushada kanji, pr\u00e9par\u00e9 avec des plantes dont il est prouv\u00e9 qu&#8217;elles am\u00e9liorent et renforcent le syst\u00e8me immunitaire, compl\u00e8te les strat\u00e9gies de d\u00e9sintoxication pour renforcer l&#8217;immunit\u00e9.<\/li>\n<li>Rajeunir &#8211; Les th\u00e9rapies de massage am\u00e9liorent la circulation et augmentent le niveau d&#8217;oxyg\u00e8ne et de nutriments dans les tissus pour rajeunir et rafra\u00eechir le corps.<\/li>\n<li>Se d\u00e9barrasser de la graisse &#8211; Les th\u00e9rapies aident \u00e9galement \u00e0 se d\u00e9barrasser de la graisse en \u00e9liminant les d\u00e9p\u00f4ts de graisse et en tonifiant le corps.<\/li>\n<li>Att\u00e9nuer les probl\u00e8mes de sant\u00e9 actuels &#8211; Un m\u00e9decin exp\u00e9riment\u00e9 peut donner des conseils sur la mani\u00e8re de traiter les probl\u00e8mes de sant\u00e9 actuels et de les gu\u00e9rir. Si vous traitez et gu\u00e9rissez vos probl\u00e8mes de sant\u00e9 pendant les p\u00e9riodes les plus difficiles, il y a de fortes chances que l&#8217;organisme soit \u00e9quip\u00e9 pour faire face plus efficacement aux d\u00e9fis pendant les p\u00e9riodes moins \u00e9prouvantes et, comme on le voit dans la plupart des cas, le reste de l&#8217;ann\u00e9e sera exempt de sympt\u00f4mes.<\/li>\n<\/ol>\n[\/vc_column_text][\/vc_column][\/vc_row][vc_row css=&#8221;.vc_custom_1577038844768{padding-top: 6px !important;}&#8221;][vc_column][vc_message message_box_color=&#8221;mulled_wine&#8221;]<strong>Objectifs de Karkidaka Chikitsa<\/strong>[\/vc_message][vc_column_text]\n<ul class=\"inline list-01\">\n<li>D\u00e9sintoxication<\/li>\n<li>Renforcer l&#8217;immunit\u00e9<\/li>\n<li>Rajeunir<\/li>\n<li>Perdre du poids<\/li>\n<li>Exfolie pour r\u00e9v\u00e9ler une peau fra\u00eeche<\/li>\n<li>Att\u00e9nuer les probl\u00e8mes de sant\u00e9 actuels<\/li>\n<\/ul>\n[\/vc_column_text][vc_message message_box_color=&#8221;mulled_wine&#8221;]<strong>Pratiques \u00e0 suivre au cours du karkidaka<\/strong>[\/vc_message][vc_column_text]\n<ul class=\"inline list-01\">\n<li>Boire au moins 2 litres d&#8217;eau ti\u00e8de par jour<\/li>\n<li>\u00c9vitez les aliments non v\u00e9g\u00e9tariens, les aliments frits, l&#8217;alcool et le tabac.<\/li>\n<li>Rentrer t\u00f4t \u00e0 la maison et se coucher t\u00f4t<\/li>\n<li>Trouvez du temps \u00e0 consacrer \u00e0 votre famille, \u00e0 vos amis et aux personnes avec lesquelles vous aimez partager votre temps.<\/li>\n<li>Faire des exercices de respiration profonde pendant 10 minutes le matin tous les jours<\/li>\n<\/ul>\n[\/vc_column_text][\/vc_column][\/vc_row][vc_row css=&#8221;.vc_custom_1577384784092{padding-top: 6px !important;padding-bottom: 20px !important;}&#8221;][vc_column][vc_column_text]\n<h3>Quand commencer ?<\/h3>\n<p>En 2017, Karkidaka commence le 17 juillet et se prolonge jusqu&#8217;au 16 ao\u00fbt. Cependant, en raison du r\u00e9chauffement de la plan\u00e8te, les changements climatiques ne cessent d&#8217;\u00e9voluer vers des extr\u00eames. Un climat plus chaud fait que l&#8217;atmosph\u00e8re recueille, retient et laisse tomber plus d&#8217;eau. Cela influence les sch\u00e9mas m\u00e9t\u00e9orologiques de telle sorte que les p\u00e9riodes humides deviennent plus humides et les p\u00e9riodes s\u00e8ches plus s\u00e8ches. Depuis quelques d\u00e9cennies, les pluies commencent d\u00e8s le mois de juin et s&#8217;intensifient en juillet. S&#8217;adaptant \u00e0 l&#8217;\u00e9volution du temps et prenant en consid\u00e9ration les objectifs fondamentaux, AyurMana commence le programme de traitement de la mousson \u00e0 partir de la deuxi\u00e8me semaine de juillet jusqu&#8217;\u00e0 la derni\u00e8re semaine d&#8217;ao\u00fbt.[\/vc_column_text][\/vc_column][\/vc_row][vc_row][vc_column width=&#8221;2\/3&#8243;][\/vc_column][vc_column width=&#8221;1\/3&#8243; offset=&#8221;vc_hidden-lg vc_hidden-md vc_hidden-sm&#8221;][vc_empty_space height=&#8221;35px&#8221;][vc_column_text]\n<h4>TESTIMONIALES<\/h4>\n<p><em>Je prenais de l&#8217;insuline \u00e0 raison de 80 unit\u00e9s par jour lorsque j&#8217;ai commenc\u00e9 le traitement. Aujourd&#8217;hui, je ne prends plus d&#8217;insuline et ma glyc\u00e9mie est redevenue normale.<\/em>[\/vc_column_text][vc_column_text]\n<p style=\"text-align: right;\"><strong>Reno Greve, Norv\u00e8ge<\/strong><\/p>\n[\/vc_column_text][vc_column_text]\n<p><em>Je prenais de l&#8217;insuline et deux autres m\u00e9dicaments pour le diab\u00e8te. Le traitement ayurv\u00e9dique a donn\u00e9 d&#8217;excellents r\u00e9sultats. J&#8217;ai arr\u00eat\u00e9 l&#8217;insuline, l&#8217;hypoglyc\u00e9mie orale et les pilules et pourtant mon taux de sucre est normal.<\/em><\/p>\n[\/vc_column_text][vc_column_text]\n<p style=\"text-align: right;\"><strong>Sweta Tivari, Inde<\/strong><\/p>\n[\/vc_column_text][vc_column_text el_class=&#8221;rr-menu&#8221;]\n<h4>Liens rapides<\/h4>\n<ul>\n<li><a href=\"https:\/\/ayurmana.in\/fr\/chambres-et-suites\/\">Chambres et suites<\/a><br \/>\n<hr>\n<\/li>\n<li><a href=\"https:\/\/ayurmana.in\/fr\/ayurveda-packages-kerala\/\">Nos offres<\/a><br \/>\n<hr>\n<\/li>\n<li><a href=\"https:\/\/ayurmana.in\/fr\/reservation-de-chambre\/\">R\u00e9servation de chambre<\/a><br \/>\n<hr>\n<\/li>\n<li><a href=\"https:\/\/ayurmana.in\/fr\/faq\/\">FAQ<\/a><\/li>\n<\/ul>\n[\/vc_column_text][\/vc_column][\/vc_row]\n","protected":false},"excerpt":{"rendered":"<p>[vc_row css=&#8221;.vc_custom_1577384645434{padding-bottom: 6px !important;}&#8221;][vc_column width=&#8221;2\/3&#8243; css=&#8221;.vc_custom_1577696343492{padding-bottom: 6px !important;}&#8221;][vc_column_text] Karkidaka Chikitsa [&hellip;]<\/p>\n","protected":false},"author":1,"featured_media":0,"parent":0,"menu_order":0,"comment_status":"closed","ping_status":"closed","template":"","meta":{"_monsterinsights_skip_tracking":false,"_monsterinsights_sitenote_active":false,"_monsterinsights_sitenote_note":"","_monsterinsights_sitenote_category":0,"_joinchat":[],"footnotes":""},"class_list":["post-4770","page","type-page","status-publish","hentry"],"_links":{"self":[{"href":"https:\/\/ayurmana.in\/fr\/wp-json\/wp\/v2\/pages\/4770","targetHints":{"allow":["GET"]}}],"collection":[{"href":"https:\/\/ayurmana.in\/fr\/wp-json\/wp\/v2\/pages"}],"about":[{"href":"https:\/\/ayurmana.in\/fr\/wp-json\/wp\/v2\/types\/page"}],"author":[{"embeddable":true,"href":"https:\/\/ayurmana.in\/fr\/wp-json\/wp\/v2\/users\/1"}],"replies":[{"embeddable":true,"href":"https:\/\/ayurmana.in\/fr\/wp-json\/wp\/v2\/comments?post=4770"}],"version-history":[{"count":0,"href":"https:\/\/ayurmana.in\/fr\/wp-json\/wp\/v2\/pages\/4770\/revisions"}],"wp:attachment":[{"href":"https:\/\/ayurmana.in\/fr\/wp-json\/wp\/v2\/media?parent=4770"}],"curies":[{"name":"wp","href":"https:\/\/api.w.org\/{rel}","templated":true}]}}