{"id":4778,"date":"2020-04-29T19:42:27","date_gmt":"2020-04-29T14:12:27","guid":{"rendered":"https:\/\/www.ayurmana.in\/traitement-ayurvedique-du-virus-de-la-corona-covid19\/"},"modified":"2023-10-18T15:16:35","modified_gmt":"2023-10-18T09:46:35","slug":"traitement-ayurvedique-du-virus-de-la-corona-covid19","status":"publish","type":"page","link":"https:\/\/ayurmana.in\/fr\/traitement-ayurvedique-du-virus-de-la-corona-covid19\/","title":{"rendered":"Traitement ayurv\u00e9dique du virus de la corona-covid19"},"content":{"rendered":"[vc_row equal_height=&#8221;yes&#8221;][vc_column width=&#8221;1\/2&#8243;][vc_column_text]\n<h1 style=\"text-align: center;\">Ayurveda \u00e0 l&#8217;\u00e9poque de Corona | Traitement ayurv\u00e9dique pour le virus Corona ou Covid19<\/h1>\n<p>L&#8217;ann\u00e9e 2020 a \u00e9t\u00e9 une ann\u00e9e sans pr\u00e9c\u00e9dent dans la m\u00e9moire r\u00e9cente ou m\u00eame lointaine du monde entier, alors que nous traversions une p\u00e9riode troublante au milieu de la pand\u00e9mie du nouveau virus Corona. Le nombre de cas confirm\u00e9s a d\u00e9pass\u00e9 les 7 millions et le nombre de personnes ayant succomb\u00e9 au virus a d\u00e9pass\u00e9 les 16 millions.<\/p>\n<p>La plupart d&#8217;entre nous ont pratiqu\u00e9 la distanciation sociale en restant plus longtemps \u00e0 l&#8217;int\u00e9rieur, en annulant des projets de longue date, en \u00e9vitant les lieux bond\u00e9s et en travaillant \u00e0 domicile, dans l&#8217;attente d&#8217;un retour \u00e0 la normale \u00e0 une date ind\u00e9termin\u00e9e. La route a \u00e9t\u00e9 tr\u00e8s longue.<\/p>\n<p>Nous avons re\u00e7u des centaines de demandes de conseils ayurv\u00e9diques pour lutter contre la pand\u00e9mie de Corona. Nous partageons ci-dessous quelques conseils et strat\u00e9gies ayurv\u00e9diques qui ont prouv\u00e9 \u00e0 maintes reprises leur efficacit\u00e9 pour soutenir le syst\u00e8me immunitaire de l&#8217;organisme en cas de probl\u00e8me grave.[\/vc_column_text][\/vc_column][vc_column width=&#8221;1\/2&#8243;][vc_single_image image=&#8221;2402&#8243; img_size=&#8221;large&#8221;][\/vc_column][\/vc_row][vc_row][vc_column][vc_column_text]\n<h3>Quelle est l&#8217;approche th\u00e9rapeutique ayurv\u00e9dique pour Covid-19 ?<\/h3>\n<p>L&#8217;approche fondamentale de l&#8217;Ayurv\u00e9da dans toute infection consiste \u00e0 soutenir et \u00e0 renforcer les processus inn\u00e9s de l&#8217;organisme pour qu&#8217;il puisse faire face aux d\u00e9fis pos\u00e9s par les organismes infectieux.<\/p>\n<p>Le corps humain est incroyablement \u00e9volu\u00e9 et plus intelligent que n&#8217;importe quel virus. Et pour rappeler l&#8217;\u00e9vidence, quand on est en forme, on peut vaincre n&#8217;importe quel virus 100 fois sur 100. Mais la triste v\u00e9rit\u00e9 est que la plupart d&#8217;entre nous ne sont ni en forme ni en bonne sant\u00e9.<\/p>\n<p>Et le Covid 19 n&#8217;est pas un virus ordinaire. Autrefois consid\u00e9r\u00e9 comme un agent pathog\u00e8ne s&#8217;attaquant principalement aux poumons, il s&#8217;est av\u00e9r\u00e9 \u00eatre un ennemi bien plus redoutable, ayant un impact sur la quasi-totalit\u00e9 des principaux syst\u00e8mes organiques du corps. Et il n&#8217;existe pas encore de rem\u00e8de \u00e9prouv\u00e9. Ne laissons donc rien au hasard. La solution rationnelle consiste \u00e0 am\u00e9liorer notre immunit\u00e9 et notre forme physique et \u00e0 rester \u00e0 l&#8217;\u00e9cart du virus jusqu&#8217;\u00e0 ce que nous disposions d&#8217;un rem\u00e8de fiable.<\/p>\n<h4>Conseils ayurv\u00e9diques pour renforcer l&#8217;immunit\u00e9<\/h4>\n<p>Veuillez noter que ces suggestions ayurv\u00e9diques ne remplacent pas les traitements conventionnels, mais constituent des recommandations pour maintenir un syst\u00e8me immunitaire sain.<br \/>\nRespectez scrupuleusement les recommandations des gouvernements et des services de sant\u00e9 respectifs.[\/vc_column_text][vc_separator][vc_row_inner][vc_column_inner width=&#8221;2\/3&#8243;][vc_column_text]\n<h3>Recommandations ayurv\u00e9diques du minist\u00e8re de l&#8217;AYUSH  [Govt of India]<\/h3>\n<h4>Mesures g\u00e9n\u00e9rales visant \u00e0 renforcer l&#8217;immunit\u00e9 et la forme physique et mentale<\/h4>\n<ul>\n<li>Buvez de l&#8217;eau chaude tout au long de la journ\u00e9e.<\/li>\n<li>Faites le Pranayama [deep breathing exercise] tous les jours<\/li>\n<li>Pratiquer le yoga pendant au moins 30 minutes par jour<\/li>\n<li>M\u00e9diter quotidiennement<\/li>\n<li>Int\u00e9grez le curcuma (curcumine), le cumin, la coriandre et l&#8217;ail dans vos plats.<\/li>\n<\/ul>\n[\/vc_column_text][vc_column_text]\n<h4>Boisson ayurv\u00e9dique pour l&#8217;immunit\u00e9<\/h4>\n<p>Buvez une ou deux fois par jour une tisane \u00e0 base de basilic sacr\u00e9, de cannelle, de poivre noir, de gingembre sec et de raisin sec.<br \/>\nAjoutez du jaggery (sucre naturel) et\/ou du jus de citron frais selon votre go\u00fbt, si n\u00e9cessaire.<br \/>\nLes personnes qui ont l&#8217;habitude de consommer r\u00e9guli\u00e8rement du lait peuvent m\u00e9langer une demi-cuill\u00e8re \u00e0 th\u00e9 de poudre de curcuma \u00e0 du lait.<br \/>\n150 ml de lait chaud et prendre une ou deux fois par jour.<\/p>\n<h4>M\u00e9dicament ayurv\u00e9dique \u00e0 base de plantes pour l&#8217;immunit\u00e9 et la force<\/h4>\n<p>Chyavanprash 10gm le matin.  [Diabetics can take sugar free Chyavanprash][\/vc_column_text][vc_column_text]\n<h4>Traitement ayurv\u00e9dique simple qui am\u00e9liore la sant\u00e9 et l&#8217;immunit\u00e9 buccale et nasale<\/h4>\n<ul>\n<li>Application nasale &#8211; Instiller 2 gouttes d&#8217;huile de s\u00e9same \/ huile de coco \/ Ghee dans les deux narines le matin.<\/li>\n<li>Th\u00e9rapie par extraction d&#8217;huile &#8211; Prendre une cuill\u00e8re \u00e0 soupe d&#8217;huile de s\u00e9same ou de noix de coco dans la bouche.<br \/>\nNe pas boire, agiter dans la bouche pendant 2 \u00e0 3 minutes et recracher, puis rincer \u00e0 l&#8217;eau ti\u00e8de.<br \/>\nCela peut se faire une ou deux fois par jour.<\/li>\n<li>L&#8217;inhalation de vapeur avec des feuilles de menthe fra\u00eeche ou des graines de carvi peut \u00eatre pratiqu\u00e9e une fois par jour.<\/li>\n<li>La poudre de clou de girofle m\u00e9lang\u00e9e \u00e0 du sucre naturel ou du miel peut \u00eatre prise 2 \u00e0 3 fois par jour en cas de toux ou d&#8217;irritation de la gorge.<\/li>\n<\/ul>\n[\/vc_column_text][\/vc_column_inner][vc_column_inner width=&#8221;1\/3&#8243;][vc_single_image image=&#8221;2512&#8243; img_size=&#8221;large&#8221;][\/vc_column_inner][\/vc_row_inner][\/vc_column][\/vc_row][vc_row][vc_column width=&#8221;1\/2&#8243;][vc_column_text]\n<h3>Suggestions suppl\u00e9mentaires de notre \u00e9quipe.<\/h3>\n<h4>Plantes ayurv\u00e9diques susceptibles de soutenir l&#8217;organisme dans sa lutte contre les virus.<\/h4>\n<p>L&#8217;herbe Tinospora cordifolia [Amrit] est consid\u00e9r\u00e9e comme l&#8217;un des plus puissants immunomodulateurs naturels qui peut soutenir l&#8217;organisme contre la grippe virale. [C&#8217;est l&#8217;ingr\u00e9dient principal de nombreuses pr\u00e9parations utilis\u00e9es en ayurv\u00e9da contre la fi\u00e8vre, le rhume, la toux et les infections.] Il aide \u00e9galement \u00e0 moduler la r\u00e9ponse immunitaire de l&#8217;organisme dans plusieurs affections \u00e0 m\u00e9diation immunitaire [Mentioned in ayurvedic scriptures as the most potent herb [agrya oushadi] dans le traitement de la polyarthrite rhumato\u00efde, une affection auto-immune].<\/p>\n<p>La prise de Withania Somnifera [Aswagandha] peut renforcer les nerfs et stimuler l&#8217;immunit\u00e9 \u00e0 ce moment-l\u00e0.<\/p>\n<p>La poudre de triphala est utile pour maintenir la sant\u00e9 des intestins et du c\u00f4lon et b\u00e9n\u00e9ficie \u00e9galement au syst\u00e8me immunitaire.<\/p>\n<p>Amla [Indian gooseberry] 30 ml de jus m\u00e9lang\u00e9 \u00e0 1 cuill\u00e8re \u00e0 caf\u00e9 de miel, une pinc\u00e9e de curcuma, une pinc\u00e9e de poivre noir et 1 cuill\u00e8re \u00e0 caf\u00e9 de jus de citron par jour est un rem\u00e8de populaire populaire pour l&#8217;immunit\u00e9.[\/vc_column_text][\/vc_column][vc_column width=&#8221;1\/2&#8243;][vc_single_image image=&#8221;2514&#8243; img_size=&#8221;large&#8221;][\/vc_column][\/vc_row][vc_row][vc_column][vc_column_text]\n<h3>La vie apr\u00e8s Corona &#8211; Quelques r\u00e9flexions<\/h3>\n<p>Bien qu&#8217;il soit difficile de trouver un c\u00f4t\u00e9 positif \u00e0 l&#8217;\u00e9pid\u00e9mie de coronavirus pour l&#8217;instant, cette p\u00e9riode de bouleversements mondiaux pourrait modifier certaines de nos habitudes les moins souhaitables. Il faut changer certaines habitudes pour que la vie reste la m\u00eame !<\/p>\n<p><strong>Verrons-nous beaucoup moins de buffets et de bars \u00e0 salade ?<\/strong><br \/>\nBeaucoup moins de gens seront d\u00e9sormais enclins \u00e0 manger \u00e0 partir d&#8217;un buffet ouvert ou de tartines communes. Si l&#8217;on y r\u00e9fl\u00e9chit bien, il ne s&#8217;agit pas d&#8217;\u00e9ternuements, de toux ou de paroles. Apr\u00e8s tout, combien de personnes utilisent les toilettes ou se mettent les doigts dans le nez ou la bouche sans se laver les mains et se servent ensuite de leurs mains tr\u00e8s sales en utilisant la cuill\u00e8re de service habituelle.<\/p>\n<p><strong>Les accolades et les poign\u00e9es de main sont-elles exclues ?<\/strong><br \/>\nIl va y avoir un changement culturel dans la mani\u00e8re dont nous nous saluons les uns les autres. Les poign\u00e9es de main, les congratulations, les accolades et les baisers seront de plus en plus d\u00e9laiss\u00e9s. Les salutations sociales peuvent d\u00e9sormais prendre la forme d&#8217;un namaskar, d&#8217;une main sur le c\u0153ur, d&#8217;un hochement de t\u00eate ou de toute autre action permettant d&#8217;\u00e9viter le toucher ou le contact direct.<\/p>\n<p><strong>Les d\u00e9sinfectants pour les mains seront-ils rendus obligatoires dans les lieux publics ?<\/strong><br \/>\nLe d\u00e9sinfectant pour les mains sera probablement disponible dans les bureaux, les r\u00e9unions publiques, les magasins, les centres commerciaux, les gymnases, les restaurants, les guichets automatiques, les ascenseurs et d&#8217;autres \u00e9tablissements.<\/p>\n<p><strong>De plus en plus de gens vont-ils \u00e9viter les restaurants bond\u00e9s et les restaurants de rue ?<\/strong><br \/>\nBien que les choses ne soient pas encore claires, il est probable que des changements interviendront dans notre habitude de manger au restaurant. Par exemple, les options de livraison et de vente \u00e0 emporter pourraient \u00eatre pr\u00e9f\u00e9r\u00e9es \u00e0 la restauration, et de m\u00eame, nous pourrions voir des informations plus explicites affich\u00e9es dans les restaurants sur leurs pratiques en mati\u00e8re d&#8217;hygi\u00e8ne.<\/p>\n<p><strong>La popularit\u00e9 des bidets et des robinets hygi\u00e9niques augmente-t-elle ?<\/strong><br \/>\nLes entreprises qui fabriquent des bidets amovibles ont enregistr\u00e9 des ventes dix fois sup\u00e9rieures \u00e0 ce qu&#8217;elles \u00e9taient depuis l&#8217;apparition de l&#8217;\u00e9pid\u00e9mie de coronavirus. \u00c9tant donn\u00e9 que les bidets sont une alternative (ou un compl\u00e9ment) au papier hygi\u00e9nique, il est logique que davantage de personnes s&#8217;y int\u00e9ressent aujourd&#8217;hui. Maintenant que les bidets et les robinets hygi\u00e9niques deviennent plus populaires et plus courants dans les salles de bains occidentales, il est probable que cette tendance se poursuivra apr\u00e8s la fin de la pand\u00e9mie.<\/p>\n<p><strong>La distance personnelle socialement acceptable pourrait-elle changer ?<\/strong><br \/>\nL&#8217;une des principales politiques de lutte contre le coronavirus est l&#8217;id\u00e9e de la distanciation sociale. Cela implique de rester \u00e0 une distance d&#8217;au moins six pieds des autres personnes. Et si la r\u00e8gle du m\u00e8tre quatre-vingt-dix ne sera peut-\u00eatre plus d&#8217;actualit\u00e9 une fois l&#8217;\u00e9pid\u00e9mie termin\u00e9e, les gens seront sans doute plus attentifs aux personnes qu&#8217;ils laisseront les approcher dans leur espace personnel. Nous pourrions \u00eatre enclins \u00e0 \u00e9viter les espaces encombr\u00e9s et la distance personnelle socialement acceptable pourrait changer.<\/p>\n<p><strong>Les hommes d&#8217;affaires passeront-ils plus de temps \u00e0 la maison avec leur famille que leurs associ\u00e9s ?<\/strong><br \/>\nL&#8217;un des aspects de la conduite des affaires qui a \u00e9t\u00e9 r\u00e9duit \u00e0 l&#8217;\u00e9poque de Corona est le voyage. M\u00eame si de grandes entreprises utilisaient d\u00e9j\u00e0 les r\u00e9unions en ligne, beaucoup d&#8217;autres \u00e9taient moins impressionn\u00e9es par l&#8217;id\u00e9e. Cependant, le confinement a oblig\u00e9 la plupart d&#8217;entre eux \u00e0 se contenter de r\u00e9unions en ligne et de vid\u00e9oconf\u00e9rences. Certains pensent qu&#8217;il pourrait s&#8217;agir d&#8217;une nouvelle culture, car de plus en plus de personnes se familiarisent avec la facilit\u00e9 des r\u00e9unions en ligne et consid\u00e8rent le temps et l&#8217;argent \u00e9conomis\u00e9s sur les d\u00e9placements. J&#8217;esp\u00e8re donc pouvoir passer plus de temps en famille ![\/vc_column_text][\/vc_column][\/vc_row]\n","protected":false},"excerpt":{"rendered":"<p>[vc_row equal_height=&#8221;yes&#8221;][vc_column width=&#8221;1\/2&#8243;][vc_column_text] Ayurveda \u00e0 l&#8217;\u00e9poque de Corona | Traitement [&hellip;]<\/p>\n","protected":false},"author":1,"featured_media":0,"parent":0,"menu_order":0,"comment_status":"closed","ping_status":"closed","template":"","meta":{"_monsterinsights_skip_tracking":false,"_monsterinsights_sitenote_active":false,"_monsterinsights_sitenote_note":"","_monsterinsights_sitenote_category":0,"_joinchat":[],"footnotes":""},"class_list":["post-4778","page","type-page","status-publish","hentry"],"_links":{"self":[{"href":"https:\/\/ayurmana.in\/fr\/wp-json\/wp\/v2\/pages\/4778","targetHints":{"allow":["GET"]}}],"collection":[{"href":"https:\/\/ayurmana.in\/fr\/wp-json\/wp\/v2\/pages"}],"about":[{"href":"https:\/\/ayurmana.in\/fr\/wp-json\/wp\/v2\/types\/page"}],"author":[{"embeddable":true,"href":"https:\/\/ayurmana.in\/fr\/wp-json\/wp\/v2\/users\/1"}],"replies":[{"embeddable":true,"href":"https:\/\/ayurmana.in\/fr\/wp-json\/wp\/v2\/comments?post=4778"}],"version-history":[{"count":0,"href":"https:\/\/ayurmana.in\/fr\/wp-json\/wp\/v2\/pages\/4778\/revisions"}],"wp:attachment":[{"href":"https:\/\/ayurmana.in\/fr\/wp-json\/wp\/v2\/media?parent=4778"}],"curies":[{"name":"wp","href":"https:\/\/api.w.org\/{rel}","templated":true}]}}