{"id":4781,"date":"2020-04-30T21:09:14","date_gmt":"2020-04-30T15:39:14","guid":{"rendered":"https:\/\/www.ayurmana.in\/dr-maya-gopinath\/"},"modified":"2023-10-18T15:16:35","modified_gmt":"2023-10-18T09:46:35","slug":"dr-maya-gopinath","status":"publish","type":"page","link":"https:\/\/ayurmana.in\/fr\/dr-maya-gopinath\/","title":{"rendered":"Dr. Maya Gopinath"},"content":{"rendered":"[vc_row][vc_column width=&#8221;1\/3&#8243;][vc_column_text]\n<h2>Dr. Maya Gopinath<\/h2>\n[\/vc_column_text][vc_single_image image=&#8221;2785&#8243; img_size=&#8221;medium&#8221; style=&#8221;img-frame-large&#8221;][\/vc_column][vc_column width=&#8221;2\/3&#8243;][vc_empty_space height=&#8221;25px&#8221;][vc_column_text]\n<h1>Meilleur m\u00e9decin ayurv\u00e9dique \u00e0 Kerala, Inde<\/h1>\n<p>Maya Gopinath est un \u00e9minent m\u00e9decin ayurv\u00e9dique issu de la famille dharma, qui poss\u00e8de une vaste exp\u00e9rience nationale et internationale. Elle est dipl\u00f4m\u00e9e du Govt Ayurveda College Thripunithura avec mention et a travaill\u00e9 \u00e0 Kottakal Arya Vaidyasala pendant 3 ans et \u00e0 Santhigiri Ayurveda Sidhha Hospital pendant 2 ans avant d&#8217;entamer sa brillante carri\u00e8re chez Dharma Ayurveda.<br \/>\nElle a perfectionn\u00e9 ses comp\u00e9tences sous la tutelle directe du Dr Bahuleyan et a ensuite occup\u00e9 le poste de consultante principale \u00e0 Ayurmana Kuwait pendant plus de 10 ans. Maya est une sp\u00e9cialiste certifi\u00e9e du marma, titulaire d&#8217;une ma\u00eetrise en conseil et th\u00e9rapie familiale (MSCCFT) et form\u00e9e professionnellement aux techniques de gu\u00e9rison \u00e9nerg\u00e9tique et \u00e0 la th\u00e9rapie du rythme matriciel en Allemagne. Elle est largement consid\u00e9r\u00e9e comme la meilleure femme m\u00e9decin ayurv\u00e9dique \u00e0 Trivandrum, au Kerala, en Inde.[\/vc_column_text][\/vc_column][\/vc_row]\n","protected":false},"excerpt":{"rendered":"<p>[vc_row][vc_column width=&#8221;1\/3&#8243;][vc_column_text] Dr. Maya Gopinath [\/vc_column_text][vc_single_image image=&#8221;2785&#8243; img_size=&#8221;medium&#8221; style=&#8221;img-frame-large&#8221;][\/vc_column][vc_column width=&#8221;2\/3&#8243;][vc_empty_space [&hellip;]<\/p>\n","protected":false},"author":1,"featured_media":0,"parent":0,"menu_order":0,"comment_status":"closed","ping_status":"closed","template":"","meta":{"_monsterinsights_skip_tracking":false,"_monsterinsights_sitenote_active":false,"_monsterinsights_sitenote_note":"","_monsterinsights_sitenote_category":0,"_joinchat":[],"footnotes":""},"class_list":["post-4781","page","type-page","status-publish","hentry"],"_links":{"self":[{"href":"https:\/\/ayurmana.in\/fr\/wp-json\/wp\/v2\/pages\/4781","targetHints":{"allow":["GET"]}}],"collection":[{"href":"https:\/\/ayurmana.in\/fr\/wp-json\/wp\/v2\/pages"}],"about":[{"href":"https:\/\/ayurmana.in\/fr\/wp-json\/wp\/v2\/types\/page"}],"author":[{"embeddable":true,"href":"https:\/\/ayurmana.in\/fr\/wp-json\/wp\/v2\/users\/1"}],"replies":[{"embeddable":true,"href":"https:\/\/ayurmana.in\/fr\/wp-json\/wp\/v2\/comments?post=4781"}],"version-history":[{"count":0,"href":"https:\/\/ayurmana.in\/fr\/wp-json\/wp\/v2\/pages\/4781\/revisions"}],"wp:attachment":[{"href":"https:\/\/ayurmana.in\/fr\/wp-json\/wp\/v2\/media?parent=4781"}],"curies":[{"name":"wp","href":"https:\/\/api.w.org\/{rel}","templated":true}]}}