{"id":4785,"date":"2020-05-21T08:40:42","date_gmt":"2020-05-21T03:10:42","guid":{"rendered":"https:\/\/www.ayurmana.in\/traitement-panchakarma-kerala-inde\/"},"modified":"2023-10-18T14:45:59","modified_gmt":"2023-10-18T09:15:59","slug":"traitement-panchakarma-kerala-inde","status":"publish","type":"page","link":"https:\/\/ayurmana.in\/fr\/traitement-panchakarma-kerala-inde\/","title":{"rendered":"Traitement Panchakarma &#8211; Kerala &#8211; Inde."},"content":{"rendered":"[vc_row curly_padding=&#8221;content-padding-xs&#8221;][vc_column width=&#8221;2\/3&#8243; curly_padding=&#8221;content-padding-xs&#8221;][vc_column_text]\n<h1>Meilleur traitement Panchakarma au Kerala (Inde)<\/h1>\n[\/vc_column_text][vc_single_image image=&#8221;2803&#8243; img_size=&#8221;full&#8221;][\/vc_column][vc_column width=&#8221;1\/3&#8243; offset=&#8221;vc_hidden-xs&#8221;][vc_empty_space height=&#8221;75px&#8221;][vc_column_text]\n<h4>TESTIMONIALES<\/h4>\n<p><em>Je prenais de l&#8217;insuline \u00e0 raison de 80 unit\u00e9s par jour lorsque j&#8217;ai commenc\u00e9 le traitement. Aujourd&#8217;hui, je ne prends plus d&#8217;insuline et ma glyc\u00e9mie est redevenue normale.<\/em>[\/vc_column_text][vc_column_text]\n<p style=\"text-align: right;\"><strong>Reno Greve, Norv\u00e8ge<\/strong><\/p>\n[\/vc_column_text][vc_column_text]<em>Je prenais de l&#8217;insuline et deux autres m\u00e9dicaments pour le diab\u00e8te. Le traitement ayurv\u00e9dique a donn\u00e9 d&#8217;excellents r\u00e9sultats. J&#8217;ai arr\u00eat\u00e9 l&#8217;insuline, l&#8217;hypoglyc\u00e9mie orale et les pilules et pourtant mon taux de sucre est normal.<\/em>[\/vc_column_text][vc_column_text]\n<p style=\"text-align: right;\"><strong>Sweta Tivari, Inde<\/strong><\/p>\n[\/vc_column_text][\/vc_column][\/vc_row][vc_row curly_padding=&#8221;content-padding-xs&#8221;][vc_column width=&#8221;2\/3&#8243;][vc_column_text]Le Panchakarma est un programme ayurv\u00e9dique intensif de d\u00e9sintoxication visant \u00e0 r\u00e9duire la surcharge de toxines dans le syst\u00e8me, qui peuvent s&#8217;\u00eatre accumul\u00e9es au cours des d\u00e9cennies, en raison de polluants environnementaux, d&#8217;aliments contamin\u00e9s ou trait\u00e9s chimiquement, de m\u00e9dicaments, de produits chimiques et de pesticides, du tabagisme, etc.<\/p>\n<p>Lorsque la surcharge toxique est r\u00e9duite, les processus de l&#8217;organisme, y compris le syst\u00e8me immunitaire et le m\u00e9tabolisme, commencent \u00e0 fonctionner \u00e0 leur v\u00e9ritable potentiel, ce qui conduit \u00e0 la gu\u00e9rison et \u00e0 une meilleure qualit\u00e9 de sant\u00e9 et de bien-\u00eatre.<\/p>\n<h3>Quels sont les traitements Panchakarma ?<\/h3>\n<p>Les toxines qui p\u00e9n\u00e8trent dans le corps peuvent devenir tr\u00e8s dangereuses et affecter les principaux organes. Le corps les retire donc de la circulation et tente de les \u00e9liminer ou de les d\u00e9placer en profondeur dans les tissus comme la graisse. Cependant, lorsque le niveau de toxines accumul\u00e9es dans les tissus s&#8217;accro\u00eet, il commence \u00e0 perturber les processus biologiques et physio-chimiques de l&#8217;organisme, ce qui entra\u00eene diverses maladies physiques et mentales.<\/p>\n<p>Au cours d&#8217;un programme panchakarma, ces toxines sont ramen\u00e9es vers les canaux d&#8217;\u00e9limination et expuls\u00e9es par les cinq processus de nettoyage, \u00e0 savoir Vamana (vomissements provoqu\u00e9s), Virechana (purgation), Nasya (purge nasale), Vasthi (lavement m\u00e9dicamenteux) et Raktamoksha [Expelling Impure blood from an affected site].<\/p>\n<h3>Combien de temps dure un traitement Panchakarma ?<\/h3>\n<p>Un cours de panchakarma appropri\u00e9 et efficace comporte trois phases.<\/p>\n<p>La premi\u00e8re est la phase pr\u00e9paratoire. Dans cette phase initiale, nous devons prendre une pr\u00e9paration m\u00e9dicamenteuse sp\u00e9cifique pour que le corps lib\u00e8re les toxines des sites o\u00f9 elles sont stock\u00e9es de mani\u00e8re diffuse, afin qu&#8217;elles puissent \u00eatre \u00e9limin\u00e9es dans la deuxi\u00e8me phase. Ce m\u00e9dicament est administr\u00e9 en doses croissantes chaque jour jusqu&#8217;\u00e0 ce qu&#8217;il atteigne les tissus et lib\u00e8re les toxines dans l&#8217;organisme. Dans ce cas, vous pr\u00e9senterez des signes typiques de toxicit\u00e9 ou d&#8217;empoisonnement, et c&#8217;est \u00e0 ce moment-l\u00e0 que nous entamerons la phase suivante.<\/p>\n<p>La deuxi\u00e8me est la phase de nettoyage. Il s&#8217;agit de la phase de d\u00e9sintoxication qui comprend les cinq proc\u00e9dures de d\u00e9sintoxication [pancha] [karmas] . Il s&#8217;agit des vomissements provoqu\u00e9s, de la purgation, de la purge nasale, du lavement m\u00e9dicamenteux et de l&#8217;effusion de sang. Le nombre de jours et de fois qu&#8217;une th\u00e9rapie doit \u00eatre r\u00e9p\u00e9t\u00e9e est d\u00e9cid\u00e9 par un m\u00e9decin exp\u00e9riment\u00e9 et comp\u00e9tent. En outre, il se peut que tout le monde n&#8217;ait pas besoin de ces cinq proc\u00e9dures. Elle est \u00e9galement d\u00e9termin\u00e9e par le m\u00e9decin apr\u00e8s une \u00e9valuation d\u00e9taill\u00e9e.<\/p>\n<p>La troisi\u00e8me et derni\u00e8re phase est celle du r\u00e9tablissement. Cette phase vise \u00e0 permettre au corps de gu\u00e9rir et de retrouver son rythme naturel inn\u00e9. Des compl\u00e9ments alimentaires \u00e0 base de plantes et des aliments ayurv\u00e9diques biologiques raviveront, rafra\u00eechiront et rajeuniront l&#8217;esprit et le corps avec un regain d&#8217;\u00e9nergie vitale.<\/p>\n<p>Au cours de ces trois phases de la retraite, vous pouvez b\u00e9n\u00e9ficier de diverses th\u00e9rapies de massage \u00e0 l&#8217;huile et d&#8217;autres traitements ayurv\u00e9diques. Des consultations quotidiennes avec les m\u00e9decins sont pr\u00e9vues, ainsi que des s\u00e9ances de yoga et de m\u00e9ditation ayurv\u00e9dique.<\/p>\n<p>Un programme classique complet de panchakarma ne peut \u00eatre r\u00e9alis\u00e9 en moins de 42 jours. Elle est principalement conseill\u00e9e aux patients souffrant de maladies chroniques et r\u00e9sistantes.<\/p>\n<p>Toutefois, une personne normale en bonne sant\u00e9 qui souhaite b\u00e9n\u00e9ficier d&#8217;un traitement ayurv\u00e9dique traditionnel comprenant une d\u00e9sintoxication pour le bien-\u00eatre peut suivre un traitement panchakarma sp\u00e9cial de trois semaines \u00e0 un prix abordable au Kerala. Au cours de ce programme, vous serez \u00e9galement initi\u00e9 \u00e0 un mode de vie sain, comprenant des exercices de yoga et de m\u00e9ditation que vous pourrez poursuivre de retour chez vous.<\/p>\n<h3>Le Panchakarma a-t-il des effets secondaires ?<\/h3>\n<p>La r\u00e9ponse est oui et non. Au cours de la premi\u00e8re phase, lorsque les toxines sont lib\u00e9r\u00e9es dans le syst\u00e8me \u00e0 partir de l&#8217;endroit o\u00f9 elles ont \u00e9t\u00e9 stock\u00e9es et diffus\u00e9es dans votre corps, vous vous sentirez malade, comme si vous \u00e9tiez empoisonn\u00e9. Jusqu&#8217;\u00e0 ce que cela se produise, un m\u00e9dicament de d\u00e9sintoxication vous est administr\u00e9 quotidiennement \u00e0 des doses de plus en plus \u00e9lev\u00e9es. Vous pouvez ressentir des naus\u00e9es, de la fi\u00e8vre, de la fatigue, des malaises, des maux de t\u00eate, une congestion, un sentiment g\u00e9n\u00e9ral de maladie, etc. Il ne s&#8217;agit pas d&#8217;effets secondaires. Il s&#8217;agit en fait d&#8217;effets anticip\u00e9s dans ce processus de traitement et d&#8217;un signe que les toxines sont lib\u00e9r\u00e9es. Une fois ces toxines expuls\u00e9es par les pancha karmas, vous vous sentez beaucoup plus l\u00e9ger, joyeux et \u00e9nergique.[\/vc_column_text][\/vc_column][vc_column width=&#8221;1\/3&#8243; offset=&#8221;vc_hidden-xs&#8221;][vc_column_text el_class=&#8221;rr-menu&#8221;]\n<h4>Liens rapides<\/h4>\n<ul>\n<li><a href=\"https:\/\/ayurmana.in\/fr\/chambres-et-suites\/\">Chambres et suites<\/a><br \/>\n<hr \/>\n<\/li>\n<li><a href=\"https:\/\/ayurmana.in\/fr\/ayurveda-packages-kerala\/\">Nos offres<\/a><br \/>\n<hr \/>\n<\/li>\n<li><a href=\"https:\/\/ayurmana.in\/fr\/reservation-de-chambre\/\">R\u00e9servation de chambre<\/a><br \/>\n<hr \/>\n<\/li>\n<li><a href=\"https:\/\/ayurmana.in\/fr\/faq\/\">FAQ<\/a><\/li>\n<\/ul>\n[\/vc_column_text][\/vc_column][\/vc_row][vc_row][vc_column width=&#8221;2\/3&#8243;][\/vc_column][vc_column width=&#8221;1\/3&#8243; offset=&#8221;vc_hidden-lg vc_hidden-md vc_hidden-sm&#8221;][vc_empty_space height=&#8221;115px&#8221;][vc_column_text]\n<h4>TESTIMONIALES<\/h4>\n<p><em>Je prenais de l&#8217;insuline \u00e0 raison de 80 unit\u00e9s par jour lorsque j&#8217;ai commenc\u00e9 le traitement. Aujourd&#8217;hui, je ne prends plus d&#8217;insuline et ma glyc\u00e9mie est redevenue normale.<\/em>[\/vc_column_text][vc_column_text]\n<p style=\"text-align: right;\"><strong>Reno Greve, Norv\u00e8ge<\/strong><\/p>\n[\/vc_column_text][vc_column_text]<em>Je prenais de l&#8217;insuline et deux autres m\u00e9dicaments pour le diab\u00e8te. Le traitement ayurv\u00e9dique a donn\u00e9 d&#8217;excellents r\u00e9sultats. J&#8217;ai arr\u00eat\u00e9 l&#8217;insuline, l&#8217;hypoglyc\u00e9mie orale et les pilules et pourtant mon taux de sucre est normal.<\/em>[\/vc_column_text][vc_column_text]\n<p style=\"text-align: right;\"><strong>Sweta Tivari, Inde<\/strong><\/p>\n[\/vc_column_text][vc_column_text el_class=&#8221;rr-menu&#8221;]\n<h4>Liens rapides<\/h4>\n<ul>\n<li><a href=\"https:\/\/ayurmana.in\/fr\/chambres-et-suites\/\">Chambres et suites<\/a><br \/>\n<hr \/>\n<\/li>\n<li><a href=\"https:\/\/ayurmana.in\/fr\/ayurveda-packages-kerala\/\">Nos offres<\/a><br \/>\n<hr \/>\n<\/li>\n<li><a href=\"https:\/\/ayurmana.in\/fr\/reservation-de-chambre\/\">R\u00e9servation de chambre<\/a><br \/>\n<hr \/>\n<\/li>\n<li><a href=\"https:\/\/ayurmana.in\/fr\/faq\/\">FAQ<\/a><\/li>\n<\/ul>\n[\/vc_column_text][\/vc_column][\/vc_row]\n","protected":false},"excerpt":{"rendered":"<p>[vc_row curly_padding=&#8221;content-padding-xs&#8221;][vc_column width=&#8221;2\/3&#8243; curly_padding=&#8221;content-padding-xs&#8221;][vc_column_text] Meilleur traitement Panchakarma au Kerala (Inde) [&hellip;]<\/p>\n","protected":false},"author":1,"featured_media":0,"parent":0,"menu_order":0,"comment_status":"closed","ping_status":"closed","template":"","meta":{"_monsterinsights_skip_tracking":false,"_monsterinsights_sitenote_active":false,"_monsterinsights_sitenote_note":"","_monsterinsights_sitenote_category":0,"_joinchat":[],"footnotes":""},"class_list":["post-4785","page","type-page","status-publish","hentry"],"_links":{"self":[{"href":"https:\/\/ayurmana.in\/fr\/wp-json\/wp\/v2\/pages\/4785","targetHints":{"allow":["GET"]}}],"collection":[{"href":"https:\/\/ayurmana.in\/fr\/wp-json\/wp\/v2\/pages"}],"about":[{"href":"https:\/\/ayurmana.in\/fr\/wp-json\/wp\/v2\/types\/page"}],"author":[{"embeddable":true,"href":"https:\/\/ayurmana.in\/fr\/wp-json\/wp\/v2\/users\/1"}],"replies":[{"embeddable":true,"href":"https:\/\/ayurmana.in\/fr\/wp-json\/wp\/v2\/comments?post=4785"}],"version-history":[{"count":0,"href":"https:\/\/ayurmana.in\/fr\/wp-json\/wp\/v2\/pages\/4785\/revisions"}],"wp:attachment":[{"href":"https:\/\/ayurmana.in\/fr\/wp-json\/wp\/v2\/media?parent=4785"}],"curies":[{"name":"wp","href":"https:\/\/api.w.org\/{rel}","templated":true}]}}