{"id":4793,"date":"2019-11-21T22:11:12","date_gmt":"2019-11-21T16:41:12","guid":{"rendered":"https:\/\/www.ayurmana.in\/prolapsus-discal\/"},"modified":"2023-10-18T15:15:23","modified_gmt":"2023-10-18T09:45:23","slug":"prolapsus-discal","status":"publish","type":"page","link":"https:\/\/ayurmana.in\/fr\/prolapsus-discal\/","title":{"rendered":"Prolapsus discal"},"content":{"rendered":"[vc_row css=&#8221;.vc_custom_1577697552058{padding-bottom: 6px !important;}&#8221;][vc_column width=&#8221;2\/3&#8243; css=&#8221;.vc_custom_1577697544262{padding-bottom: 6px !important;}&#8221;][vc_column_text]\n<h1>Traitement ayurv\u00e9dique efficace du prolapsus discal<\/h1>\n[\/vc_column_text][vc_single_image image=&#8221;125&#8243; img_size=&#8221;large&#8221;][vc_column_text]\n<h3>Vaincre les probl\u00e8mes de colonne vert\u00e9brale et retrouver une vie active<br \/>\nR\u00e9sultats durables en cas de bombement du disque et de troubles discaux d\u00e9g\u00e9n\u00e9ratifs<\/h3>\n[\/vc_column_text][\/vc_column][vc_column width=&#8221;1\/3&#8243; offset=&#8221;vc_hidden-xs&#8221;][vc_empty_space height=&#8221;75px&#8221;][vc_column_text]\n<h4>TESTIMONIALES<\/h4>\n<p><em>Je souffrais de graves douleurs dorsales qui limitaient mes activit\u00e9s normales. L&#8217;IRM a r\u00e9v\u00e9l\u00e9 un gonflement du disque \u00e0 plusieurs niveaux et il m&#8217;a \u00e9t\u00e9 recommand\u00e9 de subir une intervention chirurgicale. Mais je n&#8217;\u00e9tais pas pr\u00e9par\u00e9e \u00e0 une op\u00e9ration de la colonne vert\u00e9brale et j&#8217;ai essay\u00e9 l&#8217;ayurv\u00e9da \u00e0 la place. Le traitement m&#8217;a permis de retrouver une vie normale. Je suis active comme avant gr\u00e2ce \u00e0 AyurMana.<\/em>[\/vc_column_text][vc_column_text]\n<p style=\"text-align: right;\"><strong>Deepesh Vohra, Inde<\/strong><\/p>\n[\/vc_column_text][\/vc_column][\/vc_row][vc_row css=&#8221;.vc_custom_1577697588346{padding-top: 6px !important;padding-bottom: 6px !important;}&#8221;][vc_column width=&#8221;2\/3&#8243;][vc_column_text]La cause la plus fr\u00e9quente des douleurs du cou et du dos est le spasme musculaire, qui repr\u00e9sente pr\u00e8s de 80 % de tous les cas. Cependant, le gonflement du disque est devenu plus fr\u00e9quent au cours des derni\u00e8res d\u00e9cennies, m\u00eame chez les jeunes. Les facteurs \u00e0 l&#8217;origine de l&#8217;hernie discale sont le manque d&#8217;exercice (qui affaiblit les muscles du dos, augmentant ainsi la pression exerc\u00e9e sur les disques), les longues heures pass\u00e9es en position assise, les longs trajets \u00e0 v\u00e9lo et en voiture, etc.<\/p>\n<p>Le traitement ayurv\u00e9dique du prolapsus discal d\u00e9pend de divers facteurs tels que le niveau du disque affect\u00e9, l&#8217;extension de l&#8217;atteinte structurelle, l&#8217;\u00e2ge, la posture naturelle et la d\u00e9marche du patient, l&#8217;anciennet\u00e9 de l&#8217;hernie discale et l&#8217;intensit\u00e9 des douleurs dues \u00e0 la compression nerveuse caus\u00e9e par le probl\u00e8me, etc. Un diagnostic pr\u00e9coce permet d&#8217;obtenir une gu\u00e9rison presque compl\u00e8te gr\u00e2ce \u00e0 l&#8217;ayurv\u00e9da. Toutefois, dans les cas les plus avanc\u00e9s, une prise en charge \u00e0 long terme peut s&#8217;av\u00e9rer n\u00e9cessaire.<\/p>\n<p>Le traitement peut comprendre des proc\u00e9dures de d\u00e9compression telles que des fomentations chaudes et des compresses d&#8217;huile chaude, des massages sp\u00e9cialis\u00e9s pour soulager l&#8217;inflammation et renforcer les muscles, des \u00e9tirements conseill\u00e9s par le m\u00e9decin pour cr\u00e9er une pression n\u00e9gative sur la colonne vert\u00e9brale afin d&#8217;inverser le bombement du disque et des pratiques de yoga sp\u00e9cifiques pour am\u00e9liorer l&#8217;\u00e9quilibre et le mouvement et pour pr\u00e9venir les r\u00e9cidives.[\/vc_column_text][\/vc_column][vc_column width=&#8221;1\/3&#8243; offset=&#8221;vc_hidden-xs&#8221;][vc_column_text el_class=&#8221;rr-menu&#8221;]\n<h4>Liens rapides<\/h4>\n<ul>\n<li><a href=\"https:\/\/ayurmana.in\/fr\/chambres-et-suites\/\">Chambres et suites<\/a><br \/>\n<hr>\n<\/li>\n<li><a href=\"https:\/\/ayurmana.in\/fr\/ayurveda-packages-kerala\/\">Nos offres<\/a><br \/>\n<hr>\n<\/li>\n<li><a href=\"https:\/\/ayurmana.in\/fr\/reservation-de-chambre\/\">R\u00e9servation de chambre<\/a><br \/>\n<hr>\n<\/li>\n<li><a href=\"https:\/\/ayurmana.in\/fr\/faq\/\">FAQ<\/a><\/li>\n<\/ul>\n[\/vc_column_text][\/vc_column][\/vc_row][vc_row css=&#8221;.vc_custom_1577040001383{padding-top: 6px !important;}&#8221;][vc_column width=&#8221;1\/2&#8243;][vc_message message_box_color=&#8221;mulled_wine&#8221;]<strong>Causes communes<\/strong>[\/vc_message][vc_column_text]\n<ul>\n<li>Spondylite \/ spondylose<\/li>\n<li>Hernie discale et\/ou bombement discal<\/li>\n<li>La discopathie d\u00e9g\u00e9n\u00e9rative<\/li>\n<li>Sciatique<\/li>\n<li>St\u00e9nose spinale<\/li>\n<li>Syndromes des facettes<\/li>\n<li>Spondylolisth\u00e9sis<\/li>\n<li>Blessures et accidents<\/li>\n<li>Spasmes musculaires<\/li>\n<\/ul>\n[\/vc_column_text][\/vc_column][vc_column width=&#8221;1\/2&#8243;][vc_message message_box_color=&#8221;mulled_wine&#8221;]<strong>Que pouvez-vous attendre de notre programme ?<\/strong>[\/vc_message][vc_column_text]\n<ul>\n<li>\u00c9liminer les douleurs et les raideurs<\/li>\n<li>Retrouver la mobilit\u00e9 et la flexibilit\u00e9<\/li>\n<li>Renforcer les muscles du dos<\/li>\n<li>R\u00e9parer les l\u00e9sions articulaires et la perte osseuse<\/li>\n<li>Inverser la cause de la maladie<\/li>\n<li>Retour \u00e0 la vie active<\/li>\n<\/ul>\n[\/vc_column_text][\/vc_column][\/vc_row][vc_row][vc_column width=&#8221;2\/3&#8243;][\/vc_column][vc_column width=&#8221;1\/3&#8243; offset=&#8221;vc_hidden-lg vc_hidden-md vc_hidden-sm&#8221;][vc_empty_space height=&#8221;55px&#8221;][vc_column_text]\n<h4>TESTIMONIALES<\/h4>\n<p><em>Apr\u00e8s un accident, j&#8217;ai perdu la m\u00e9moire, je n&#8217;ai m\u00eame pas pu reconna\u00eetre ma femme ou mes enfants et je suis rest\u00e9 paralys\u00e9. Le traitement Ayumana m&#8217;a ramen\u00e9 \u00e0 la vie. Je ne me souviens toujours pas de l&#8217;incident et de la longue p\u00e9riode qui a suivi. Mais j&#8217;ai retrouv\u00e9 une vie normale, physiquement et mentalement, et ma famille et mes amis pensent que c&#8217;est un miracle apr\u00e8s ce qu&#8217;ils ont vu de moi auparavant.<\/em>[\/vc_column_text][vc_column_text]\n<p style=\"text-align: right;\"><strong>Sudarsanan, Inde<\/strong><\/p>\n[\/vc_column_text][vc_column_text el_class=&#8221;rr-menu&#8221;]\n<h4>Liens rapides<\/h4>\n<ul>\n<li><a href=\"https:\/\/ayurmana.in\/fr\/chambres-et-suites\/\">Chambres et suites<\/a><br \/>\n<hr>\n<\/li>\n<li><a href=\"https:\/\/ayurmana.in\/fr\/ayurveda-packages-kerala\/\">Nos offres<\/a><br \/>\n<hr>\n<\/li>\n<li><a href=\"https:\/\/ayurmana.in\/fr\/reservation-de-chambre\/\">R\u00e9servation de chambre<\/a><br \/>\n<hr>\n<\/li>\n<li><a href=\"https:\/\/ayurmana.in\/fr\/faq\/\">FAQ<\/a><\/li>\n<\/ul>\n[\/vc_column_text][\/vc_column][\/vc_row]\n","protected":false},"excerpt":{"rendered":"<p>[vc_row css=&#8221;.vc_custom_1577697552058{padding-bottom: 6px !important;}&#8221;][vc_column width=&#8221;2\/3&#8243; css=&#8221;.vc_custom_1577697544262{padding-bottom: 6px !important;}&#8221;][vc_column_text] Traitement ayurv\u00e9dique [&hellip;]<\/p>\n","protected":false},"author":1,"featured_media":0,"parent":0,"menu_order":0,"comment_status":"closed","ping_status":"closed","template":"","meta":{"_monsterinsights_skip_tracking":false,"_monsterinsights_sitenote_active":false,"_monsterinsights_sitenote_note":"","_monsterinsights_sitenote_category":0,"_joinchat":[],"footnotes":""},"class_list":["post-4793","page","type-page","status-publish","hentry"],"_links":{"self":[{"href":"https:\/\/ayurmana.in\/fr\/wp-json\/wp\/v2\/pages\/4793","targetHints":{"allow":["GET"]}}],"collection":[{"href":"https:\/\/ayurmana.in\/fr\/wp-json\/wp\/v2\/pages"}],"about":[{"href":"https:\/\/ayurmana.in\/fr\/wp-json\/wp\/v2\/types\/page"}],"author":[{"embeddable":true,"href":"https:\/\/ayurmana.in\/fr\/wp-json\/wp\/v2\/users\/1"}],"replies":[{"embeddable":true,"href":"https:\/\/ayurmana.in\/fr\/wp-json\/wp\/v2\/comments?post=4793"}],"version-history":[{"count":0,"href":"https:\/\/ayurmana.in\/fr\/wp-json\/wp\/v2\/pages\/4793\/revisions"}],"wp:attachment":[{"href":"https:\/\/ayurmana.in\/fr\/wp-json\/wp\/v2\/media?parent=4793"}],"curies":[{"name":"wp","href":"https:\/\/api.w.org\/{rel}","templated":true}]}}