{"id":4813,"date":"2019-11-22T14:39:27","date_gmt":"2019-11-22T09:09:27","guid":{"rendered":"https:\/\/www.ayurmana.in\/migraine\/"},"modified":"2023-10-18T15:13:29","modified_gmt":"2023-10-18T09:43:29","slug":"migraine","status":"publish","type":"page","link":"https:\/\/ayurmana.in\/fr\/migraine\/","title":{"rendered":"Migraine"},"content":{"rendered":"[vc_row css=&#8221;.vc_custom_1577698011775{padding-bottom: 6px !important;}&#8221;][vc_column width=&#8221;2\/3&#8243; css=&#8221;.vc_custom_1577698021750{padding-bottom: 6px !important;}&#8221;][vc_column_text]\n<h1>Gu\u00e9rissez votre migraine gr\u00e2ce \u00e0 un traitement ayurv\u00e9dique<\/h1>\n[\/vc_column_text][vc_single_image image=&#8221;172&#8243; img_size=&#8221;large&#8221;][vc_column_text]\n<h3>La lib\u00e9ration de la migraine et des maux de t\u00eate chroniques<br \/>Ne laissez pas la migraine g\u00e2cher votre vie<\/h3>\n[\/vc_column_text][\/vc_column][vc_column width=&#8221;1\/3&#8243; offset=&#8221;vc_hidden-xs&#8221;][vc_empty_space height=&#8221;115px&#8221;][vc_column_text]\n<h4>TESTIMONIALES<\/h4>\n<p><em>Je souffrais de violents maux de t\u00eate suivis de naus\u00e9es et de vomissements. J&#8217;ai essay\u00e9 tous les traitements disponibles sans succ\u00e8s jusqu&#8217;\u00e0 ce que je sois gu\u00e9rie par l&#8217;Ayurveda. Je recommanderais \u00e0 toute personne souffrant de migraine d&#8217;essayer l&#8217;ayurv\u00e9da.<\/em>[\/vc_column_text][vc_column_text]\n<p style=\"text-align: right;\"><strong>Elita Galarneau, France<\/strong><\/p>\n[\/vc_column_text][\/vc_column][\/vc_row][vc_row css=&#8221;.vc_custom_1577698043365{padding-top: 6px !important;padding-bottom: 6px !important;}&#8221;][vc_column width=&#8221;2\/3&#8243;][vc_column_text]<!-- \/wp:post-content --><\/p>\n<p><!-- wp:paragraph -->La migraine est l&#8217;une des douleurs les plus intenses, parfois m\u00eame comparable aux douleurs de l&#8217;accouchement. Le mal de t\u00eate provoque une sensation intense d&#8217;\u00e9lancements ou de pulsations dans une r\u00e9gion de la t\u00eate et est souvent suivi de naus\u00e9es, de vomissements et d&#8217;une sensibilit\u00e9 extr\u00eame \u00e0 la lumi\u00e8re, au son ou \u00e0 l&#8217;odorat. La douleur est g\u00e9n\u00e9ralement aggrav\u00e9e par l&#8217;activit\u00e9 physique, alors que le fait de rester allong\u00e9 dans un endroit sombre et calme peut procurer une sensation de bien-\u00eatre.<\/p>\n<p>Le mal de t\u00eate peut durer de quelques heures \u00e0 quelques jours et est souvent pr\u00e9c\u00e9d\u00e9 ou accompagn\u00e9 de sympt\u00f4mes sensoriels d&#8217;alerte (aura), tels que des \u00e9clairs de lumi\u00e8re, des taches aveugles ou des picotements dans le bras ou la jambe.<\/p>\n<p>La g\u00e9n\u00e9tique, les facteurs sociaux et environnementaux, les d\u00e9s\u00e9quilibres hormonaux et chimiques dans le corps, les allergies alimentaires, les m\u00e9dicaments, le stress, etc. peuvent tous contribuer \u00e0 la migraine.<\/p>\n<p>Les \u00e9critures ayurv\u00e9diques datant de 1500 av. J.-C. d\u00e9crivent de mani\u00e8re d\u00e9taill\u00e9e la migraine et ses diff\u00e9rents types, ce qui indique qu&#8217;elle \u00e9tait assez r\u00e9pandue \u00e0 l&#8217;\u00e9poque \u00e9galement. Le traitement et la prise en charge des affections sont \u00e9galement expliqu\u00e9s en d\u00e9tail.<\/p>\n<p>Dans notre exp\u00e9rience du traitement de la migraine, des personnes souffrant depuis plus de 25 ans ont \u00e9t\u00e9 gu\u00e9ries par ces traitements ayurv\u00e9diques qui ont fait leurs preuves.<\/p>\n[\/vc_column_text][\/vc_column][vc_column width=&#8221;1\/3&#8243; offset=&#8221;vc_hidden-xs&#8221;][vc_column_text el_class=&#8221;rr-menu&#8221;]\n<h4>Liens rapides<\/h4>\n<ul>\n<li><a href=\"https:\/\/ayurmana.in\/fr\/chambres-et-suites\/\">Chambres et suites<\/a><br \/>\n<hr>\n<\/li>\n<li><a href=\"https:\/\/ayurmana.in\/fr\/ayurveda-packages-kerala\/\">Nos offres<\/a><br \/>\n<hr>\n<\/li>\n<li><a href=\"https:\/\/ayurmana.in\/fr\/reservation-de-chambre\/\">R\u00e9servation de chambre<\/a><br \/>\n<hr>\n<\/li>\n<li><a href=\"https:\/\/ayurmana.in\/fr\/faq\/\">FAQ<\/a><\/li>\n<\/ul>\n[\/vc_column_text][\/vc_column][\/vc_row][vc_row css=&#8221;.vc_custom_1577041001827{padding-top: 6px !important;}&#8221;][vc_column width=&#8221;1\/2&#8243;][vc_message message_box_color=&#8221;mulled_wine&#8221;]\n<p><strong>Causes communes<\/strong><\/p>\n[\/vc_message][vc_column_text]\n<ul>\n<li>Douleur d&#8217;un c\u00f4t\u00e9 ou des deux c\u00f4t\u00e9s de la t\u00eate<\/li>\n<li>La douleur est pulsatile, lancinante.<\/li>\n<li>Sensibilit\u00e9 \u00e0 la lumi\u00e8re, aux sons et parfois aux odeurs<\/li>\n<li>Vision trouble<\/li>\n<li>Naus\u00e9es et vomissements<\/li>\n<li>Sensation de t\u00eate l\u00e9g\u00e8re, parfois suivie d&#8217;un \u00e9vanouissement<\/li>\n<\/ul>\n[\/vc_column_text][\/vc_column][vc_column width=&#8221;1\/2&#8243;][vc_message message_box_color=&#8221;mulled_wine&#8221;]\n<p><strong>Que pouvez-vous attendre de notre programme ?<\/strong><\/p>\n[\/vc_message][vc_column_text]\n<ul>\n<li>R\u00e9duction de l&#8217;intensit\u00e9 de l&#8217;attaque<\/li>\n<li>R\u00e9duction de la fr\u00e9quence<\/li>\n<li>Am\u00e9lioration marqu\u00e9e des sympt\u00f4mes associ\u00e9s<\/li>\n<li>Am\u00e9lioration de l&#8217;humeur<\/li>\n<li>Am\u00e9lioration du niveau d&#8217;\u00e9nergie<\/li>\n<li>Retrouver une qualit\u00e9 de vie<\/li>\n<\/ul>\n[\/vc_column_text][\/vc_column][\/vc_row][vc_row][vc_column width=&#8221;2\/3&#8243;][\/vc_column][vc_column width=&#8221;1\/3&#8243; offset=&#8221;vc_hidden-lg vc_hidden-md vc_hidden-sm&#8221;][vc_empty_space height=&#8221;35px&#8221;][vc_column_text]\n<h4>TESTIMONIALES<\/h4>\n<p><em>Je souffrais de violents maux de t\u00eate suivis de naus\u00e9es et de vomissements. J&#8217;ai essay\u00e9 tous les traitements disponibles sans succ\u00e8s jusqu&#8217;\u00e0 ce que je sois gu\u00e9rie par l&#8217;Ayurveda. Je recommanderais \u00e0 toute personne souffrant de migraine d&#8217;essayer l&#8217;ayurv\u00e9da.<\/em>[\/vc_column_text][vc_column_text]\n<p style=\"text-align: right;\"><strong>Elita Galarneau, France<\/strong><\/p>\n[\/vc_column_text][vc_empty_space height=&#8221;35px&#8221;][vc_column_text el_class=&#8221;rr-menu&#8221;]\n<h4>Liens rapides<\/h4>\n<ul>\n<li><a href=\"https:\/\/ayurmana.in\/fr\/chambres-et-suites\/\">Chambres et suites<\/a><br \/>\n<hr>\n<\/li>\n<li><a href=\"https:\/\/ayurmana.in\/fr\/ayurveda-packages-kerala\/\">Nos offres<\/a><br \/>\n<hr>\n<\/li>\n<li><a href=\"https:\/\/ayurmana.in\/fr\/reservation-de-chambre\/\">R\u00e9servation de chambre<\/a><br \/>\n<hr>\n<\/li>\n<li><a href=\"https:\/\/ayurmana.in\/fr\/faq\/\">FAQ<\/a><\/li>\n<\/ul>\n[\/vc_column_text][\/vc_column][\/vc_row]\n","protected":false},"excerpt":{"rendered":"<p>[vc_row css=&#8221;.vc_custom_1577698011775{padding-bottom: 6px !important;}&#8221;][vc_column width=&#8221;2\/3&#8243; css=&#8221;.vc_custom_1577698021750{padding-bottom: 6px !important;}&#8221;][vc_column_text] Gu\u00e9rissez votre [&hellip;]<\/p>\n","protected":false},"author":1,"featured_media":0,"parent":0,"menu_order":0,"comment_status":"closed","ping_status":"closed","template":"","meta":{"_monsterinsights_skip_tracking":false,"_monsterinsights_sitenote_active":false,"_monsterinsights_sitenote_note":"","_monsterinsights_sitenote_category":0,"_joinchat":[],"footnotes":""},"class_list":["post-4813","page","type-page","status-publish","hentry"],"_links":{"self":[{"href":"https:\/\/ayurmana.in\/fr\/wp-json\/wp\/v2\/pages\/4813","targetHints":{"allow":["GET"]}}],"collection":[{"href":"https:\/\/ayurmana.in\/fr\/wp-json\/wp\/v2\/pages"}],"about":[{"href":"https:\/\/ayurmana.in\/fr\/wp-json\/wp\/v2\/types\/page"}],"author":[{"embeddable":true,"href":"https:\/\/ayurmana.in\/fr\/wp-json\/wp\/v2\/users\/1"}],"replies":[{"embeddable":true,"href":"https:\/\/ayurmana.in\/fr\/wp-json\/wp\/v2\/comments?post=4813"}],"version-history":[{"count":0,"href":"https:\/\/ayurmana.in\/fr\/wp-json\/wp\/v2\/pages\/4813\/revisions"}],"wp:attachment":[{"href":"https:\/\/ayurmana.in\/fr\/wp-json\/wp\/v2\/media?parent=4813"}],"curies":[{"name":"wp","href":"https:\/\/api.w.org\/{rel}","templated":true}]}}