{"id":4815,"date":"2019-11-21T22:03:42","date_gmt":"2019-11-21T16:33:42","guid":{"rendered":"https:\/\/www.ayurmana.in\/problemes-de-cou-et-de-dos\/"},"modified":"2023-10-18T15:06:50","modified_gmt":"2023-10-18T09:36:50","slug":"problemes-de-cou-et-de-dos","status":"publish","type":"page","link":"https:\/\/ayurmana.in\/fr\/problemes-de-cou-et-de-dos\/","title":{"rendered":"Probl\u00e8mes de cou et de dos"},"content":{"rendered":"[vc_row css=&#8221;.vc_custom_1577696818480{padding-bottom: 6px !important;}&#8221;][vc_column width=&#8221;2\/3&#8243;][vc_column_text]\n<h1>Traitement ayurv\u00e9dique efficace contre le mal de dos au Kerala<\/h1>\n[\/vc_column_text][vc_single_image image=&#8221;125&#8243; img_size=&#8221;large&#8221;][vc_column_text]\n<h3>Gu\u00e9rison durable des douleurs lombaires et des probl\u00e8mes de colonne vert\u00e9brale<\/h3>\n<h3>Sciatique, spondylarthrite, spondylolisth\u00e9sis, st\u00e9nose rachidienne et bombement discal<\/h3>\n[\/vc_column_text][\/vc_column][vc_column width=&#8221;1\/3&#8243; offset=&#8221;vc_hidden-xs&#8221;][vc_empty_space height=&#8221;65px&#8221;][vc_column_text]\n<h4>TESTIMONIALES<\/h4>\n<p><em>Je suis un professionnel de l&#8217;informatique et je souffrais de douleurs au cou et au dos. Chez Ayurmana, tous mes sympt\u00f4mes ont disparu en l&#8217;espace de quatre semaines. Je ne m&#8217;attendais pas \u00e0 une am\u00e9lioration aussi remarquable en si peu de temps<\/em>[\/vc_column_text][vc_column_text]\n<p style=\"text-align: right;\"><strong>Anand Kumar, Inde<\/strong><\/p>\n[\/vc_column_text][\/vc_column][\/vc_row][vc_row css=&#8221;.vc_custom_1577697042674{padding-top: 6px !important;padding-bottom: 6px !important;}&#8221;][vc_column width=&#8221;2\/3&#8243;][vc_column_text]\n<\/p>\n<p>Back pain affects most of us one time or the other in our lives, and at least 30% among us are suffering at any given time. The pain is often recurrent and subsequent episodes tend to increase in severity. It is common in individuals who lead sedentary lives as well as in those who engage in excessive physical exertion. It can affect at any age but is most prevalent in people over 30 years.<\/p>\n<p><!-- \/wp:post-content -->Ayurmana offers the best Kerala Ayurvedic treatment for back pain in Kerala, India. The treatment program will vary from case to case depending upon the etiology, how long you have had the symptoms and how severe it is. Most cases of back pain with a history of less than 1 year can often be treated in just 3 weeks. Chronic cases may require up to 6 weeks course.<\/p>\n<p>The course may include decompressing procedures like warm fomentations and hot oil compresses, specialised massage therapies to relieve inflammation and to strengthen the muscles, physician advised chiropractic stretches to release spasms and facilitate corrections and specific yoga practises to improve balance and movement and to prevent recurrence.<\/p>\n<p><!-- \/wp:paragraph --><\/p>\n<p><!-- wp:separator {\"className\":\"is-style-wide\"} -->[\/vc_column_text][\/vc_column][vc_column width=&#8221;1\/3&#8243; offset=&#8221;vc_hidden-xs&#8221;][vc_column_text el_class=&#8221;rr-menu&#8221;]\n<h4>Liens rapides<\/h4>\n<ul>\n<li><a href=\"https:\/\/ayurmana.in\/fr\/chambres-et-suites\/\">Chambres et suites<\/a><br \/>\n<hr>\n<\/li>\n<li><a href=\"https:\/\/ayurmana.in\/fr\/ayurveda-packages-kerala\/\">Nos offres<\/a><br \/>\n<hr>\n<\/li>\n<li><a href=\"https:\/\/ayurmana.in\/fr\/reservation-de-chambre\/\">R\u00e9servation de chambre<\/a><br \/>\n<hr>\n<\/li>\n<li><a href=\"https:\/\/ayurmana.in\/fr\/faq\/\">FAQ<\/a><\/li>\n<\/ul>\n[\/vc_column_text][\/vc_column][\/vc_row][vc_row css=&#8221;.vc_custom_1577041453934{padding-top: 6px !important;}&#8221;][vc_column width=&#8221;1\/2&#8243;][vc_message message_box_color=&#8221;mulled_wine&#8221;]\n<p><strong>Causes communes<\/strong><\/p>\n[\/vc_message][vc_column_text]\n<ul>\n<li>Spondylite \/ spondylose<\/li>\n<li>Hernie discale et\/ou bombement discal<\/li>\n<li>La discopathie d\u00e9g\u00e9n\u00e9rative<\/li>\n<li>Sciatique<\/li>\n<li>St\u00e9nose spinale<\/li>\n<li>Syndromes des facettes<\/li>\n<li>Spondylolisth\u00e9sis<\/li>\n<li>Blessures et accidents<\/li>\n<li>Spasmes musculaires<\/li>\n<\/ul>\n[\/vc_column_text][\/vc_column][vc_column width=&#8221;1\/2&#8243;][vc_message message_box_color=&#8221;mulled_wine&#8221;]\n<p><strong>Que peut-on attendre de notre programme ?<\/strong><\/p>\n[\/vc_message][vc_column_text]\n<ul>\n<li>\u00c9liminer les douleurs et les raideurs<\/li>\n<li>Retrouver la mobilit\u00e9 et la flexibilit\u00e9<\/li>\n<li>Renforcer les muscles du dos<\/li>\n<li>R\u00e9parer les l\u00e9sions articulaires et la perte osseuse<\/li>\n<li>Inverser la cause de la maladie<\/li>\n<li>Retour \u00e0 la vie active<\/li>\n<\/ul>\n[\/vc_column_text][\/vc_column][\/vc_row][vc_row][vc_column width=&#8221;2\/3&#8243;][\/vc_column][vc_column width=&#8221;1\/3&#8243; offset=&#8221;vc_hidden-lg vc_hidden-md vc_hidden-sm&#8221;][vc_empty_space height=&#8221;55px&#8221;][vc_column_text]\n<h4>TESTIMONIALES<\/h4>\n<p><em>Je suis un professionnel de l&#8217;informatique et je souffrais de douleurs au cou et au dos. Chez Ayurmana, tous mes sympt\u00f4mes ont disparu en l&#8217;espace de quatre semaines. Je ne m&#8217;attendais pas \u00e0 une am\u00e9lioration aussi remarquable en si peu de temps<\/em>[\/vc_column_text][vc_column_text]\n<p style=\"text-align: right;\"><strong>Anand Kumar, Inde<\/strong><\/p>\n[\/vc_column_text][vc_column_text el_class=&#8221;rr-menu&#8221;]\n<h4>Liens rapides<\/h4>\n<ul>\n<li><a href=\"https:\/\/ayurmana.in\/fr\/chambres-et-suites\/\">Chambres et suites<\/a><br \/>\n<hr>\n<\/li>\n<li><a href=\"https:\/\/ayurmana.in\/fr\/ayurveda-packages-kerala\/\">Nos offres<\/a><br \/>\n<hr>\n<\/li>\n<li><a href=\"https:\/\/ayurmana.in\/fr\/reservation-de-chambre\/\">R\u00e9servation de chambre<\/a><br \/>\n<hr>\n<\/li>\n<li><a href=\"https:\/\/ayurmana.in\/fr\/faq\/\">FAQ<\/a><\/li>\n<\/ul>\n[\/vc_column_text][\/vc_column][\/vc_row]\n","protected":false},"excerpt":{"rendered":"<p>[vc_row css=&#8221;.vc_custom_1577696818480{padding-bottom: 6px !important;}&#8221;][vc_column width=&#8221;2\/3&#8243;][vc_column_text] Traitement ayurv\u00e9dique efficace contre le [&hellip;]<\/p>\n","protected":false},"author":1,"featured_media":0,"parent":0,"menu_order":0,"comment_status":"closed","ping_status":"closed","template":"","meta":{"_monsterinsights_skip_tracking":false,"_monsterinsights_sitenote_active":false,"_monsterinsights_sitenote_note":"","_monsterinsights_sitenote_category":0,"_joinchat":[],"footnotes":""},"class_list":["post-4815","page","type-page","status-publish","hentry"],"_links":{"self":[{"href":"https:\/\/ayurmana.in\/fr\/wp-json\/wp\/v2\/pages\/4815","targetHints":{"allow":["GET"]}}],"collection":[{"href":"https:\/\/ayurmana.in\/fr\/wp-json\/wp\/v2\/pages"}],"about":[{"href":"https:\/\/ayurmana.in\/fr\/wp-json\/wp\/v2\/types\/page"}],"author":[{"embeddable":true,"href":"https:\/\/ayurmana.in\/fr\/wp-json\/wp\/v2\/users\/1"}],"replies":[{"embeddable":true,"href":"https:\/\/ayurmana.in\/fr\/wp-json\/wp\/v2\/comments?post=4815"}],"version-history":[{"count":0,"href":"https:\/\/ayurmana.in\/fr\/wp-json\/wp\/v2\/pages\/4815\/revisions"}],"wp:attachment":[{"href":"https:\/\/ayurmana.in\/fr\/wp-json\/wp\/v2\/media?parent=4815"}],"curies":[{"name":"wp","href":"https:\/\/api.w.org\/{rel}","templated":true}]}}