{"id":4820,"date":"2019-11-22T15:23:14","date_gmt":"2019-11-22T09:53:14","guid":{"rendered":"https:\/\/www.ayurmana.in\/accident-vasculaire-cerebral\/"},"modified":"2023-10-18T14:19:32","modified_gmt":"2023-10-18T08:49:32","slug":"accident-vasculaire-cerebral","status":"publish","type":"page","link":"https:\/\/ayurmana.in\/fr\/accident-vasculaire-cerebral\/","title":{"rendered":"Accident vasculaire c\u00e9r\u00e9bral"},"content":{"rendered":"[vc_row css=&#8221;.vc_custom_1577700393330{padding-bottom: 6px !important;}&#8221;][vc_column width=&#8221;2\/3&#8243;][vc_column_text]\n<h1>Se remettre d&#8217;un accident vasculaire c\u00e9r\u00e9bral gr\u00e2ce \u00e0 un traitement ayurv\u00e9dique au Kerala<\/h1>\n[\/vc_column_text][vc_single_image image=&#8221;187&#8243; img_size=&#8221;large&#8221;][vc_column_text]\n<h3>R\u00e9adaptation et r\u00e9cup\u00e9ration apr\u00e8s un accident vasculaire c\u00e9r\u00e9bral.<br \/>\nAcc\u00e9l\u00e9rer et am\u00e9liorer la gu\u00e9rison gr\u00e2ce \u00e0 l&#8217;Ayurveda<\/h3>\n[\/vc_column_text][\/vc_column][vc_column width=&#8221;1\/3&#8243; offset=&#8221;vc_hidden-xs&#8221;][vc_empty_space height=&#8221;75px&#8221;][vc_column_text]\n<h4>TESTIMONIALES<\/h4>\n<p><em> J&#8217;ai subi deux accidents vasculaires c\u00e9r\u00e9braux cons\u00e9cutifs en l&#8217;espace de deux ans. La premi\u00e8re fois, cela a affect\u00e9 tout le c\u00f4t\u00e9 droit du corps, alors que je me r\u00e9tablissais progressivement, j&#8217;ai eu un deuxi\u00e8me incident et j&#8217;ai perdu la parole, la capacit\u00e9 d&#8217;avaler et tout le c\u00f4t\u00e9 gauche du corps s&#8217;est paralys\u00e9. On m&#8217;a emmen\u00e9e chez Ayurmana et personne n&#8217;a pu croire \u00e0 la rapidit\u00e9 avec laquelle j&#8217;ai retrouv\u00e9 une vie presque normale.<\/em>[\/vc_column_text][vc_column_text]\n<p style=\"text-align: right;\"><strong>Suhasini, Inde<\/strong><\/p>\n[\/vc_column_text][\/vc_column][\/vc_row][vc_row css=&#8221;.vc_custom_1577700326851{padding-top: 6px !important;padding-bottom: 6px !important;}&#8221;][vc_column width=&#8221;2\/3&#8243;][vc_column_text]L&#8217;accident vasculaire c\u00e9r\u00e9bral (AVC) est un \u00e9tat dans lequel il y a une perte rapide des fonctions c\u00e9r\u00e9brales caus\u00e9e par une perturbation de l&#8217;apport sanguin au cerveau. Il existe deux types principaux d&#8217;AVC : l&#8217;AVC isch\u00e9mique (d\u00fb \u00e0 un manque de circulation sanguine) caus\u00e9 par un blocage (thrombose ou embolie art\u00e9rielle) et l&#8217;AVC h\u00e9morragique (d\u00fb \u00e0 la rupture d&#8217;un vaisseau sanguin).<\/p>\n<p>Le patient peut perdre soudainement la capacit\u00e9 de bouger un ou plusieurs membres d&#8217;un c\u00f4t\u00e9 du corps, l&#8217;incapacit\u00e9 de comprendre ou de formuler un discours, ou l&#8217;incapacit\u00e9 de voir un c\u00f4t\u00e9 du champ visuel. Selon la zone du cerveau concern\u00e9e, des fonctions connexes sont affect\u00e9es.<\/p>\n<p>La vitesse et l&#8217;\u00e9tendue de la r\u00e9cup\u00e9ration apr\u00e8s un accident vasculaire c\u00e9r\u00e9bral d\u00e9pendent de nombreux facteurs, notamment de l&#8217;ampleur des l\u00e9sions c\u00e9r\u00e9brales, de la zone du cerveau touch\u00e9e, de l&#8217;\u00e2ge et de l&#8217;\u00e9tat de sant\u00e9 g\u00e9n\u00e9ral.<\/p>\n<p>La prise en charge ayurv\u00e9dique de l&#8217;AVC vise \u00e0 r\u00e9tablir autant que possible les fonctions perdues gr\u00e2ce \u00e0 des traitements, des exercices, un r\u00e9gime alimentaire et des routines qui stimulent et rajeunissent les cellules c\u00e9r\u00e9brales, renforcent et tonifient les muscles et am\u00e9liorent l&#8217;\u00e9tat de sant\u00e9 g\u00e9n\u00e9ral. Le traitement ayurv\u00e9dique du Kerala pour la prise en charge des accidents vasculaires c\u00e9r\u00e9braux est r\u00e9put\u00e9 dans le monde entier pour ses th\u00e9rapies et traitements extr\u00eamement efficaces qui aident \u00e0 r\u00e9cup\u00e9rer et \u00e0 se remettre d&#8217;une paralysie.[\/vc_column_text][\/vc_column][vc_column width=&#8221;1\/3&#8243; offset=&#8221;vc_hidden-xs&#8221;][vc_column_text el_class=&#8221;rr-menu&#8221;]\n<h4>Liens rapides<\/h4>\n<ul>\n<li><a href=\"https:\/\/ayurmana.in\/fr\/chambres-et-suites\/\">Chambres et suites<\/a><br \/>\n<hr \/>\n<\/li>\n<li><a href=\"https:\/\/ayurmana.in\/fr\/ayurveda-packages-kerala\/\">Nos offres<\/a><br \/>\n<hr \/>\n<\/li>\n<li><a href=\"https:\/\/ayurmana.in\/fr\/reservation-de-chambre\/\">R\u00e9servation de chambre<\/a><br \/>\n<hr \/>\n<\/li>\n<li><a href=\"https:\/\/ayurmana.in\/fr\/faq\/\">FAQ<\/a><\/li>\n<\/ul>\n[\/vc_column_text][\/vc_column][\/vc_row][vc_row css=&#8221;.vc_custom_1577700407810{padding-top: 6px !important;}&#8221;][vc_column width=&#8221;1\/2&#8243;][vc_message message_box_color=&#8221;mulled_wine&#8221;]<strong>Causes communes<\/strong>[\/vc_message][vc_column_text]\n<ul>\n<li>L&#8217;ath\u00e9roscl\u00e9rose<\/li>\n<li>Hypertension art\u00e9rielle<\/li>\n<li>Fibrillation auriculaire<\/li>\n<li>Cholest\u00e9rol \u00e9lev\u00e9<\/li>\n<li>Diab\u00e8te sucr\u00e9<\/li>\n<li>R\u00e9gimes alimentaires malsains<\/li>\n<li>Mode de vie malsain<\/li>\n<li>Le stress<\/li>\n<li>Tendance h\u00e9r\u00e9ditaire<\/li>\n<\/ul>\n[\/vc_column_text][\/vc_column][vc_column width=&#8221;1\/2&#8243;][vc_message message_box_color=&#8221;mulled_wine&#8221;]<strong>Que pouvez-vous attendre de notre programme ?<\/strong>[\/vc_message][vc_column_text]\n<ul>\n<li>Acc\u00e9l\u00e9rer la r\u00e9cup\u00e9ration<\/li>\n<li>Mobilit\u00e9 et flexibilit\u00e9 accrues<\/li>\n<li>Am\u00e9lioration de la r\u00e9sistance<\/li>\n<li>Am\u00e9lioration de l&#8217;humeur<\/li>\n<li>Contr\u00f4ler les conditions associ\u00e9es<\/li>\n<li>Am\u00e9liorer les facult\u00e9s mentales<\/li>\n<\/ul>\n[\/vc_column_text][\/vc_column][\/vc_row][vc_row][vc_column width=&#8221;2\/3&#8243;][\/vc_column][vc_column width=&#8221;1\/3&#8243; offset=&#8221;vc_hidden-lg vc_hidden-md vc_hidden-sm&#8221;][vc_empty_space height=&#8221;55px&#8221;][vc_column_text]\n<h4>TESTIMONIALES<\/h4>\n<p><em> J&#8217;ai subi deux accidents vasculaires c\u00e9r\u00e9braux cons\u00e9cutifs en l&#8217;espace de deux ans. La premi\u00e8re fois, cela a affect\u00e9 tout le c\u00f4t\u00e9 droit du corps, alors que je me r\u00e9tablissais progressivement, j&#8217;ai eu un deuxi\u00e8me incident et j&#8217;ai perdu la parole, la capacit\u00e9 d&#8217;avaler et tout le c\u00f4t\u00e9 gauche du corps s&#8217;est paralys\u00e9. On m&#8217;a emmen\u00e9e chez Ayurmana et personne n&#8217;a pu croire \u00e0 la rapidit\u00e9 avec laquelle j&#8217;ai retrouv\u00e9 une vie presque normale.<\/em>[\/vc_column_text][vc_column_text]\n<p style=\"text-align: right;\"><strong>Suhasini, Inde<\/strong><\/p>\n[\/vc_column_text][vc_column_text el_class=&#8221;rr-menu&#8221;]\n<h4>Liens rapides<\/h4>\n<ul>\n<li><a href=\"https:\/\/ayurmana.in\/fr\/chambres-et-suites\/\">Chambres et suites<\/a><br \/>\n<hr \/>\n<\/li>\n<li><a href=\"https:\/\/ayurmana.in\/fr\/ayurveda-packages-kerala\/\">Nos offres<\/a><br \/>\n<hr \/>\n<\/li>\n<li><a href=\"https:\/\/ayurmana.in\/fr\/reservation-de-chambre\/\">R\u00e9servation de chambre<\/a><br \/>\n<hr \/>\n<\/li>\n<li><a href=\"https:\/\/ayurmana.in\/fr\/faq\/\">FAQ<\/a><\/li>\n<\/ul>\n[\/vc_column_text][\/vc_column][\/vc_row]\n","protected":false},"excerpt":{"rendered":"<p>[vc_row css=&#8221;.vc_custom_1577700393330{padding-bottom: 6px !important;}&#8221;][vc_column width=&#8221;2\/3&#8243;][vc_column_text] Se remettre d&#8217;un accident vasculaire [&hellip;]<\/p>\n","protected":false},"author":1,"featured_media":0,"parent":0,"menu_order":0,"comment_status":"closed","ping_status":"closed","template":"","meta":{"_monsterinsights_skip_tracking":false,"_monsterinsights_sitenote_active":false,"_monsterinsights_sitenote_note":"","_monsterinsights_sitenote_category":0,"_joinchat":[],"footnotes":""},"class_list":["post-4820","page","type-page","status-publish","hentry"],"_links":{"self":[{"href":"https:\/\/ayurmana.in\/fr\/wp-json\/wp\/v2\/pages\/4820","targetHints":{"allow":["GET"]}}],"collection":[{"href":"https:\/\/ayurmana.in\/fr\/wp-json\/wp\/v2\/pages"}],"about":[{"href":"https:\/\/ayurmana.in\/fr\/wp-json\/wp\/v2\/types\/page"}],"author":[{"embeddable":true,"href":"https:\/\/ayurmana.in\/fr\/wp-json\/wp\/v2\/users\/1"}],"replies":[{"embeddable":true,"href":"https:\/\/ayurmana.in\/fr\/wp-json\/wp\/v2\/comments?post=4820"}],"version-history":[{"count":0,"href":"https:\/\/ayurmana.in\/fr\/wp-json\/wp\/v2\/pages\/4820\/revisions"}],"wp:attachment":[{"href":"https:\/\/ayurmana.in\/fr\/wp-json\/wp\/v2\/media?parent=4820"}],"curies":[{"name":"wp","href":"https:\/\/api.w.org\/{rel}","templated":true}]}}