{"id":4822,"date":"2019-11-22T15:01:42","date_gmt":"2019-11-22T09:31:42","guid":{"rendered":"https:\/\/www.ayurmana.in\/sclerose-en-plaques\/"},"modified":"2023-10-18T15:09:37","modified_gmt":"2023-10-18T09:39:37","slug":"sclerose-en-plaques","status":"publish","type":"page","link":"https:\/\/ayurmana.in\/fr\/sclerose-en-plaques\/","title":{"rendered":"Scl\u00e9rose en plaques"},"content":{"rendered":"[vc_row css=&#8221;.vc_custom_1577041652761{padding-bottom: 6px !important;}&#8221;][vc_column width=&#8221;2\/3&#8243;][vc_column_text]\n<h1>Traitement ayurv\u00e9dique efficace de la scl\u00e9rose en plaques au Kerala (Inde)<\/h1>\n[\/vc_column_text][vc_single_image image=&#8221;177&#8243; img_size=&#8221;large&#8221;][vc_column_text]\n<h3>Ne laissez pas la scl\u00e9rose en plaques d\u00e9finir votre vie.<br \/>\nLes anciennes th\u00e9rapies ayurv\u00e9diques et le yoga aident \u00e0 ma\u00eetriser la SEP naturellement<\/h3>\n[\/vc_column_text][\/vc_column][vc_column width=&#8221;1\/3&#8243; offset=&#8221;vc_hidden-xs&#8221;][vc_empty_space height=&#8221;65px&#8221;][vc_column_text]\n<h4>TESTIMONIALES<\/h4>\n<p><em>Lorsqu&#8217;on m&#8217;a diagnostiqu\u00e9 une SEP-PP, les m\u00e9decins m&#8217;ont dit que je devais accepter la progression de la maladie et m&#8217;y adapter. J&#8217;ai cherch\u00e9 d&#8217;autres rem\u00e8des. Un autre patient atteint de scl\u00e9rose en plaques m&#8217;a sugg\u00e9r\u00e9 l&#8217;Ayurveda et cela a \u00e9t\u00e9 une r\u00e9v\u00e9lation. La progression de ma maladie s&#8217;est arr\u00eat\u00e9e et de nombreux sympt\u00f4mes se sont m\u00eame invers\u00e9s.  <\/em><\/p>\n[\/vc_column_text][vc_column_text]\n<p style=\"text-align: right;\"><strong>Anja Mahler, Allemagne<\/strong><\/p>\n[\/vc_column_text][vc_column_text]\n<p><em>J&#8217;\u00e9tais \u00e9tudiant en m\u00e9decine lorsqu&#8217;on m&#8217;a diagnostiqu\u00e9 une scl\u00e9rose en plaques. Je savais qu&#8217;il n&#8217;y avait pas de rem\u00e8de, mais mes parents m&#8217;ont forc\u00e9e \u00e0 suivre un traitement ayurv\u00e9dique. Je les remercie aujourd&#8217;hui de l&#8217;avoir fait. Mes sympt\u00f4mes ont compl\u00e8tement disparu sur une p\u00e9riode de 4 ans et tous les marqueurs IRM se sont invers\u00e9s.  <\/em><\/p>\n[\/vc_column_text][vc_column_text]\n<p style=\"text-align: right;\"><strong>Cintheya, Allemagne<\/strong><\/p>\n[\/vc_column_text][\/vc_column][\/vc_row][vc_row css=&#8221;.vc_custom_1577699863357{padding-top: 6px !important;padding-bottom: 6px !important;}&#8221;][vc_column width=&#8221;2\/3&#8243;][vc_column_text]\n<p>La scl\u00e9rose en plaques (SEP) est une maladie auto-immune d\u00e9bilitante qui affecte le cerveau, la moelle \u00e9pini\u00e8re et les nerfs optiques. Le syst\u00e8me immunitaire attaque et d\u00e9truit par erreur la gaine protectrice (my\u00e9line) qui recouvre les nerfs. Les l\u00e9sions de la my\u00e9line d\u00e9forment et interrompent les signaux en provenance et \u00e0 destination du cerveau et de la moelle \u00e9pini\u00e8re. Des recherches approfondies sont men\u00e9es dans le monde entier sur les patients atteints de scl\u00e9rose en plaques &#8211; depuis les modulateurs et suppresseurs immunitaires s\u00e9lectifs jusqu&#8217;\u00e0 la th\u00e9rapie par cellules souches &#8211; afin de trouver une solution. Cependant, le rem\u00e8de est rest\u00e9 insaisissable jusqu&#8217;\u00e0 aujourd&#8217;hui.<\/p>\n<p><strong>Il existe g\u00e9n\u00e9ralement 4 types de SEP.<\/strong><\/p>\n<p>1. La scl\u00e9rose en plaques r\u00e9currente-r\u00e9mittente (SEP-RR). 85 % des personnes atteintes de scl\u00e9rose en plaques sont initialement diagnostiqu\u00e9es comme souffrant de scl\u00e9rose en plaques r\u00e9currente. Les personnes atteintes de SEP-RR ont des \u00e9pisodes de SEP avec des intervalles de r\u00e9mission entre lesquels il n&#8217;y a presque pas de sympt\u00f4mes.<\/p>\n<p>2. La scl\u00e9rose en plaques secondairement progressive (SPMS). Dans le cas de la SEP, les sympt\u00f4mes s&#8217;aggravent r\u00e9guli\u00e8rement au fil du temps, avec ou sans intervalles. La SEP-RR se transforme en SEP-SP \u00e0 un moment ou \u00e0 un autre.<\/p>\n<p>3. SEP primaire progressive (SPP). 10 % des personnes atteintes de SEP re\u00e7oivent un diagnostic de SEP-PP caract\u00e9ris\u00e9e par une aggravation lente des sympt\u00f4mes d\u00e8s le d\u00e9but, sans intervalles.<\/p>\n<p>4. La scl\u00e9rose en plaques progressive-r\u00e9currente (SEPPR). Forme rare de SEP (5%), la SEP-RP s&#8217;aggrave r\u00e9guli\u00e8rement d\u00e8s le d\u00e9but, avec des exacerbations aigu\u00ebs.<\/p>\n[\/vc_column_text][\/vc_column][vc_column width=&#8221;1\/3&#8243; offset=&#8221;vc_hidden-xs&#8221;][vc_column_text el_class=&#8221;rr-menu&#8221;]\n<h4>Liens rapides<\/h4>\n<ul>\n<li><a href=\"https:\/\/ayurmana.in\/fr\/chambres-et-suites\/\">Chambres et suites<\/a><br \/>\n<hr>\n<\/li>\n<li><a href=\"https:\/\/ayurmana.in\/fr\/ayurveda-packages-kerala\/\">Nos offres<\/a><br \/>\n<hr>\n<\/li>\n<li><a href=\"https:\/\/ayurmana.in\/fr\/reservation-de-chambre\/\">R\u00e9servation de chambre<\/a><br \/>\n<hr>\n<\/li>\n<li><a href=\"https:\/\/ayurmana.in\/fr\/faq\/\">FAQ<\/a><\/li>\n<\/ul>\n[\/vc_column_text][\/vc_column][\/vc_row][vc_row css=&#8221;.vc_custom_1577699849628{padding-top: 6px !important;padding-bottom: 6px !important;}&#8221;][vc_column width=&#8221;2\/3&#8243;][vc_column_text]\n<p>Dharma Ayurveda a mis au point des modules de traitement cliniquement \u00e9prouv\u00e9s pour la scl\u00e9rose en plaques. Ces programmes de traitement ayurv\u00e9dique de la SEP combinent des th\u00e9rapies ayurv\u00e9diques, du yoga, un r\u00e9gime alimentaire et une nutrition sp\u00e9cifiques, ainsi que des suppl\u00e9ments \u00e0 base de plantes qui ont fait leurs preuves. Ils sont bas\u00e9s sur les approches de gu\u00e9rison de la famille du dharma, qui ont fait leurs preuves. Les pratiques de yoga sp\u00e9cialis\u00e9es &#8211; en particulier le pranayama et la m\u00e9ditation &#8211; qui compl\u00e8tent les puissantes th\u00e9rapies ayurv\u00e9diques, les pr\u00e9parations \u00e0 base de plantes et les r\u00e9gimes alimentaires personnalis\u00e9s ont aid\u00e9 ce traitement ayurv\u00e9dique profond pour la scl\u00e9rose en plaques au Kerala, \u00e0 gu\u00e9rir des centaines de patients atteints de cette maladie d\u00e9bilitante.<\/p>\n<p><strong>Le traitement vise \u00e0 :  <\/strong><\/p>\n<p>a. Calmer le syst\u00e8me immunitaire pour stopper l&#8217;activit\u00e9 de la maladie<br \/>\nb. Soulager l&#8217;inflammation des nerfs caus\u00e9e par la scl\u00e9rose en plaques.<br \/>\nc. Rajeunir les cellules productrices de my\u00e9line pour aider l&#8217;organisme \u00e0 r\u00e9parer la my\u00e9line endommag\u00e9e.<br \/>\nd. Activer les processus de l&#8217;organisme pour inverser et \u00e9liminer les cicatrices dans le SNC.<\/p>\n<p>Notre exp\u00e9rience du traitement des cas de SEP nous a permis de constater une nette am\u00e9lioration de la plupart des aspects de la maladie \u00e0 la suite d&#8217;un traitement ayurv\u00e9dique. Dans de nombreux cas, ceux qui ont \u00e9t\u00e9 trait\u00e9s par nous dans les premi\u00e8res ann\u00e9es de la scl\u00e9rose en plaques et qui ont suivi un r\u00e9gime ayurv\u00e9dique et un traitement annuel, m\u00eame les marqueurs de l&#8217;IRM ont \u00e9t\u00e9 invers\u00e9s au bout de quatre ou cinq ans.<\/p>\n<p>Sachez qu&#8217;un traitement pr\u00e9coce peut pr\u00e9venir, limiter ou au moins retarder le handicap, en minimisant les dommages caus\u00e9s au syst\u00e8me nerveux par la maladie.<\/p>\n[\/vc_column_text][\/vc_column][vc_column width=&#8221;1\/3&#8243;][\/vc_column][\/vc_row][vc_row css=&#8221;.vc_custom_1577041640280{padding-top: 6px !important;}&#8221;][vc_column width=&#8221;1\/2&#8243;][vc_message message_box_color=&#8221;mulled_wine&#8221;]\n<p><strong>Sympt\u00f4mes courants<\/strong><\/p>\n[\/vc_message][vc_column_text]\n<ul>\n<li>Fatigue<\/li>\n<li>Engourdissement \/ picotement \/ douleur<\/li>\n<li>Tremblement des membres ou parfois de la t\u00eate<\/li>\n<li>Probl\u00e8mes de marche, d&#8217;\u00e9quilibre et de coordination<\/li>\n<li>Changements de vision \/ perte de vision<\/li>\n<li>Spasticit\u00e9 musculaire<\/li>\n<li>Probl\u00e8mes de vessie \/ d&#8217;intestin<\/li>\n<li>B\u00e9gaiement \/ troubles de l&#8217;\u00e9locution<\/li>\n<li>D\u00e9pression \/ Dysfonctionnement \u00e9motionnel et cognitif<\/li>\n<\/ul>\n[\/vc_column_text][\/vc_column][vc_column width=&#8221;1\/2&#8243;][vc_message message_box_color=&#8221;mulled_wine&#8221;]\n<p><strong>Que pouvez-vous attendre de notre programme ?<\/strong><\/p>\n[\/vc_message][vc_column_text]\n<ul>\n<li>Am\u00e9lioration du niveau d&#8217;\u00e9nergie<\/li>\n<li>Am\u00e9lioration de l&#8217;\u00e9quilibre et des mouvements<\/li>\n<li>Am\u00e9lioration de l&#8217;\u00e9tat \u00e9motionnel<\/li>\n<li>R\u00e9duction de la spasticit\u00e9 musculaire<\/li>\n<li>Arr\u00eater \/ Inverser \/ Retarder la progression de la maladie<\/li>\n<li>Harmoniser l&#8217;esprit, le corps et l&#8217;\u00e2me<\/li>\n<\/ul>\n[\/vc_column_text][\/vc_column][\/vc_row][vc_row][vc_column width=&#8221;2\/3&#8243;][\/vc_column][vc_column width=&#8221;1\/3&#8243; offset=&#8221;vc_hidden-lg vc_hidden-md vc_hidden-sm&#8221;][vc_empty_space height=&#8221;55px&#8221;][vc_column_text]\n<h4>TESTIMONIALES<\/h4>\n<p><em>Lorsqu&#8217;on m&#8217;a diagnostiqu\u00e9 une SEP-PP, les m\u00e9decins m&#8217;ont dit que je devais accepter la progression de la maladie et m&#8217;y adapter. J&#8217;ai cherch\u00e9 d&#8217;autres rem\u00e8des. Un autre patient atteint de scl\u00e9rose en plaques m&#8217;a sugg\u00e9r\u00e9 l&#8217;Ayurveda et cela a \u00e9t\u00e9 une r\u00e9v\u00e9lation. La progression de ma maladie s&#8217;est arr\u00eat\u00e9e et de nombreux sympt\u00f4mes se sont m\u00eame invers\u00e9s.  <\/em><\/p>\n[\/vc_column_text][vc_column_text]\n<p style=\"text-align: right;\"><strong>Anja Mahler, Allemagne<\/strong><\/p>\n[\/vc_column_text][vc_column_text]\n<p><em>J&#8217;\u00e9tais \u00e9tudiant en m\u00e9decine lorsqu&#8217;on m&#8217;a diagnostiqu\u00e9 une scl\u00e9rose en plaques. Je savais qu&#8217;il n&#8217;y avait pas de rem\u00e8de, mais mes parents m&#8217;ont forc\u00e9e \u00e0 suivre un traitement ayurv\u00e9dique. Je les remercie aujourd&#8217;hui de l&#8217;avoir fait. Mes sympt\u00f4mes ont compl\u00e8tement disparu sur une p\u00e9riode de 4 ans et tous les marqueurs IRM se sont invers\u00e9s.  <\/em><\/p>\n[\/vc_column_text][vc_column_text]\n<p style=\"text-align: right;\"><strong>Cintheya, Allemagne<\/strong><\/p>\n[\/vc_column_text][vc_column_text el_class=&#8221;rr-menu&#8221;]\n<h4>Liens rapides<\/h4>\n<ul>\n<li><a href=\"https:\/\/ayurmana.in\/fr\/chambres-et-suites\/\">Chambres et suites<\/a><br \/>\n<hr>\n<\/li>\n<li><a href=\"https:\/\/ayurmana.in\/fr\/ayurveda-packages-kerala\/\">Nos offres<\/a><br \/>\n<hr>\n<\/li>\n<li><a href=\"https:\/\/ayurmana.in\/fr\/reservation-de-chambre\/\">R\u00e9servation de chambre<\/a><br \/>\n<hr>\n<\/li>\n<li><a href=\"https:\/\/ayurmana.in\/fr\/faq\/\">FAQ<\/a><\/li>\n<\/ul>\n[\/vc_column_text][\/vc_column][\/vc_row]\n","protected":false},"excerpt":{"rendered":"<p>[vc_row css=&#8221;.vc_custom_1577041652761{padding-bottom: 6px !important;}&#8221;][vc_column width=&#8221;2\/3&#8243;][vc_column_text] Traitement ayurv\u00e9dique efficace de la [&hellip;]<\/p>\n","protected":false},"author":1,"featured_media":0,"parent":0,"menu_order":0,"comment_status":"closed","ping_status":"closed","template":"","meta":{"_monsterinsights_skip_tracking":false,"_monsterinsights_sitenote_active":false,"_monsterinsights_sitenote_note":"","_monsterinsights_sitenote_category":0,"_joinchat":[],"footnotes":""},"class_list":["post-4822","page","type-page","status-publish","hentry"],"_links":{"self":[{"href":"https:\/\/ayurmana.in\/fr\/wp-json\/wp\/v2\/pages\/4822","targetHints":{"allow":["GET"]}}],"collection":[{"href":"https:\/\/ayurmana.in\/fr\/wp-json\/wp\/v2\/pages"}],"about":[{"href":"https:\/\/ayurmana.in\/fr\/wp-json\/wp\/v2\/types\/page"}],"author":[{"embeddable":true,"href":"https:\/\/ayurmana.in\/fr\/wp-json\/wp\/v2\/users\/1"}],"replies":[{"embeddable":true,"href":"https:\/\/ayurmana.in\/fr\/wp-json\/wp\/v2\/comments?post=4822"}],"version-history":[{"count":0,"href":"https:\/\/ayurmana.in\/fr\/wp-json\/wp\/v2\/pages\/4822\/revisions"}],"wp:attachment":[{"href":"https:\/\/ayurmana.in\/fr\/wp-json\/wp\/v2\/media?parent=4822"}],"curies":[{"name":"wp","href":"https:\/\/api.w.org\/{rel}","templated":true}]}}