{"id":4851,"date":"2019-11-22T15:33:15","date_gmt":"2019-11-22T10:03:15","guid":{"rendered":"https:\/\/www.ayurmana.in\/soins-capillaires\/"},"modified":"2023-10-18T15:15:23","modified_gmt":"2023-10-18T09:45:23","slug":"soins-capillaires","status":"publish","type":"page","link":"https:\/\/ayurmana.in\/fr\/soins-capillaires\/","title":{"rendered":"Soins capillaires"},"content":{"rendered":"[vc_row css=&#8221;.vc_custom_1577040106928{padding-bottom: 6px !important;}&#8221;][vc_column width=&#8221;2\/3&#8243;][vc_column_text]\n<h1>Restaurez et am\u00e9liorez vos cheveux gr\u00e2ce \u00e0 un traitement ayurv\u00e9dique<\/h1>\n[\/vc_column_text][vc_single_image image=&#8221;192&#8243; img_size=&#8221;large&#8221;][vc_column_text]\n<h3>Programme de soins capillaires<br \/>\nGardez vos cheveux et perdez votre grisaille<\/h3>\n[\/vc_column_text][\/vc_column][vc_column width=&#8221;1\/3&#8243; offset=&#8221;vc_hidden-xs&#8221;][vc_empty_space height=&#8221;65px&#8221;][vc_column_text]\n<h4>TESTIMONIALES<\/h4>\n<p><em>J&#8217;ai des probl\u00e8mes de chute de cheveux et de pellicules depuis mon adolescence. Lorsque ma chute de cheveux est devenue grossi\u00e8re et que mon cuir chevelu a commenc\u00e9 \u00e0 appara\u00eetre, j&#8217;ai commenc\u00e9 \u00e0 courir d&#8217;un m\u00e9decin \u00e0 l&#8217;autre. La plupart du temps, cela donnait des r\u00e9sultats, mais toujours temporaires, jusqu&#8217;\u00e0 ce que je suive un traitement ayurv\u00e9dique. Ma chute de cheveux s&#8217;est arr\u00eat\u00e9e, les pellicules ont disparu et mes cheveux sont devenus \u00e9pais et sains.<\/em>[\/vc_column_text][vc_column_text]\n<p style=\"text-align: right;\"><strong>Lengyel Judit, Hongrie<\/strong><\/p>\n[\/vc_column_text][vc_column_text]<em>J&#8217;ai commenc\u00e9 \u00e0 perdre des cheveux par plaques il y a quelques ann\u00e9es et cela a commenc\u00e9 \u00e0 augmenter. J&#8217;ai essay\u00e9 diff\u00e9rents m\u00e9dicaments, mais les patchs se sont multipli\u00e9s. Apr\u00e8s avoir \u00e9t\u00e9 trait\u00e9es chez Ayurmana, les plaques ont toutes repouss\u00e9 et il n&#8217;y a plus de nouvelles plaques.<\/em>[\/vc_column_text][vc_column_text]\n<p style=\"text-align: right;\"><strong>Jason Sawyer, \u00c9tats-Unis<\/strong><\/p>\n[\/vc_column_text][\/vc_column][\/vc_row][vc_row css=&#8221;.vc_custom_1577700937967{padding-top: 6px !important;padding-bottom: 6px !important;}&#8221;][vc_column width=&#8221;2\/3&#8243;][vc_column_text]Tr\u00e8s souvent, ce qui rehausse le charisme d&#8217;un homme ou l&#8217;attrait g\u00e9n\u00e9ral et le glamour d&#8217;une femme, ce sont ses cheveux.<br \/>\nNotre programme capillaire personnalis\u00e9 soigne, nourrit et renforce le cuir chevelu et chaque m\u00e8che de cheveux depuis la racine, garantissant que vos cheveux restent sains et beaux, avec leur vivacit\u00e9 naturelle et leur \u00e9clat radieux. Le traitement permet \u00e9galement de rem\u00e9dier \u00e0 la chute excessive des cheveux, \u00e0 l&#8217;alop\u00e9cie areata, au grisonnement pr\u00e9matur\u00e9, aux pellicules chroniques, etc.[\/vc_column_text][\/vc_column][vc_column width=&#8221;1\/3&#8243; offset=&#8221;vc_hidden-xs&#8221;][vc_column_text el_class=&#8221;rr-menu&#8221;]\n<h4>Liens rapides<\/h4>\n<ul>\n<li><a href=\"https:\/\/ayurmana.in\/fr\/chambres-et-suites\/\">Chambres et suites<\/a><br \/>\n<hr>\n<\/li>\n<li><a href=\"https:\/\/ayurmana.in\/fr\/ayurveda-packages-kerala\/\">Nos offres<\/a><br \/>\n<hr>\n<\/li>\n<li><a href=\"https:\/\/ayurmana.in\/fr\/reservation-de-chambre\/\">R\u00e9servation de chambre<\/a><br \/>\n<hr>\n<\/li>\n<li><a href=\"https:\/\/ayurmana.in\/fr\/faq\/\">FAQ<\/a><\/li>\n<\/ul>\n[\/vc_column_text][\/vc_column][\/vc_row][vc_row css=&#8221;.vc_custom_1577700995127{padding-top: 6px !important;}&#8221;][vc_column width=&#8221;1\/2&#8243;][vc_message message_box_color=&#8221;mulled_wine&#8221;]<strong>Plaintes courantes<\/strong>[\/vc_message][vc_column_text]\n<ul>\n<li>Cheveux ternes et sans vie<\/li>\n<li>Perte de cheveux par plaques<\/li>\n<li>L&#8217;amincissement des cheveux<\/li>\n<li>Pellicules chroniques<\/li>\n<li>Grisonnement pr\u00e9matur\u00e9<\/li>\n<li>Calvitie<\/li>\n<\/ul>\n[\/vc_column_text][\/vc_column][vc_column width=&#8221;1\/2&#8243;][vc_message message_box_color=&#8221;mulled_wine&#8221;]<strong>Que pouvez-vous attendre de notre programme ?<\/strong>[\/vc_message][vc_column_text]\n<ul>\n<li>Arr\u00eats chute de cheveux<\/li>\n<li>Renforce la brillance et l&#8217;\u00e9clat<\/li>\n<li>Gu\u00e9rit les troubles du cuir chevelu<\/li>\n<li>Nourrit les cheveux \u00e0 la racine<\/li>\n<li>Gu\u00e9rit les pellicules<\/li>\n<li>Favorise la croissance des cheveux<\/li>\n<\/ul>\n[\/vc_column_text][\/vc_column][\/vc_row][vc_row][vc_column width=&#8221;2\/3&#8243;][\/vc_column][vc_column width=&#8221;1\/3&#8243; offset=&#8221;vc_hidden-lg vc_hidden-md vc_hidden-sm&#8221;][vc_empty_space height=&#8221;55px&#8221;][vc_column_text]\n<h4>TESTIMONIALES<\/h4>\n<p><em>J&#8217;ai des probl\u00e8mes de chute de cheveux et de pellicules depuis mon adolescence. Lorsque ma chute de cheveux est devenue grossi\u00e8re et que mon cuir chevelu a commenc\u00e9 \u00e0 appara\u00eetre, j&#8217;ai commenc\u00e9 \u00e0 courir d&#8217;un m\u00e9decin \u00e0 l&#8217;autre. La plupart du temps, cela donnait des r\u00e9sultats, mais toujours temporaires, jusqu&#8217;\u00e0 ce que je suive un traitement ayurv\u00e9dique. Ma chute de cheveux s&#8217;est arr\u00eat\u00e9e, les pellicules ont disparu et mes cheveux sont devenus \u00e9pais et sains.<\/em>[\/vc_column_text][vc_column_text]\n<p style=\"text-align: right;\"><strong>Lengyel Judit, Hongrie<\/strong><\/p>\n[\/vc_column_text][vc_column_text]<em>J&#8217;ai commenc\u00e9 \u00e0 perdre des cheveux par plaques il y a quelques ann\u00e9es et cela a commenc\u00e9 \u00e0 augmenter. J&#8217;ai essay\u00e9 diff\u00e9rents m\u00e9dicaments, mais les patchs se sont multipli\u00e9s. Apr\u00e8s avoir \u00e9t\u00e9 trait\u00e9es chez Ayurmana, les plaques ont toutes repouss\u00e9 et il n&#8217;y a plus de nouvelles plaques.<\/em>[\/vc_column_text][vc_column_text]\n<p style=\"text-align: right;\"><strong>Jason Sawyer, \u00c9tats-Unis<\/strong><\/p>\n[\/vc_column_text][vc_column_text el_class=&#8221;rr-menu&#8221;]\n<h4>Liens rapides<\/h4>\n<ul>\n<li><a href=\"https:\/\/ayurmana.in\/fr\/chambres-et-suites\/\">Chambres et suites<\/a><br \/>\n<hr>\n<\/li>\n<li><a href=\"https:\/\/ayurmana.in\/fr\/ayurveda-packages-kerala\/\">Nos offres<\/a><br \/>\n<hr>\n<\/li>\n<li><a href=\"https:\/\/ayurmana.in\/fr\/reservation-de-chambre\/\">R\u00e9servation de chambre<\/a><br \/>\n<hr>\n<\/li>\n<li><a href=\"https:\/\/ayurmana.in\/fr\/faq\/\">FAQ<\/a><\/li>\n<\/ul>\n[\/vc_column_text][\/vc_column][\/vc_row]\n","protected":false},"excerpt":{"rendered":"<p>[vc_row css=&#8221;.vc_custom_1577040106928{padding-bottom: 6px !important;}&#8221;][vc_column width=&#8221;2\/3&#8243;][vc_column_text] Restaurez et am\u00e9liorez vos cheveux [&hellip;]<\/p>\n","protected":false},"author":1,"featured_media":0,"parent":0,"menu_order":0,"comment_status":"closed","ping_status":"closed","template":"","meta":{"_monsterinsights_skip_tracking":false,"_monsterinsights_sitenote_active":false,"_monsterinsights_sitenote_note":"","_monsterinsights_sitenote_category":0,"_joinchat":[],"footnotes":""},"class_list":["post-4851","page","type-page","status-publish","hentry"],"_links":{"self":[{"href":"https:\/\/ayurmana.in\/fr\/wp-json\/wp\/v2\/pages\/4851","targetHints":{"allow":["GET"]}}],"collection":[{"href":"https:\/\/ayurmana.in\/fr\/wp-json\/wp\/v2\/pages"}],"about":[{"href":"https:\/\/ayurmana.in\/fr\/wp-json\/wp\/v2\/types\/page"}],"author":[{"embeddable":true,"href":"https:\/\/ayurmana.in\/fr\/wp-json\/wp\/v2\/users\/1"}],"replies":[{"embeddable":true,"href":"https:\/\/ayurmana.in\/fr\/wp-json\/wp\/v2\/comments?post=4851"}],"version-history":[{"count":0,"href":"https:\/\/ayurmana.in\/fr\/wp-json\/wp\/v2\/pages\/4851\/revisions"}],"wp:attachment":[{"href":"https:\/\/ayurmana.in\/fr\/wp-json\/wp\/v2\/media?parent=4851"}],"curies":[{"name":"wp","href":"https:\/\/api.w.org\/{rel}","templated":true}]}}