{"id":4864,"date":"2019-11-22T15:49:35","date_gmt":"2019-11-22T10:19:35","guid":{"rendered":"https:\/\/www.ayurmana.in\/soins-de-la-peau\/"},"modified":"2023-10-18T14:32:34","modified_gmt":"2023-10-18T09:02:34","slug":"soins-de-la-peau","status":"publish","type":"page","link":"https:\/\/ayurmana.in\/fr\/soins-de-la-peau\/","title":{"rendered":"Soins de la peau"},"content":{"rendered":"[vc_row css=&#8221;.vc_custom_1577703168992{padding-bottom: 6px !important;}&#8221;][vc_column width=&#8221;2\/3&#8243;][vc_column_text]\n<h1>Traitement ayurv\u00e9dique du psoriasis et de l&#8217;ecz\u00e9ma au Kerala<\/h1>\n[\/vc_column_text][vc_single_image image=&#8221;200&#8243; img_size=&#8221;large&#8221;][vc_column_text]\n<h3>Une peau radieuse et \u00e9clatante pour une beaut\u00e9 \u00e9clatante<\/h3>\n[\/vc_column_text][\/vc_column][vc_column width=&#8221;1\/3&#8243; offset=&#8221;vc_hidden-xs&#8221;][vc_empty_space height=&#8221;95px&#8221;][vc_column_text]\n<h4>TESTIMONIALES<\/h4>\n<p><em>Les taches blanches sur la poitrine, le visage et les bras m&#8217;ont rendu d\u00e9pressif au-del\u00e0 de toute compr\u00e9hension. J&#8217;ai essay\u00e9 tous les traitements \u00e0 ma disposition. Mais il n&#8217;y a pas eu d&#8217;am\u00e9lioration notable. J&#8217;ai suivi un traitement chez ayurmana sur recommandation d&#8217;un ami et, \u00e0 ma grande surprise, les plaques ont commenc\u00e9 \u00e0 se pigmenter. Je suis vraiment \u00e9merveill\u00e9e par ce syst\u00e8me de m\u00e9decine naturelle en provenance de l&#8217;Inde.<\/em><\/p>\n[\/vc_column_text][vc_column_text]\n<p style=\"text-align: right;\"><strong>Adalberta Pinto, Italie<\/strong><\/p>\n[\/vc_column_text][\/vc_column][\/vc_row][vc_row css=&#8221;.vc_custom_1577703189000{padding-top: 6px !important;padding-bottom: 6px !important;}&#8221;][vc_column width=&#8221;2\/3&#8243;][vc_column_text]Ayurmana propose des programmes sp\u00e9cialis\u00e9s de traitement du corps entier qui nettoient et nourrissent de l&#8217;int\u00e9rieur pour r\u00e9v\u00e9ler une peau saine, tonique et souple, fra\u00eeche et radieuse. Le programme peut inclure des r\u00e9gimes de d\u00e9sintoxication, des suppl\u00e9ments naturels profond\u00e9ment nourrissants et curatifs, des gommages, des th\u00e9rapies hydratantes \u00e0 base d&#8217;huiles essentielles, d&#8217;extraits de fruits et de recettes naturelles \u00e0 base de plantes, ainsi que du yoga et de la m\u00e9ditation. Cette cure ayurv\u00e9dique compl\u00e8te est efficace pour un large \u00e9ventail de maladies de la peau. AyurMana est le meilleur centre de traitement ayurv\u00e9dique pour le psoriasis, l&#8217;ecz\u00e9ma et diverses dermatites \u00e0 Trivandrum Kerala en Inde.[\/vc_column_text][\/vc_column][vc_column width=&#8221;1\/3&#8243; offset=&#8221;vc_hidden-xs&#8221;][vc_column_text el_class=&#8221;rr-menu&#8221;]\n<h4>Liens rapides<\/h4>\n<ul>\n<li><a href=\"https:\/\/ayurmana.in\/fr\/chambres-et-suites\/\">Chambres et suites<\/a><br \/>\n<hr \/>\n<\/li>\n<li><a href=\"https:\/\/ayurmana.in\/fr\/ayurveda-packages-kerala\/\">Nos offres<\/a><br \/>\n<hr \/>\n<\/li>\n<li><a href=\"https:\/\/ayurmana.in\/fr\/reservation-de-chambre\/\">R\u00e9servation de chambre<\/a><br \/>\n<hr \/>\n<\/li>\n<li><a href=\"https:\/\/ayurmana.in\/fr\/faq\/\">FAQ<\/a><\/li>\n<\/ul>\n[\/vc_column_text][\/vc_column][\/vc_row][vc_row][vc_column width=&#8221;1\/2&#8243;][vc_message message_box_color=&#8221;mulled_wine&#8221;]\n<p><strong>Plaintes courantes<\/strong><\/p>\n[\/vc_message][vc_column_text]\n<ul>\n<li>Acn\u00e9<\/li>\n<li>Peau terne et sans vie<\/li>\n<li>Ecz\u00e9ma<\/li>\n<li>Taches de rousseur et pigmentation fonc\u00e9e<\/li>\n<li>Peau s\u00e8che et craquel\u00e9e<\/li>\n<li>Dermatite<\/li>\n<li>Teint in\u00e9gal<\/li>\n<li>Allergies cutan\u00e9es chroniques<\/li>\n<li>\u00c9paississement de la peau<\/li>\n<\/ul>\n[\/vc_column_text][\/vc_column][vc_column width=&#8221;1\/2&#8243;][vc_message message_box_color=&#8221;mulled_wine&#8221;]\n<p><strong>Que pouvez-vous attendre de notre programme ?<\/strong><\/p>\n[\/vc_message][vc_column_text]\n<ul>\n<li>Une peau souple et \u00e9clatante<\/li>\n<li>Teint uniforme et sain<\/li>\n<li>Gu\u00e9rit les maladies de la peau<\/li>\n<li>\u00c9quilibre le pH et les niveaux d&#8217;hydratation de la peau<\/li>\n<li>Exfolie pour r\u00e9v\u00e9ler une peau fra\u00eeche<\/li>\n<li>Sensation g\u00e9n\u00e9rale de l\u00e9g\u00e8ret\u00e9 et de jeunesse<\/li>\n<\/ul>\n[\/vc_column_text][\/vc_column][\/vc_row][vc_row][vc_column width=&#8221;2\/3&#8243;][\/vc_column][vc_column width=&#8221;1\/3&#8243; offset=&#8221;vc_hidden-lg vc_hidden-md vc_hidden-sm&#8221;][vc_empty_space height=&#8221;55px&#8221;][vc_column_text]\n<h4>TESTIMONIALES<\/h4>\n<p><em>Les taches blanches sur la poitrine, le visage et les bras m&#8217;ont rendu d\u00e9pressif au-del\u00e0 de toute compr\u00e9hension. J&#8217;ai essay\u00e9 tous les traitements \u00e0 ma disposition. Mais il n&#8217;y a pas eu d&#8217;am\u00e9lioration notable. J&#8217;ai suivi un traitement chez ayurmana sur recommandation d&#8217;un ami et, \u00e0 ma grande surprise, les plaques ont commenc\u00e9 \u00e0 se pigmenter. Je suis vraiment \u00e9merveill\u00e9e par ce syst\u00e8me de m\u00e9decine naturelle en provenance de l&#8217;Inde.<\/em><\/p>\n[\/vc_column_text][vc_column_text]\n<p style=\"text-align: right;\"><strong>Adalberta Pinto, Italie<\/strong><\/p>\n[\/vc_column_text][vc_column_text el_class=&#8221;rr-menu&#8221;]\n<h4>Liens rapides<\/h4>\n<ul>\n<li><a href=\"https:\/\/ayurmana.in\/fr\/chambres-et-suites\/\">Chambres et suites<\/a><br \/>\n<hr \/>\n<\/li>\n<li><a href=\"https:\/\/ayurmana.in\/fr\/ayurveda-packages-kerala\/\">Nos offres<\/a><br \/>\n<hr \/>\n<\/li>\n<li><a href=\"https:\/\/ayurmana.in\/fr\/reservation-de-chambre\/\">R\u00e9servation de chambre<\/a><br \/>\n<hr \/>\n<\/li>\n<li><a href=\"https:\/\/ayurmana.in\/fr\/faq\/\">FAQ<\/a><\/li>\n<\/ul>\n[\/vc_column_text][\/vc_column][\/vc_row]\n","protected":false},"excerpt":{"rendered":"<p>[vc_row css=&#8221;.vc_custom_1577703168992{padding-bottom: 6px !important;}&#8221;][vc_column width=&#8221;2\/3&#8243;][vc_column_text] Traitement ayurv\u00e9dique du psoriasis et [&hellip;]<\/p>\n","protected":false},"author":1,"featured_media":0,"parent":0,"menu_order":0,"comment_status":"closed","ping_status":"closed","template":"","meta":{"_monsterinsights_skip_tracking":false,"_monsterinsights_sitenote_active":false,"_monsterinsights_sitenote_note":"","_monsterinsights_sitenote_category":0,"_joinchat":[],"footnotes":""},"class_list":["post-4864","page","type-page","status-publish","hentry"],"_links":{"self":[{"href":"https:\/\/ayurmana.in\/fr\/wp-json\/wp\/v2\/pages\/4864","targetHints":{"allow":["GET"]}}],"collection":[{"href":"https:\/\/ayurmana.in\/fr\/wp-json\/wp\/v2\/pages"}],"about":[{"href":"https:\/\/ayurmana.in\/fr\/wp-json\/wp\/v2\/types\/page"}],"author":[{"embeddable":true,"href":"https:\/\/ayurmana.in\/fr\/wp-json\/wp\/v2\/users\/1"}],"replies":[{"embeddable":true,"href":"https:\/\/ayurmana.in\/fr\/wp-json\/wp\/v2\/comments?post=4864"}],"version-history":[{"count":0,"href":"https:\/\/ayurmana.in\/fr\/wp-json\/wp\/v2\/pages\/4864\/revisions"}],"wp:attachment":[{"href":"https:\/\/ayurmana.in\/fr\/wp-json\/wp\/v2\/media?parent=4864"}],"curies":[{"name":"wp","href":"https:\/\/api.w.org\/{rel}","templated":true}]}}