{"id":4872,"date":"2019-11-23T11:28:14","date_gmt":"2019-11-23T05:58:14","guid":{"rendered":"https:\/\/www.ayurmana.in\/dr-bahuleyan\/"},"modified":"2023-10-18T15:15:23","modified_gmt":"2023-10-18T09:45:23","slug":"dr-bahuleyan","status":"publish","type":"page","link":"https:\/\/ayurmana.in\/fr\/dr-bahuleyan\/","title":{"rendered":"Dr. Bahuleyan"},"content":{"rendered":"[vc_row curly_padding=&#8221;content-padding-xs&#8221;][vc_column width=&#8221;1\/3&#8243; curly_padding=&#8221;content-padding-xs&#8221;][vc_column_text]\n<h2>Feu Dr. Bahuleyan<\/h2>\n<h3>Notre lumi\u00e8re d&#8217;orientation<\/h3>\n[\/vc_column_text][vc_single_image image=&#8221;261&#8243; img_size=&#8221;medium&#8221; alignment=&#8221;center&#8221; style=&#8221;img-frame-large&#8221;][\/vc_column][vc_column width=&#8221;2\/3&#8243; curly_padding=&#8221;content-padding-xs&#8221;][vc_empty_space height=&#8221;125px&#8221;][vc_column_text]Feu le Dr Bahuleyan, le gu\u00e9risseur ayurv\u00e9dique le plus v\u00e9n\u00e9r\u00e9 de son \u00e9poque, a \u00e9t\u00e9 le guide et le porte-flambeau de l&#8217;approche unique et radicale de la famille dharma, vieille de plusieurs si\u00e8cles, en mati\u00e8re de gu\u00e9rison ayurv\u00e9dique.<\/p>\n<p>Au cours de sa carri\u00e8re de gu\u00e9risseur hors pair qui s&#8217;\u00e9tend sur plus de 50 ans, le Dr Bahuleyan a guid\u00e9 et nourri des centaines de m\u00e9decins ayurv\u00e9diques qui ont consacr\u00e9 leur vie \u00e0 la pratique authentique de l&#8217;art sacr\u00e9 de la gu\u00e9rison qu&#8217;est l&#8217;Ayurv\u00e9da.<\/p>\n<p>En 1965, le Dr Bahuleyan a cr\u00e9\u00e9 Dharma Ayurveda \u00e0 Trivandrum, \u00e0 Ayirooppara.<\/p>\n<p>Le c\u00e9l\u00e8bre gu\u00e9risseur ayurv\u00e9dique du Kerala, en Inde, a \u00e9t\u00e9 consultant sp\u00e9cialis\u00e9 aupr\u00e8s du gouvernement du Kerala et m\u00e9decin-chef au Government Ayurveda College Hospital, \u00e0 Thiruvananthapuram, au Kerala, en Inde.<\/p>\n<p>Il a \u00e9t\u00e9 directeur de l&#8217;ashram Santhigiri et directeur consultatif du groupe Santhigiri d&#8217;h\u00f4pitaux ayurv\u00e9diques \u00e0 Thiruvananthapuram, au Kerala, en Inde.<\/p>\n<p>Il \u00e9tait parrain de la Soci\u00e9t\u00e9 de la Croix-Rouge indienne, Thiruvananthapuram, Kerala. \u00c0 Maruthuamalai, il a construit l&#8217;ashram Dharma, qui offre des soins gratuits aux pauvres venus des villages les plus recul\u00e9s.<\/p>\n<p>Dharma Ayurveda s&#8217;est d\u00e9velopp\u00e9e en Inde et \u00e0 l&#8217;\u00e9tranger. Notre pr\u00e9sident fondateur \u00e9tait un humble, gentil et grand m\u00e9decin ayurv\u00e9dique du Kerala, en Inde. Dans nos c\u0153urs, il reste posthume.[\/vc_column_text][\/vc_column][\/vc_row]\n","protected":false},"excerpt":{"rendered":"<p>[vc_row curly_padding=&#8221;content-padding-xs&#8221;][vc_column width=&#8221;1\/3&#8243; curly_padding=&#8221;content-padding-xs&#8221;][vc_column_text] Feu Dr. Bahuleyan Notre lumi\u00e8re d&#8217;orientation [&hellip;]<\/p>\n","protected":false},"author":1,"featured_media":0,"parent":0,"menu_order":0,"comment_status":"closed","ping_status":"closed","template":"","meta":{"_monsterinsights_skip_tracking":false,"_monsterinsights_sitenote_active":false,"_monsterinsights_sitenote_note":"","_monsterinsights_sitenote_category":0,"_joinchat":[],"footnotes":""},"class_list":["post-4872","page","type-page","status-publish","hentry"],"_links":{"self":[{"href":"https:\/\/ayurmana.in\/fr\/wp-json\/wp\/v2\/pages\/4872","targetHints":{"allow":["GET"]}}],"collection":[{"href":"https:\/\/ayurmana.in\/fr\/wp-json\/wp\/v2\/pages"}],"about":[{"href":"https:\/\/ayurmana.in\/fr\/wp-json\/wp\/v2\/types\/page"}],"author":[{"embeddable":true,"href":"https:\/\/ayurmana.in\/fr\/wp-json\/wp\/v2\/users\/1"}],"replies":[{"embeddable":true,"href":"https:\/\/ayurmana.in\/fr\/wp-json\/wp\/v2\/comments?post=4872"}],"version-history":[{"count":0,"href":"https:\/\/ayurmana.in\/fr\/wp-json\/wp\/v2\/pages\/4872\/revisions"}],"wp:attachment":[{"href":"https:\/\/ayurmana.in\/fr\/wp-json\/wp\/v2\/media?parent=4872"}],"curies":[{"name":"wp","href":"https:\/\/api.w.org\/{rel}","templated":true}]}}