{"id":4879,"date":"2019-11-23T11:30:55","date_gmt":"2019-11-23T06:00:55","guid":{"rendered":"https:\/\/www.ayurmana.in\/dr-jayaprakash\/"},"modified":"2023-10-18T15:15:22","modified_gmt":"2023-10-18T09:45:22","slug":"dr-jayaprakash","status":"publish","type":"page","link":"https:\/\/ayurmana.in\/fr\/dr-jayaprakash\/","title":{"rendered":"Dr. Jayaprakash"},"content":{"rendered":"[vc_row curly_padding=&#8221;content-padding-xs&#8221;][vc_column width=&#8221;1\/3&#8243; curly_padding=&#8221;content-padding-xs&#8221;][vc_column_text]\n<h2>Dr. Jayaprakash<\/h2>\n[\/vc_column_text][vc_single_image image=&#8221;267&#8243; img_size=&#8221;medium&#8221; style=&#8221;img-frame-large&#8221;][\/vc_column][vc_column width=&#8221;2\/3&#8243;][vc_empty_space height=&#8221;50px&#8221;][vc_column_text]\n<h1>Meilleur m\u00e9decin ayurv\u00e9dique au Kerala (Inde)<\/h1>\n<p>Le Dr Jayaprakash est n\u00e9 dans la famille Dharma, des gu\u00e9risseurs ayurv\u00e9diques traditionnels depuis plus de neuf g\u00e9n\u00e9rations. Il a \u00e9t\u00e9 initi\u00e9 \u00e0 la gu\u00e9rison d\u00e8s son plus jeune \u00e2ge par son p\u00e8re, le c\u00e9l\u00e8bre m\u00e9decin ayurv\u00e9dique le plus v\u00e9n\u00e9r\u00e9 de son \u00e9poque, le Dr Bahuelyan. Il a poursuivi ses \u00e9tudes en m\u00e9decine et chirurgie ayurv\u00e9diques et est devenu l&#8217;un des pionniers de l&#8217;adaptation des concepts de l&#8217;Ayurveda \u00e0 la soci\u00e9t\u00e9 et au mode de vie modernes, avec une efficacit\u00e9 incroyable. Son travail a contribu\u00e9 \u00e0 la propagation et \u00e0 la pratique de l&#8217;Ayurveda en dehors du Kerala, dans toute l&#8217;Inde et \u00e0 l&#8217;\u00e9tranger. Le &#8220;Doctors Vest Book of Indian Medicine&#8221;, compil\u00e9 et publi\u00e9 par lui en 1995, est consid\u00e9r\u00e9 comme le manuel d\u00e9finitif pour les praticiens de la m\u00e9decine indienne &#8211; Ayurveda et Sidhha.<\/p>\n<p>Jayaprakash a explor\u00e9 et suivi les v\u00e9ritables racines de la m\u00e9decine indienne ancienne, ce qui lui a permis de d\u00e9couvrir de nombreux rem\u00e8des, techniques de traitement et modalit\u00e9s qui existaient pour plusieurs maladies incurables dans ce pays. Ses efforts et son d\u00e9sir de rendre la pareille \u00e0 ces soci\u00e9t\u00e9s tribales et aborig\u00e8nes ont conduit \u00e0 la cr\u00e9ation de l&#8217;organisation \u00e0 but non lucratif &#8220;Centre for Development of Indian Medicine&#8221;. L&#8217;organisation soutient les \u00e9tablissements tribaux et aborig\u00e8nes dans les for\u00eats et les villages recul\u00e9s d&#8217;attapadi, kallar, mukkali, maruthuamalai, etc. par le biais de camps m\u00e9dicaux gratuits, de traitements gratuits et de camps ophtalmologiques gratuits.<\/p>\n<p>Jayaprakash, qui est largement reconnu comme le meilleur m\u00e9decin ayurv\u00e9dique du Kerala, en Inde, dirige aujourd&#8217;hui Dharma Ayurveda et ses activit\u00e9s en Inde et \u00e0 l&#8217;\u00e9tranger. Il compte parmi ses clients des c\u00e9l\u00e9brit\u00e9s internationales, des scientifiques, des m\u00e9decins, des \u00e9crivains, des dirigeants nationaux, des l\u00e9gendes de l&#8217;industrie cin\u00e9matographique et musicale, des familles royales, etc.<\/p>\n[\/vc_column_text][\/vc_column][\/vc_row]\n","protected":false},"excerpt":{"rendered":"<p>[vc_row curly_padding=&#8221;content-padding-xs&#8221;][vc_column width=&#8221;1\/3&#8243; curly_padding=&#8221;content-padding-xs&#8221;][vc_column_text] Dr. Jayaprakash [\/vc_column_text][vc_single_image image=&#8221;267&#8243; img_size=&#8221;medium&#8221; style=&#8221;img-frame-large&#8221;][\/vc_column][vc_column [&hellip;]<\/p>\n","protected":false},"author":1,"featured_media":0,"parent":0,"menu_order":0,"comment_status":"closed","ping_status":"closed","template":"","meta":{"_monsterinsights_skip_tracking":false,"_monsterinsights_sitenote_active":false,"_monsterinsights_sitenote_note":"","_monsterinsights_sitenote_category":0,"_joinchat":[],"footnotes":""},"class_list":["post-4879","page","type-page","status-publish","hentry"],"_links":{"self":[{"href":"https:\/\/ayurmana.in\/fr\/wp-json\/wp\/v2\/pages\/4879","targetHints":{"allow":["GET"]}}],"collection":[{"href":"https:\/\/ayurmana.in\/fr\/wp-json\/wp\/v2\/pages"}],"about":[{"href":"https:\/\/ayurmana.in\/fr\/wp-json\/wp\/v2\/types\/page"}],"author":[{"embeddable":true,"href":"https:\/\/ayurmana.in\/fr\/wp-json\/wp\/v2\/users\/1"}],"replies":[{"embeddable":true,"href":"https:\/\/ayurmana.in\/fr\/wp-json\/wp\/v2\/comments?post=4879"}],"version-history":[{"count":0,"href":"https:\/\/ayurmana.in\/fr\/wp-json\/wp\/v2\/pages\/4879\/revisions"}],"wp:attachment":[{"href":"https:\/\/ayurmana.in\/fr\/wp-json\/wp\/v2\/media?parent=4879"}],"curies":[{"name":"wp","href":"https:\/\/api.w.org\/{rel}","templated":true}]}}