{"id":4886,"date":"2019-11-22T15:42:39","date_gmt":"2019-11-22T10:12:39","guid":{"rendered":"https:\/\/www.ayurmana.in\/rajeunissement\/"},"modified":"2023-10-18T14:40:06","modified_gmt":"2023-10-18T09:10:06","slug":"rajeunissement","status":"publish","type":"page","link":"https:\/\/ayurmana.in\/fr\/rajeunissement\/","title":{"rendered":"Rajeunissement"},"content":{"rendered":"[vc_row css=&#8221;.vc_custom_1577701476185{padding-bottom: 6px !important;}&#8221;][vc_column width=&#8221;2\/3&#8243;][vc_column_text]\r\n<h1>Rafra\u00eechissez et rajeunissez avec le programme de traitement ayurv\u00e9dique<\/h1>\r\n[\/vc_column_text][vc_single_image image=&#8221;196&#8243; img_size=&#8221;large&#8221;][vc_column_text]\r\n<h3>Inversez votre horloge biologique et rajeunissez votre apparence de plusieurs ann\u00e9es.<\/h3>\r\n[\/vc_column_text][\/vc_column][vc_column width=&#8221;1\/3&#8243; offset=&#8221;vc_hidden-xs&#8221;][vc_empty_space height=&#8221;65px&#8221;][vc_column_text]\r\n<h4>TESTIMONIALES<\/h4>\r\n<p><em>Je souffrais de fatigue chronique et d&#8217;humeur maussade. Le traitement ayurv\u00e9dique m&#8217;a totalement transform\u00e9. Je me sens rafra\u00eechi et renouvel\u00e9. Je n&#8217;aurais jamais pens\u00e9 retrouver une telle forme physique. <\/em>[\/vc_column_text][vc_column_text]\r\n<p style=\"text-align: right;\"><strong>Fiona, Royaume-Uni<\/strong><\/p>\r\n[\/vc_column_text][vc_column_text]\r\n<p><em>Il y a quelques ann\u00e9es, on m&#8217;a diagnostiqu\u00e9 un syndrome de fatigue chronique. J&#8217;ai subi des tests et des traitements approfondis sans aucun soulagement. Mais apr\u00e8s six semaines de traitement au rasayana, mon \u00e9tat de sant\u00e9 g\u00e9n\u00e9ral s&#8217;est consid\u00e9rablement am\u00e9lior\u00e9.<\/em><\/p>\r\n[\/vc_column_text][vc_column_text]\r\n<p style=\"text-align: right;\"><strong>Michelle Wurfel, Allemagne<\/strong><\/p>\r\n[\/vc_column_text][\/vc_column][\/vc_row][vc_row css=&#8221;.vc_custom_1577701489373{padding-top: 6px !important;padding-bottom: 6px !important;}&#8221;][vc_column width=&#8221;2\/3&#8243;][vc_column_text]<!-- \/wp:post-content --><\/p>\r\n<p><!-- wp:paragraph -->Le programme \u00e9prouv\u00e9 de Dharma procure un regain d&#8217;\u00e9nergie et nourrit l&#8217;esprit, laissant tout votre \u00eatre rafra\u00eechi et rajeuni. Ce programme de traitement personnalis\u00e9 est con\u00e7u par notre m\u00e9decin apr\u00e8s une consultation d\u00e9taill\u00e9e afin de r\u00e9pondre aux besoins uniques de votre corps. Les traitements et processus mill\u00e9naires d\u00e9toxifient votre corps de l&#8217;int\u00e9rieur et les puissantes formules ayurv\u00e9diques \u00e9labor\u00e9es \u00e0 partir de sources naturelles organiques nourrissent et renforcent votre immunit\u00e9 et donnent de l&#8217;\u00e9nergie \u00e0 l&#8217;ensemble du corps, qui s&#8217;en trouve rafra\u00eechi, renouvel\u00e9 et revitalis\u00e9.<\/p>\r\n<p><!-- \/wp:paragraph --><\/p>\r\n<p>&nbsp;<\/p>\r\n[\/vc_column_text][\/vc_column][vc_column width=&#8221;1\/3&#8243; offset=&#8221;vc_hidden-xs&#8221;][vc_column_text el_class=&#8221;rr-menu&#8221;]\r\n<h4>Liens rapides<\/h4>\r\n<ul>\r\n<li><a href=\"https:\/\/ayurmana.in\/fr\/chambres-et-suites\/\">Chambres et suites<\/a><br \/><hr \/><\/li>\r\n<li><a href=\"https:\/\/ayurmana.in\/fr\/ayurveda-packages-kerala\/\">Nos offres<\/a><br \/><hr \/><\/li>\r\n<li><a href=\"https:\/\/ayurmana.in\/fr\/reservation-de-chambre\/\">R\u00e9servation de chambre<\/a><br \/><hr \/><\/li>\r\n<li><a href=\"https:\/\/ayurmana.in\/fr\/faq\/\">FAQ<\/a><\/li>\r\n<\/ul>\r\n[\/vc_column_text][\/vc_column][\/vc_row][vc_row][vc_column width=&#8221;1\/2&#8243;][vc_message message_box_color=&#8221;mulled_wine&#8221;]\r\n<p><strong>Plaintes courantes<\/strong><\/p>\r\n[\/vc_message][vc_column_text]\r\n<ul>\r\n<li>Fatigue<\/li>\r\n<li>Faiblesse du syst\u00e8me nerveux<\/li>\r\n<li>Affaiblissement de l&#8217;immunit\u00e9<\/li>\r\n<li>Douleurs dorsales et articulaires<\/li>\r\n<li>Sautes d&#8217;humeur et sommeil perturb\u00e9<\/li>\r\n<li>Aspect fatigu\u00e9 et vieilli<\/li>\r\n<\/ul>\r\n[\/vc_column_text][\/vc_column][vc_column width=&#8221;1\/2&#8243;][vc_message message_box_color=&#8221;mulled_wine&#8221;]\r\n<p><strong>Que pouvez-vous attendre de notre programme ?<\/strong><\/p>\r\n[\/vc_message][vc_column_text]\r\n<ul>\r\n<li>Augmenter les niveaux d&#8217;\u00e9nergie<\/li>\r\n<li>Inverser les effets du vieillissement<\/li>\r\n<li>Renforce la force et l&#8217;immunit\u00e9<\/li>\r\n<li>Rajeunit le syst\u00e8me nerveux<\/li>\r\n<li>Am\u00e9liore le teint et la couleur de la peau<\/li>\r\n<li>Para\u00eetre et se sentir plus jeune<\/li>\r\n<\/ul>\r\n[\/vc_column_text][\/vc_column][\/vc_row][vc_row][vc_column width=&#8221;2\/3&#8243;][\/vc_column][vc_column width=&#8221;1\/3&#8243; offset=&#8221;vc_hidden-lg vc_hidden-md vc_hidden-sm&#8221;][vc_empty_space height=&#8221;55px&#8221;][vc_column_text]\r\n<h4>TESTIMONIALES<\/h4>\r\n<p><em>Je souffrais de fatigue chronique et d&#8217;humeur maussade. Le traitement ayurv\u00e9dique m&#8217;a totalement transform\u00e9. Je me sens rafra\u00eechi et renouvel\u00e9. Je n&#8217;aurais jamais pens\u00e9 retrouver une telle forme physique. <\/em>[\/vc_column_text][vc_column_text]\r\n<p style=\"text-align: right;\"><strong>Fiona, Royaume-Uni<\/strong><\/p>\r\n[\/vc_column_text][vc_column_text]\r\n<p><em>Il y a quelques ann\u00e9es, on m&#8217;a diagnostiqu\u00e9 un syndrome de fatigue chronique. J&#8217;ai subi des tests et des traitements approfondis sans aucun soulagement. Mais apr\u00e8s six semaines de traitement au rasayana, mon \u00e9tat de sant\u00e9 g\u00e9n\u00e9ral s&#8217;est consid\u00e9rablement am\u00e9lior\u00e9.<\/em><\/p>\r\n[\/vc_column_text][vc_column_text]\r\n<p style=\"text-align: right;\"><strong>Michelle Wurfel, Allemagne<\/strong><\/p>\r\n[\/vc_column_text][vc_column_text el_class=&#8221;rr-menu&#8221;]\r\n<h4>Liens rapides<\/h4>\r\n<ul>\r\n<li><a href=\"https:\/\/ayurmana.in\/fr\/chambres-et-suites\/\">Chambres et suites<\/a><br \/><hr \/><\/li>\r\n<li><a href=\"https:\/\/ayurmana.in\/fr\/ayurveda-packages-kerala\/\">Nos offres<\/a><br \/><hr \/><\/li>\r\n<li><a href=\"https:\/\/ayurmana.in\/fr\/reservation-de-chambre\/\">R\u00e9servation de chambre<\/a><br \/><hr \/><\/li>\r\n<li><a href=\"https:\/\/ayurmana.in\/fr\/faq\/\">FAQ<\/a><\/li>\r\n<\/ul>\r\n[\/vc_column_text][\/vc_column][\/vc_row]","protected":false},"excerpt":{"rendered":"<p>[vc_row css=&#8221;.vc_custom_1577701476185{padding-bottom: 6px !important;}&#8221;][vc_column width=&#8221;2\/3&#8243;][vc_column_text] Rafra\u00eechissez et rajeunissez avec le [&hellip;]<\/p>\n","protected":false},"author":1,"featured_media":0,"parent":0,"menu_order":0,"comment_status":"closed","ping_status":"closed","template":"","meta":{"_monsterinsights_skip_tracking":false,"_monsterinsights_sitenote_active":false,"_monsterinsights_sitenote_note":"","_monsterinsights_sitenote_category":0,"_joinchat":[],"footnotes":""},"class_list":["post-4886","page","type-page","status-publish","hentry"],"_links":{"self":[{"href":"https:\/\/ayurmana.in\/fr\/wp-json\/wp\/v2\/pages\/4886","targetHints":{"allow":["GET"]}}],"collection":[{"href":"https:\/\/ayurmana.in\/fr\/wp-json\/wp\/v2\/pages"}],"about":[{"href":"https:\/\/ayurmana.in\/fr\/wp-json\/wp\/v2\/types\/page"}],"author":[{"embeddable":true,"href":"https:\/\/ayurmana.in\/fr\/wp-json\/wp\/v2\/users\/1"}],"replies":[{"embeddable":true,"href":"https:\/\/ayurmana.in\/fr\/wp-json\/wp\/v2\/comments?post=4886"}],"version-history":[{"count":0,"href":"https:\/\/ayurmana.in\/fr\/wp-json\/wp\/v2\/pages\/4886\/revisions"}],"wp:attachment":[{"href":"https:\/\/ayurmana.in\/fr\/wp-json\/wp\/v2\/media?parent=4886"}],"curies":[{"name":"wp","href":"https:\/\/api.w.org\/{rel}","templated":true}]}}