{"id":4893,"date":"2019-11-23T11:32:19","date_gmt":"2019-11-23T06:02:19","guid":{"rendered":"https:\/\/www.ayurmana.in\/lalithabhai\/"},"modified":"2023-10-18T15:13:30","modified_gmt":"2023-10-18T09:43:30","slug":"lalithabhai","status":"publish","type":"page","link":"https:\/\/ayurmana.in\/fr\/lalithabhai\/","title":{"rendered":"Lalithabhai"},"content":{"rendered":"[vc_row curly_padding=&#8221;content-padding-xs&#8221;][vc_column width=&#8221;1\/3&#8243;][vc_column_text]\n<h3>Lalithabai Bahuleyan<br \/>\nDirecteur<\/h3>\n[\/vc_column_text][vc_single_image image=&#8221;273&#8243; img_size=&#8221;medium&#8221; style=&#8221;img-frame-large&#8221;][\/vc_column][vc_column width=&#8221;1\/3&#8243;][vc_empty_space height=&#8221;125px&#8221;][vc_column_text]\n<p style=\"text-align: left;\">Lalithabai Bahuleyan &#8211; &#8220;la m\u00e8re de la maison&#8221; &#8211; \u00e9tait enseignante de profession et est \u00e9galement consultante en naturopathie. Elle a suivi avec d\u00e9vouement la voie trac\u00e9e par le Dr Bahuleyan au fil des d\u00e9cennies au service des patients. Elle s&#8217;int\u00e9resse tout particuli\u00e8rement \u00e0 la conservation d&#8217;herbes m\u00e9dicinales rares et miraculeuses en voie d&#8217;extinction. Elle est \u00e9galement un &#8220;Maestro di cucina&#8221; en mati\u00e8re de r\u00e9gimes curatifs et de cuisine k\u00e9ralaise authentique.<\/p>\n[\/vc_column_text][\/vc_column][vc_column width=&#8221;1\/3&#8243;][\/vc_column][\/vc_row]\n","protected":false},"excerpt":{"rendered":"<p>[vc_row curly_padding=&#8221;content-padding-xs&#8221;][vc_column width=&#8221;1\/3&#8243;][vc_column_text] Lalithabai Bahuleyan Directeur [\/vc_column_text][vc_single_image image=&#8221;273&#8243; img_size=&#8221;medium&#8221; style=&#8221;img-frame-large&#8221;][\/vc_column][vc_column [&hellip;]<\/p>\n","protected":false},"author":1,"featured_media":0,"parent":0,"menu_order":0,"comment_status":"closed","ping_status":"closed","template":"","meta":{"_monsterinsights_skip_tracking":false,"_monsterinsights_sitenote_active":false,"_monsterinsights_sitenote_note":"","_monsterinsights_sitenote_category":0,"_joinchat":[],"footnotes":""},"class_list":["post-4893","page","type-page","status-publish","hentry"],"_links":{"self":[{"href":"https:\/\/ayurmana.in\/fr\/wp-json\/wp\/v2\/pages\/4893","targetHints":{"allow":["GET"]}}],"collection":[{"href":"https:\/\/ayurmana.in\/fr\/wp-json\/wp\/v2\/pages"}],"about":[{"href":"https:\/\/ayurmana.in\/fr\/wp-json\/wp\/v2\/types\/page"}],"author":[{"embeddable":true,"href":"https:\/\/ayurmana.in\/fr\/wp-json\/wp\/v2\/users\/1"}],"replies":[{"embeddable":true,"href":"https:\/\/ayurmana.in\/fr\/wp-json\/wp\/v2\/comments?post=4893"}],"version-history":[{"count":0,"href":"https:\/\/ayurmana.in\/fr\/wp-json\/wp\/v2\/pages\/4893\/revisions"}],"wp:attachment":[{"href":"https:\/\/ayurmana.in\/fr\/wp-json\/wp\/v2\/media?parent=4893"}],"curies":[{"name":"wp","href":"https:\/\/api.w.org\/{rel}","templated":true}]}}