{"id":4894,"date":"2019-11-23T11:31:44","date_gmt":"2019-11-23T06:01:44","guid":{"rendered":"https:\/\/www.ayurmana.in\/ambily\/"},"modified":"2023-10-18T15:12:19","modified_gmt":"2023-10-18T09:42:19","slug":"ambily","status":"publish","type":"page","link":"https:\/\/ayurmana.in\/fr\/ambily\/","title":{"rendered":"Ambily"},"content":{"rendered":"[vc_row css=&#8221;.vc_custom_1577793475730{padding-bottom: 10px !important;}&#8221;][vc_column width=&#8221;1\/3&#8243;][vc_column_text]\n<h2>Ambily Jayaprakash<\/h2>\n[\/vc_column_text][vc_single_image image=&#8221;2285&#8243; img_size=&#8221;medium&#8221; style=&#8221;img-frame-large&#8221;][\/vc_column][vc_column width=&#8221;2\/3&#8243;][vc_empty_space height=&#8221;25px&#8221;][vc_column_text]\n<h1>Meilleur professeur de yoga ayurv\u00e9dique \u00e0 Kerala (Inde)<\/h1>\n<p>Ambily Jayaprakash est un consultant en yoga et un gu\u00e9risseur \u00e9nerg\u00e9tique de renomm\u00e9e internationale. Elle forme et guide notre \u00e9quipe d&#8217;instructeurs de yoga qui exercent en Inde et \u00e0 l&#8217;\u00e9tranger.<br \/>\nAmbily a fait l&#8217;objet d&#8217;articles dans plusieurs magazines internationaux et a particip\u00e9 \u00e0 plusieurs \u00e9missions t\u00e9l\u00e9vis\u00e9es en Inde et au Moyen-Orient. Elle est consid\u00e9r\u00e9e comme l&#8217;une des meilleures enseignantes de yoga ayurv\u00e9dique et consultante en yoga au Kerala, en Inde.<br \/>\nElle donne r\u00e9guli\u00e8rement des cours de formation de professeurs de yoga certifi\u00e9s. Son travail actuel porte sur la recherche, le d\u00e9veloppement et la documentation du yoga dans les disciplines suivantes.<\/p>\n<ul>\n<li>\n<h4>Ayurveda Yoga<\/h4>\n<\/li>\n<li>\n<h4>Yoga th\u00e9rapeutique<\/h4>\n<\/li>\n<li>\n<h4>Yoga de la grossesse<\/h4>\n<\/li>\n<li>\n<h4>Yoga pour enfants<\/h4>\n<\/li>\n<li>\n<h4>Pilates yoga<\/h4>\n<\/li>\n<li>\n<h4>M\u00e9ditation de gu\u00e9rison<\/h4>\n<\/li>\n<li>\n<h4>Gu\u00e9rison des chakras<\/h4>\n<\/li>\n<li>\n<h4>Chants de gu\u00e9rison<\/h4>\n<\/li>\n<li>\n<h4>Mudras de gu\u00e9rison<\/h4>\n<\/li>\n<li>\n<h4>Musique de gu\u00e9rison<\/h4>\n<\/li>\n<\/ul>\n[\/vc_column_text][\/vc_column][\/vc_row]\n","protected":false},"excerpt":{"rendered":"<p>[vc_row css=&#8221;.vc_custom_1577793475730{padding-bottom: 10px !important;}&#8221;][vc_column width=&#8221;1\/3&#8243;][vc_column_text] Ambily Jayaprakash [\/vc_column_text][vc_single_image image=&#8221;2285&#8243; img_size=&#8221;medium&#8221; [&hellip;]<\/p>\n","protected":false},"author":1,"featured_media":0,"parent":0,"menu_order":0,"comment_status":"closed","ping_status":"closed","template":"","meta":{"_monsterinsights_skip_tracking":false,"_monsterinsights_sitenote_active":false,"_monsterinsights_sitenote_note":"","_monsterinsights_sitenote_category":0,"_joinchat":[],"footnotes":""},"class_list":["post-4894","page","type-page","status-publish","hentry"],"_links":{"self":[{"href":"https:\/\/ayurmana.in\/fr\/wp-json\/wp\/v2\/pages\/4894","targetHints":{"allow":["GET"]}}],"collection":[{"href":"https:\/\/ayurmana.in\/fr\/wp-json\/wp\/v2\/pages"}],"about":[{"href":"https:\/\/ayurmana.in\/fr\/wp-json\/wp\/v2\/types\/page"}],"author":[{"embeddable":true,"href":"https:\/\/ayurmana.in\/fr\/wp-json\/wp\/v2\/users\/1"}],"replies":[{"embeddable":true,"href":"https:\/\/ayurmana.in\/fr\/wp-json\/wp\/v2\/comments?post=4894"}],"version-history":[{"count":0,"href":"https:\/\/ayurmana.in\/fr\/wp-json\/wp\/v2\/pages\/4894\/revisions"}],"wp:attachment":[{"href":"https:\/\/ayurmana.in\/fr\/wp-json\/wp\/v2\/media?parent=4894"}],"curies":[{"name":"wp","href":"https:\/\/api.w.org\/{rel}","templated":true}]}}